{"id":9789,"date":"2024-08-01T12:43:59","date_gmt":"2024-08-01T10:43:59","guid":{"rendered":"https:\/\/silence.se\/shop\/uncategorized\/grisen-skriker-det-var-da-vi-kom-neonrosa-vinyl-release-23-aug\/"},"modified":"2024-08-27T12:06:31","modified_gmt":"2024-08-27T10:06:31","slug":"grisen-skriker-det-var-da-vi-kom-neonrosa-vinyl-release-23-aug","status":"publish","type":"product","link":"https:\/\/silence.se\/en\/shop\/grisen-skriker-en\/grisen-skriker-det-var-da-vi-kom-neonrosa-vinyl-release-23-aug\/","title":{"rendered":"GRISEN SKRIKER &#8211; Det var d\u00e5 vi kom &#8211; Neon Pink vinyl release 23 aug"},"content":{"rendered":"<p style=\"font-weight: 400\"><em>LP 1: Dansa tills du d\u00f6r, Ett tusen punks, M\u00f6glig svamp, T\u00e4nk om, Sextiofem, V\u00e5r tids folkmusik, Plast, Vi ska visa dom, En \u00f6l till.<\/em><\/p>\n<p style=\"font-weight: 400\"><em>LP 2: LIVE\u00a0 4an &#8211; En \u00f6l till, Direkt aktion, Grisen Skriker, Jag \u00e4r s\u00e5 dum, Vi ska visa dom, Sextiofem, Ett tusen punks<\/em><\/p>\n<p style=\"font-weight: 400\">Members:<br \/>\nHenrik Franz\u00e9n, vocal<br \/>\nHans Edstr\u00f6m, guitar, vocal<br \/>\nPer Edstr\u00f6m, guitar<br \/>\nMats Borg, drums<br \/>\nMartin S\u00f6rling, bass<br \/>\nOlle Berglund, guitar<\/p>\n<p>&nbsp;<\/p>\n<!-- AddThis Advanced Settings generic via filter on the_content --><!-- AddThis Share Buttons generic via filter on the_content -->","protected":false},"excerpt":{"rendered":"<p>LP 1: Dansa tills du d\u00f6r, Ett tusen punks, M\u00f6glig svamp, T\u00e4nk om, Sextiofem, V\u00e5r tids folkmusik, Plast, Vi ska visa dom, En \u00f6l till. LP 2: LIVE\u00a0 4an &#8211; En \u00f6l till, Direkt aktion, Grisen Skriker, Jag \u00e4r s\u00e5&#8230; <span class=\"readmore\"><a href=\"https:\/\/silence.se\/en\/shop\/grisen-skriker-en\/grisen-skriker-det-var-da-vi-kom-neonrosa-vinyl-release-23-aug\/\">Read more<\/a><\/span><!-- AddThis Advanced Settings generic via filter on wp_trim_excerpt --><!-- AddThis Share Buttons generic via filter on wp_trim_excerpt --><\/p>\n","protected":false},"featured_media":9714,"template":"","meta":{"_acf_changed":false,"_monsterinsights_skip_tracking":false,"_monsterinsights_sitenote_active":false,"_monsterinsights_sitenote_note":"","_monsterinsights_sitenote_category":0},"product_brand":[],"product_cat":[199],"product_tag":[266],"class_list":{"0":"post-9789","1":"product","2":"type-product","3":"status-publish","4":"has-post-thumbnail","6":"product_cat-grisen-skriker-en","7":"product_tag-lp-dubbel-vinyl-en","9":"first","10":"outofstock","11":"taxable","12":"shipping-taxable","13":"product-type-simple"},"acf":[],"_links":{"self":[{"href":"https:\/\/silence.se\/en\/wp-json\/wp\/v2\/product\/9789","targetHints":{"allow":["GET"]}}],"collection":[{"href":"https:\/\/silence.se\/en\/wp-json\/wp\/v2\/product"}],"about":[{"href":"https:\/\/silence.se\/en\/wp-json\/wp\/v2\/types\/product"}],"wp:featuredmedia":[{"embeddable":true,"href":"https:\/\/silence.se\/en\/wp-json\/wp\/v2\/media\/9714"}],"wp:attachment":[{"href":"https:\/\/silence.se\/en\/wp-json\/wp\/v2\/media?parent=9789"}],"wp:term":[{"taxonomy":"product_brand","embeddable":true,"href":"https:\/\/silence.se\/en\/wp-json\/wp\/v2\/product_brand?post=9789"},{"taxonomy":"product_cat","embeddable":true,"href":"https:\/\/silence.se\/en\/wp-json\/wp\/v2\/product_cat?post=9789"},{"taxonomy":"product_tag","embeddable":true,"href":"https:\/\/silence.se\/en\/wp-json\/wp\/v2\/product_tag?post=9789"}],"curies":[{"name":"wp","href":"https:\/\/api.w.org\/{rel}","templated":true}]}}