{"id":786,"date":"2013-06-20T15:41:51","date_gmt":"2013-06-20T13:41:51","guid":{"rendered":"http:\/\/silence.se.hemsida.eu\/product\/kebnekajse-resa-mot-okant-mal-2\/"},"modified":"2021-07-04T01:40:16","modified_gmt":"2021-07-03T23:40:16","slug":"resa-mot-okant-mal","status":"publish","type":"product","link":"https:\/\/silence.se\/en\/shop\/kebnekajse-en\/resa-mot-okant-mal\/","title":{"rendered":"Resa mot ok\u00e4nt m\u00e5l"},"content":{"rendered":"<p>Guitarist Kenny H\u00e5kansson formed this group after being a member of Baby Grandmothers and Mecki Mark Men. Kenny was often requested as a studio musician recognized as one of Sweden&#8217;s best and most personal guitarists. The sound was amazing for the time and still is. This debut were released 1971.<\/p>\n<p>1. T\u00e4nk p\u00e5 livet (Think about life)<br \/>\n2. Frestelser i stan (Temptations uptown)<br \/>\n3. Orientens Express<br \/>\n4. Resa mot ok\u00e4nt m\u00e5l (A travel to goal unknown)<br \/>\n5. Jag \u00e4lskar sommaren (I love summer)<br \/>\n6. F\u00f6rberedelser till fest ( Preparations for a party)<br \/>\n7. Kommunicera! ( Communicate!)<\/p>\n<p>Reissued 2001<\/p>\n<!-- AddThis Advanced Settings generic via filter on the_content --><!-- AddThis Share Buttons generic via filter on the_content -->","protected":false},"excerpt":{"rendered":"<p>Guitarist Kenny H\u00e5kansson formed this group after being a member of Baby Grandmothers and Mecki Mark Men. Kenny was often requested as a studio musician recognized as one of Sweden&#8217;s best and most personal guitarists. The sound was amazing for&#8230; <span class=\"readmore\"><a href=\"https:\/\/silence.se\/en\/shop\/kebnekajse-en\/resa-mot-okant-mal\/\">Read more<\/a><\/span><!-- AddThis Advanced Settings generic via filter on wp_trim_excerpt --><!-- AddThis Share Buttons generic via filter on wp_trim_excerpt --><\/p>\n","protected":false},"featured_media":904,"template":"","meta":{"_acf_changed":false,"_monsterinsights_skip_tracking":false,"_monsterinsights_sitenote_active":false,"_monsterinsights_sitenote_note":"","_monsterinsights_sitenote_category":0},"product_brand":[],"product_cat":[76],"product_tag":[16],"class_list":{"0":"post-786","1":"product","2":"type-product","3":"status-publish","4":"has-post-thumbnail","6":"product_cat-kebnekajse-en","7":"product_tag-cd-en","9":"first","10":"outofstock","11":"taxable","12":"shipping-taxable","13":"product-type-simple"},"acf":[],"_links":{"self":[{"href":"https:\/\/silence.se\/en\/wp-json\/wp\/v2\/product\/786","targetHints":{"allow":["GET"]}}],"collection":[{"href":"https:\/\/silence.se\/en\/wp-json\/wp\/v2\/product"}],"about":[{"href":"https:\/\/silence.se\/en\/wp-json\/wp\/v2\/types\/product"}],"wp:featuredmedia":[{"embeddable":true,"href":"https:\/\/silence.se\/en\/wp-json\/wp\/v2\/media\/904"}],"wp:attachment":[{"href":"https:\/\/silence.se\/en\/wp-json\/wp\/v2\/media?parent=786"}],"wp:term":[{"taxonomy":"product_brand","embeddable":true,"href":"https:\/\/silence.se\/en\/wp-json\/wp\/v2\/product_brand?post=786"},{"taxonomy":"product_cat","embeddable":true,"href":"https:\/\/silence.se\/en\/wp-json\/wp\/v2\/product_cat?post=786"},{"taxonomy":"product_tag","embeddable":true,"href":"https:\/\/silence.se\/en\/wp-json\/wp\/v2\/product_tag?post=786"}],"curies":[{"name":"wp","href":"https:\/\/api.w.org\/{rel}","templated":true}]}}