{"id":784,"date":"2013-06-20T15:24:51","date_gmt":"2013-06-20T13:24:51","guid":{"rendered":"http:\/\/silence.se.hemsida.eu\/product\/philemon-arthur-and-the-dung-musikens-historia-del-i-och-ii-2\/"},"modified":"2023-10-20T21:35:50","modified_gmt":"2023-10-20T19:35:50","slug":"musikens-historia-del-i-och-ii","status":"publish","type":"product","link":"https:\/\/silence.se\/en\/shop\/philemon-arthur-the-dung-en\/musikens-historia-del-i-och-ii\/","title":{"rendered":"Musikens historia del I och II"},"content":{"rendered":"<p>This is probably the most truly cult group in Sweden ever. Still after more than 30 years noone knows their identities (but us :-). Singing in their native dialect &#8220;Sk\u00e5nska&#8221; from the southern parts of Sweden and playing guitar, accordion, radiators and cookie jars this is music you can&#8217;t help loving. The lyrics are deep but funny and the music is, well undescribable&#8230;they won a Grammy and after that the industry closed the Grammy awards for 15 years! As a protest. This compilation holds all of the first album from 1972 and half of the cassette that was released in 1986 packed in a tin can. Rock&#8217;n Roll!<\/p>\n<p>01. In kommer G\u00f6sta<br \/>\n02. Du \u00e4r min enda v\u00e4n<br \/>\n03. Missan spinner<br \/>\n04. Subjekt och predikat<br \/>\n05. Dyngan rinner i takt<br \/>\n06. Om ni tycker jag undviker er<br \/>\n07. Ingenting i din hj\u00e4rna<br \/>\n08. Stanna d\u00e4r ni \u00e4r<br \/>\n09. Naturen<br \/>\n10. Scoutvisan<br \/>\n11. Jag vill va i fred<br \/>\n12. En liten stuga<br \/>\n13. Lille Pelle<br \/>\n14. Goddag G\u00f6sta<br \/>\n15. Min hund<br \/>\n16. Blomman<br \/>\n17. Mor Anka<br \/>\n18. Men va fanken<br \/>\n19. Henning i sin pressenning<br \/>\n20. Hedersmannen<br \/>\n21. All makt \u00e5t Folke<br \/>\n22. Den sista veckan<br \/>\n23. L\u00e5t den h\u00e4nga ute<br \/>\n24. Var \u00e4r flugsm\u00e4llen?<br \/>\n25. \u00d6desvalsen<br \/>\n26. Plocka p\u00e4ror<br \/>\n27. Allt detta heter Fille<br \/>\n28. Tr\u00e4dg\u00e5rdsm\u00e4staren (Villa\u00e4garens visa)<br \/>\n29. Jag m\u00e5r s\u00e5 illa<br \/>\n30. Djurvisa f\u00f6r barn<br \/>\n31. Det femte hjulet<br \/>\n32. Urnak \u00e4r tiden<br \/>\n33. Evighetsmaskinen<br \/>\n34. En f\u00f6rtorkad kaffeb\u00f6na<br \/>\n35. Om jag hade pj\u00e4xor<\/p>\n<p>Reissued 1992<\/p>\n<!-- AddThis Advanced Settings generic via filter on the_content --><!-- AddThis Share Buttons generic via filter on the_content -->","protected":false},"excerpt":{"rendered":"<p>This is probably the most truly cult group in Sweden ever. Still after more than 30 years noone knows their identities (but us :-). Singing in their native dialect &#8220;Sk\u00e5nska&#8221; from the southern parts of Sweden and playing guitar, accordion,&#8230; <span class=\"readmore\"><a href=\"https:\/\/silence.se\/en\/shop\/philemon-arthur-the-dung-en\/musikens-historia-del-i-och-ii\/\">Read more<\/a><\/span><!-- AddThis Advanced Settings generic via filter on wp_trim_excerpt --><!-- AddThis Share Buttons generic via filter on wp_trim_excerpt --><\/p>\n","protected":false},"featured_media":908,"template":"","meta":{"_acf_changed":false,"_monsterinsights_skip_tracking":false,"_monsterinsights_sitenote_active":false,"_monsterinsights_sitenote_note":"","_monsterinsights_sitenote_category":0},"product_brand":[],"product_cat":[98],"product_tag":[16],"class_list":{"0":"post-784","1":"product","2":"type-product","3":"status-publish","4":"has-post-thumbnail","6":"product_cat-philemon-arthur-the-dung-en","7":"product_tag-cd-en","9":"first","10":"outofstock","11":"taxable","12":"shipping-taxable","13":"product-type-simple"},"acf":[],"_links":{"self":[{"href":"https:\/\/silence.se\/en\/wp-json\/wp\/v2\/product\/784","targetHints":{"allow":["GET"]}}],"collection":[{"href":"https:\/\/silence.se\/en\/wp-json\/wp\/v2\/product"}],"about":[{"href":"https:\/\/silence.se\/en\/wp-json\/wp\/v2\/types\/product"}],"wp:featuredmedia":[{"embeddable":true,"href":"https:\/\/silence.se\/en\/wp-json\/wp\/v2\/media\/908"}],"wp:attachment":[{"href":"https:\/\/silence.se\/en\/wp-json\/wp\/v2\/media?parent=784"}],"wp:term":[{"taxonomy":"product_brand","embeddable":true,"href":"https:\/\/silence.se\/en\/wp-json\/wp\/v2\/product_brand?post=784"},{"taxonomy":"product_cat","embeddable":true,"href":"https:\/\/silence.se\/en\/wp-json\/wp\/v2\/product_cat?post=784"},{"taxonomy":"product_tag","embeddable":true,"href":"https:\/\/silence.se\/en\/wp-json\/wp\/v2\/product_tag?post=784"}],"curies":[{"name":"wp","href":"https:\/\/api.w.org\/{rel}","templated":true}]}}