{"id":780,"date":"2013-06-20T15:16:28","date_gmt":"2013-06-20T13:16:28","guid":{"rendered":"http:\/\/silence.se.hemsida.eu\/product\/kebnekajse-iii-2\/"},"modified":"2024-06-07T20:10:42","modified_gmt":"2024-06-07T18:10:42","slug":"lll","status":"publish","type":"product","link":"https:\/\/silence.se\/en\/shop\/kebnekajse-en\/lll\/","title":{"rendered":"Kebnekajse lll"},"content":{"rendered":"<p>This is the bands third album, released 1975, half Swedish folkrock based on tradtional fiddlers music and half psychedelica. The band was constantly touring and you can read all of their history over these three albums. English translation will be found at www.silnece.se\/artist. It&#8217;s well worth to take in.<\/p>\n<p>1. Leksands brudmarsch<br \/>\n2. Polska fr\u00e5n H\u00e4rjedalen<br \/>\n3. Eklundapolskan<br \/>\n4. S:t John<br \/>\n5. Sk\u00e4nkl\u00e5t till spelman<br \/>\n6. Polska fr\u00e5n Bingsj\u00f6<br \/>\n7. Balladen om bj\u00f6rnb\u00e4r och n\u00e4rmelon<br \/>\n8. Mariam\u00e0<\/p>\n<p>Reissued 2001<\/p>\n<!-- AddThis Advanced Settings generic via filter on the_content --><!-- AddThis Share Buttons generic via filter on the_content -->","protected":false},"excerpt":{"rendered":"<p>This is the bands third album, released 1975, half Swedish folkrock based on tradtional fiddlers music and half psychedelica. The band was constantly touring and you can read all of their history over these three albums. English translation will be&#8230; <span class=\"readmore\"><a href=\"https:\/\/silence.se\/en\/shop\/kebnekajse-en\/lll\/\">Read more<\/a><\/span><!-- AddThis Advanced Settings generic via filter on wp_trim_excerpt --><!-- AddThis Share Buttons generic via filter on wp_trim_excerpt --><\/p>\n","protected":false},"featured_media":903,"template":"","meta":{"_acf_changed":false,"_monsterinsights_skip_tracking":false,"_monsterinsights_sitenote_active":false,"_monsterinsights_sitenote_note":"","_monsterinsights_sitenote_category":0},"product_brand":[],"product_cat":[76],"product_tag":[16],"class_list":{"0":"post-780","1":"product","2":"type-product","3":"status-publish","4":"has-post-thumbnail","6":"product_cat-kebnekajse-en","7":"product_tag-cd-en","9":"first","10":"outofstock","11":"taxable","12":"shipping-taxable","13":"product-type-simple"},"acf":[],"_links":{"self":[{"href":"https:\/\/silence.se\/en\/wp-json\/wp\/v2\/product\/780","targetHints":{"allow":["GET"]}}],"collection":[{"href":"https:\/\/silence.se\/en\/wp-json\/wp\/v2\/product"}],"about":[{"href":"https:\/\/silence.se\/en\/wp-json\/wp\/v2\/types\/product"}],"wp:featuredmedia":[{"embeddable":true,"href":"https:\/\/silence.se\/en\/wp-json\/wp\/v2\/media\/903"}],"wp:attachment":[{"href":"https:\/\/silence.se\/en\/wp-json\/wp\/v2\/media?parent=780"}],"wp:term":[{"taxonomy":"product_brand","embeddable":true,"href":"https:\/\/silence.se\/en\/wp-json\/wp\/v2\/product_brand?post=780"},{"taxonomy":"product_cat","embeddable":true,"href":"https:\/\/silence.se\/en\/wp-json\/wp\/v2\/product_cat?post=780"},{"taxonomy":"product_tag","embeddable":true,"href":"https:\/\/silence.se\/en\/wp-json\/wp\/v2\/product_tag?post=780"}],"curies":[{"name":"wp","href":"https:\/\/api.w.org\/{rel}","templated":true}]}}