{"id":766,"date":"2013-06-20T14:51:46","date_gmt":"2013-06-20T12:51:46","guid":{"rendered":"http:\/\/silence.se.hemsida.eu\/product\/kai-martin-stick-vilddjur-genom-de-tysta-aren-1980-85-2\/"},"modified":"2020-01-27T21:05:04","modified_gmt":"2020-01-27T20:05:04","slug":"kai-martin-stick-vilddjur-genom-de-tysta-aren-1980-85","status":"publish","type":"product","link":"https:\/\/silence.se\/en\/shop\/kai-martin-stick-en\/kai-martin-stick-vilddjur-genom-de-tysta-aren-1980-85\/","title":{"rendered":"Vilddjur (genom de tysta \u00e5ren 1980-85)"},"content":{"rendered":"<p>Kai Martin &amp; Stick!, pioneers from Gothenburg started as a kind of art-punk band in 1980 but developed into a more symphonic arty rock, melodical and with great arrangements. This compilation mirrors the best of the group.<\/p>\n<p>01. Vi kunde vara allt<br \/>\n02. Man ska vara som ett vilddjur i \u00e5r<br \/>\n03. Paradoxal<br \/>\n04. Bl\u00e5tt ljus<br \/>\n05. Landskap<br \/>\n06. Urs\u00e4kter<br \/>\n07. R\u00f6r, r\u00f6r, r\u00f6r dig nu<br \/>\n08. Lust<br \/>\n09. Hj\u00e4rta av glas<br \/>\n10. Binder min tid<br \/>\n11. Bara s\u00e5 du vet<br \/>\n12. Spr\u00e5k<br \/>\n13. Den fria stilen<br \/>\n14. De nakna &amp; de \u00e4lskade<br \/>\n15. Dans \u00e4r synd<br \/>\n16. Silverskrin<br \/>\n17. Vad finns l\u00e4mnat kvar<\/p>\n<p>This compilation 1995<\/p>\n<!-- AddThis Advanced Settings generic via filter on the_content --><!-- AddThis Share Buttons generic via filter on the_content -->","protected":false},"excerpt":{"rendered":"<p>Kai Martin &amp; Stick!, pioneers from Gothenburg started as a kind of art-punk band in 1980 but developed into a more symphonic arty rock, melodical and with great arrangements. This compilation mirrors the best of the group. 01. Vi kunde&#8230; <span class=\"readmore\"><a href=\"https:\/\/silence.se\/en\/shop\/kai-martin-stick-en\/kai-martin-stick-vilddjur-genom-de-tysta-aren-1980-85\/\">Read more<\/a><\/span><!-- AddThis Advanced Settings generic via filter on wp_trim_excerpt --><!-- AddThis Share Buttons generic via filter on wp_trim_excerpt --><\/p>\n","protected":false},"featured_media":901,"template":"","meta":{"_acf_changed":false,"_monsterinsights_skip_tracking":false,"_monsterinsights_sitenote_active":false,"_monsterinsights_sitenote_note":"","_monsterinsights_sitenote_category":0},"product_brand":[],"product_cat":[144],"product_tag":[16],"class_list":{"0":"post-766","1":"product","2":"type-product","3":"status-publish","4":"has-post-thumbnail","6":"product_cat-kai-martin-stick-en","7":"product_tag-cd-en","9":"first","10":"outofstock","11":"taxable","12":"shipping-taxable","13":"product-type-simple"},"acf":[],"_links":{"self":[{"href":"https:\/\/silence.se\/en\/wp-json\/wp\/v2\/product\/766","targetHints":{"allow":["GET"]}}],"collection":[{"href":"https:\/\/silence.se\/en\/wp-json\/wp\/v2\/product"}],"about":[{"href":"https:\/\/silence.se\/en\/wp-json\/wp\/v2\/types\/product"}],"wp:featuredmedia":[{"embeddable":true,"href":"https:\/\/silence.se\/en\/wp-json\/wp\/v2\/media\/901"}],"wp:attachment":[{"href":"https:\/\/silence.se\/en\/wp-json\/wp\/v2\/media?parent=766"}],"wp:term":[{"taxonomy":"product_brand","embeddable":true,"href":"https:\/\/silence.se\/en\/wp-json\/wp\/v2\/product_brand?post=766"},{"taxonomy":"product_cat","embeddable":true,"href":"https:\/\/silence.se\/en\/wp-json\/wp\/v2\/product_cat?post=766"},{"taxonomy":"product_tag","embeddable":true,"href":"https:\/\/silence.se\/en\/wp-json\/wp\/v2\/product_tag?post=766"}],"curies":[{"name":"wp","href":"https:\/\/api.w.org\/{rel}","templated":true}]}}