{"id":750,"date":"2013-06-20T13:52:07","date_gmt":"2013-06-20T11:52:07","guid":{"rendered":"http:\/\/silence.se.hemsida.eu\/product\/hassan-vol-1-williamsparon-2\/"},"modified":"2014-03-24T11:24:14","modified_gmt":"2014-03-24T10:24:14","slug":"hassan-vol-1-williamsparon","status":"publish","type":"product","link":"https:\/\/silence.se\/en\/shop\/hassan-en\/hassan-vol-1-williamsparon\/","title":{"rendered":"Vol.1 &#8211; Williamsp\u00e4ron"},"content":{"rendered":"<p>01: Parkering<br \/>\n02: F\u00f6r\u00e4ldraf\u00f6reningen F\u00f6r Narkotika<br \/>\n03: \u00c4r Det Fel P\u00e5 Bilen?<br \/>\n04: Ungdomsblocket<br \/>\n05: Wienerkonditoriet<br \/>\n06: Do The Choka Choka<br \/>\n07: Schampo F\u00f6r Fett H\u00e5r<br \/>\n08: Allts\u00e5,s\u00e5 H\u00e4r Var Det &#8230;<br \/>\n09: Mc-klubben<br \/>\n10: Frodenkvist,&#8221;tv\u00e4ttskurken&#8221;<br \/>\n11: Sheraton,kairo<br \/>\n12: Baskaggen<br \/>\n13: P\u00e5 Museet<br \/>\n14: Kan Man R\u00f6ka Mor\u00f6tter?<br \/>\n15: Bukowskis<br \/>\n16: M\u00e5rten Rask,&#8221;vandringss\u00e4gner&#8221;<br \/>\n17: Elst\u00e4ngsel<br \/>\n18: L\u00e4get I Ryssland<br \/>\n19: Williamsp\u00e4ron<br \/>\n20: Nassau<br \/>\n21: Ja, Det \u00c4r Kristian<br \/>\n22: Hyrbil<br \/>\n23: \u00c4r Du Allvarlig<br \/>\n24: Meja<br \/>\n25: L\u00e5ssmeden<br \/>\n26: Roffes Morsa<br \/>\n27: Palindrom<br \/>\n28: Byxmode<\/p>\n<p>Released 1994<\/p>\n<!-- AddThis Advanced Settings generic via filter on the_content --><!-- AddThis Share Buttons generic via filter on the_content -->","protected":false},"excerpt":{"rendered":"<p>01: Parkering 02: F\u00f6r\u00e4ldraf\u00f6reningen F\u00f6r Narkotika 03: \u00c4r Det Fel P\u00e5 Bilen? 04: Ungdomsblocket 05: Wienerkonditoriet 06: Do The Choka Choka 07: Schampo F\u00f6r Fett H\u00e5r 08: Allts\u00e5,s\u00e5 H\u00e4r Var Det &#8230; 09: Mc-klubben 10: Frodenkvist,&#8221;tv\u00e4ttskurken&#8221; 11: Sheraton,kairo 12: Baskaggen&#8230; <span class=\"readmore\"><a href=\"https:\/\/silence.se\/en\/shop\/hassan-en\/hassan-vol-1-williamsparon\/\">Read more<\/a><\/span><!-- AddThis Advanced Settings generic via filter on wp_trim_excerpt --><!-- AddThis Share Buttons generic via filter on wp_trim_excerpt --><\/p>\n","protected":false},"featured_media":886,"template":"","meta":{"_acf_changed":false,"_monsterinsights_skip_tracking":false,"_monsterinsights_sitenote_active":false,"_monsterinsights_sitenote_note":"","_monsterinsights_sitenote_category":0},"product_brand":[],"product_cat":[141],"product_tag":[16],"class_list":{"0":"post-750","1":"product","2":"type-product","3":"status-publish","4":"has-post-thumbnail","6":"product_cat-hassan-en","7":"product_tag-cd-en","9":"first","10":"outofstock","11":"taxable","12":"shipping-taxable","13":"product-type-simple"},"acf":[],"_links":{"self":[{"href":"https:\/\/silence.se\/en\/wp-json\/wp\/v2\/product\/750","targetHints":{"allow":["GET"]}}],"collection":[{"href":"https:\/\/silence.se\/en\/wp-json\/wp\/v2\/product"}],"about":[{"href":"https:\/\/silence.se\/en\/wp-json\/wp\/v2\/types\/product"}],"wp:featuredmedia":[{"embeddable":true,"href":"https:\/\/silence.se\/en\/wp-json\/wp\/v2\/media\/886"}],"wp:attachment":[{"href":"https:\/\/silence.se\/en\/wp-json\/wp\/v2\/media?parent=750"}],"wp:term":[{"taxonomy":"product_brand","embeddable":true,"href":"https:\/\/silence.se\/en\/wp-json\/wp\/v2\/product_brand?post=750"},{"taxonomy":"product_cat","embeddable":true,"href":"https:\/\/silence.se\/en\/wp-json\/wp\/v2\/product_cat?post=750"},{"taxonomy":"product_tag","embeddable":true,"href":"https:\/\/silence.se\/en\/wp-json\/wp\/v2\/product_tag?post=750"}],"curies":[{"name":"wp","href":"https:\/\/api.w.org\/{rel}","templated":true}]}}