{"id":748,"date":"2013-06-20T13:49:58","date_gmt":"2013-06-20T11:49:58","guid":{"rendered":"http:\/\/silence.se.hemsida.eu\/product\/hassan-vol-2-minipizza-2\/"},"modified":"2014-03-24T11:24:47","modified_gmt":"2014-03-24T10:24:47","slug":"hassan-vol-2-minipizza","status":"publish","type":"product","link":"https:\/\/silence.se\/en\/shop\/hassan-en\/hassan-vol-2-minipizza\/","title":{"rendered":"Vol.2 &#8211; Minipizza"},"content":{"rendered":"<p>01. Taxi<br \/>\n02. Mynthandel<br \/>\n03. Radannons<br \/>\n04. H\u00f6kar\u00e4ngens blommor<br \/>\n05. Minoriteter i Stockholm<br \/>\n06. Ett starkt verb<br \/>\n07. Klarinettfett<br \/>\n08. P\u00e5 museet del II<br \/>\n09. Fel p\u00e5 TV:n<br \/>\n10. \u00c4r det du eller jag som l\u00e5ter?<br \/>\n11. Frodenkvist &#8220;Semesterbilder&#8221;<br \/>\n12. Tullen, H\u00e4lsingborg<br \/>\n13. Dalkullan<br \/>\n14. En barnbok<br \/>\n15. Paket till Egypten<br \/>\n16. En kikare<br \/>\n17. Minipizza<br \/>\n18. M\u00e5rten Rask &#8220;M\u00e4rkesdagar&#8221;<br \/>\n19. Kalle Anka<br \/>\n20. Kosmetologi<br \/>\n21. St\u00e4dhj\u00e4lp<br \/>\n22. Klamydiatest<br \/>\n23. Dubbeljapp<br \/>\n24. Stereodjungeln<br \/>\n25. Jarl Kulle<br \/>\n26. Sista minuten-resa<\/p>\n<p>Released 1994<\/p>\n<!-- AddThis Advanced Settings generic via filter on the_content --><!-- AddThis Share Buttons generic via filter on the_content -->","protected":false},"excerpt":{"rendered":"<p>01. Taxi 02. Mynthandel 03. Radannons 04. H\u00f6kar\u00e4ngens blommor 05. Minoriteter i Stockholm 06. Ett starkt verb 07. Klarinettfett 08. P\u00e5 museet del II 09. Fel p\u00e5 TV:n 10. \u00c4r det du eller jag som l\u00e5ter? 11. Frodenkvist &#8220;Semesterbilder&#8221; 12&#8230;. <span class=\"readmore\"><a href=\"https:\/\/silence.se\/en\/shop\/hassan-en\/hassan-vol-2-minipizza\/\">Read more<\/a><\/span><!-- AddThis Advanced Settings generic via filter on wp_trim_excerpt --><!-- AddThis Share Buttons generic via filter on wp_trim_excerpt --><\/p>\n","protected":false},"featured_media":887,"template":"","meta":{"_acf_changed":false,"_monsterinsights_skip_tracking":false,"_monsterinsights_sitenote_active":false,"_monsterinsights_sitenote_note":"","_monsterinsights_sitenote_category":0},"product_brand":[],"product_cat":[141],"product_tag":[16],"class_list":{"0":"post-748","1":"product","2":"type-product","3":"status-publish","4":"has-post-thumbnail","6":"product_cat-hassan-en","7":"product_tag-cd-en","9":"first","10":"outofstock","11":"taxable","12":"shipping-taxable","13":"product-type-simple"},"acf":[],"_links":{"self":[{"href":"https:\/\/silence.se\/en\/wp-json\/wp\/v2\/product\/748","targetHints":{"allow":["GET"]}}],"collection":[{"href":"https:\/\/silence.se\/en\/wp-json\/wp\/v2\/product"}],"about":[{"href":"https:\/\/silence.se\/en\/wp-json\/wp\/v2\/types\/product"}],"wp:featuredmedia":[{"embeddable":true,"href":"https:\/\/silence.se\/en\/wp-json\/wp\/v2\/media\/887"}],"wp:attachment":[{"href":"https:\/\/silence.se\/en\/wp-json\/wp\/v2\/media?parent=748"}],"wp:term":[{"taxonomy":"product_brand","embeddable":true,"href":"https:\/\/silence.se\/en\/wp-json\/wp\/v2\/product_brand?post=748"},{"taxonomy":"product_cat","embeddable":true,"href":"https:\/\/silence.se\/en\/wp-json\/wp\/v2\/product_cat?post=748"},{"taxonomy":"product_tag","embeddable":true,"href":"https:\/\/silence.se\/en\/wp-json\/wp\/v2\/product_tag?post=748"}],"curies":[{"name":"wp","href":"https:\/\/api.w.org\/{rel}","templated":true}]}}