{"id":746,"date":"2013-06-20T13:47:50","date_gmt":"2013-06-20T11:47:50","guid":{"rendered":"http:\/\/silence.se.hemsida.eu\/product\/hassan-vol-3-budapeststubbe-2\/"},"modified":"2014-03-24T11:25:25","modified_gmt":"2014-03-24T10:25:25","slug":"hassan-vol-3-budapeststubbe","status":"publish","type":"product","link":"https:\/\/silence.se\/en\/shop\/hassan-en\/hassan-vol-3-budapeststubbe\/","title":{"rendered":"Vol.3 &#8211; Budapeststubbe"},"content":{"rendered":"<p>01: Elchock<br \/>\n02: Gravsk\u00e4ndaren<br \/>\n03: Der Spiegel<br \/>\n04: Puss Puss<br \/>\n05: Bilder Fr\u00e5n Cypern<br \/>\n06: Apoteket Eken<br \/>\n07: Bilskolan<br \/>\n08: Frodenkvist,&#8221;malarian&#8221;<br \/>\n09: V\u00e5ga B\u00f6ga<br \/>\n10: Ett S\u00e4llskap Fr\u00e5n Mumindalen<br \/>\n11: Honken<br \/>\n12: Kubakrisen<br \/>\n13: Ett V\u00e4ster\u00e5snummer<br \/>\n14: 10.000 Tyska B\u00f6gar<br \/>\n15: Prao-eleven<br \/>\n16: Vov<br \/>\n17: Narkotikatipset<br \/>\n18: M\u00e5rten Rask,&#8221;k\u00f6nsord&#8221;<br \/>\n19: Bamsegrill<br \/>\n20: Min Rotweiler Glenn<br \/>\n21: Malm\u00f6tjejerna Live<br \/>\n22: Min Lilla Kissekatt<br \/>\n23: Jc, Malin<br \/>\n24: Byta Stammar<br \/>\n25: Budapeststubbe<br \/>\n26: Bes\u00f6k I Stockholm<br \/>\n27: Komplett Marbodak\u00f6k<\/p>\n<p>Released 1994<\/p>\n<!-- AddThis Advanced Settings generic via filter on the_content --><!-- AddThis Share Buttons generic via filter on the_content -->","protected":false},"excerpt":{"rendered":"<p>01: Elchock 02: Gravsk\u00e4ndaren 03: Der Spiegel 04: Puss Puss 05: Bilder Fr\u00e5n Cypern 06: Apoteket Eken 07: Bilskolan 08: Frodenkvist,&#8221;malarian&#8221; 09: V\u00e5ga B\u00f6ga 10: Ett S\u00e4llskap Fr\u00e5n Mumindalen 11: Honken 12: Kubakrisen 13: Ett V\u00e4ster\u00e5snummer 14: 10.000 Tyska B\u00f6gar&#8230; <span class=\"readmore\"><a href=\"https:\/\/silence.se\/en\/shop\/hassan-en\/hassan-vol-3-budapeststubbe\/\">Read more<\/a><\/span><!-- AddThis Advanced Settings generic via filter on wp_trim_excerpt --><!-- AddThis Share Buttons generic via filter on wp_trim_excerpt --><\/p>\n","protected":false},"featured_media":888,"template":"","meta":{"_acf_changed":false,"_monsterinsights_skip_tracking":false,"_monsterinsights_sitenote_active":false,"_monsterinsights_sitenote_note":"","_monsterinsights_sitenote_category":0},"product_brand":[],"product_cat":[141],"product_tag":[16],"class_list":{"0":"post-746","1":"product","2":"type-product","3":"status-publish","4":"has-post-thumbnail","6":"product_cat-hassan-en","7":"product_tag-cd-en","9":"first","10":"outofstock","11":"taxable","12":"shipping-taxable","13":"product-type-simple"},"acf":[],"_links":{"self":[{"href":"https:\/\/silence.se\/en\/wp-json\/wp\/v2\/product\/746","targetHints":{"allow":["GET"]}}],"collection":[{"href":"https:\/\/silence.se\/en\/wp-json\/wp\/v2\/product"}],"about":[{"href":"https:\/\/silence.se\/en\/wp-json\/wp\/v2\/types\/product"}],"wp:featuredmedia":[{"embeddable":true,"href":"https:\/\/silence.se\/en\/wp-json\/wp\/v2\/media\/888"}],"wp:attachment":[{"href":"https:\/\/silence.se\/en\/wp-json\/wp\/v2\/media?parent=746"}],"wp:term":[{"taxonomy":"product_brand","embeddable":true,"href":"https:\/\/silence.se\/en\/wp-json\/wp\/v2\/product_brand?post=746"},{"taxonomy":"product_cat","embeddable":true,"href":"https:\/\/silence.se\/en\/wp-json\/wp\/v2\/product_cat?post=746"},{"taxonomy":"product_tag","embeddable":true,"href":"https:\/\/silence.se\/en\/wp-json\/wp\/v2\/product_tag?post=746"}],"curies":[{"name":"wp","href":"https:\/\/api.w.org\/{rel}","templated":true}]}}