{"id":744,"date":"2013-06-20T13:45:26","date_gmt":"2013-06-20T11:45:26","guid":{"rendered":"http:\/\/silence.se.hemsida.eu\/product\/hassan-vol-4-oxbringa-2\/"},"modified":"2014-03-24T11:25:57","modified_gmt":"2014-03-24T10:25:57","slug":"hassan-vol-4-oxbringa","status":"publish","type":"product","link":"https:\/\/silence.se\/en\/shop\/hassan-en\/hassan-vol-4-oxbringa\/","title":{"rendered":"Vol.4 &#8211; Oxbringa"},"content":{"rendered":"<p>01. 56:ans buss<br \/>\n02. Nobelfesten<br \/>\n03. L\u00e5t hj\u00e4rtat va&#8217; med<br \/>\n04. Ingrid<br \/>\n05. Nummerupplysningen<br \/>\n06. Ett par strumpor<br \/>\n07. Tv\u00e5ngstankar del I<br \/>\n08. Panikragg<br \/>\n09. Stekta sparvar<br \/>\n10. Torbj\u00f6rn Majroos &#8220;Glen Spove world&#8221;<br \/>\n11. Prata paket<br \/>\n12. KF:s provk\u00f6k<br \/>\n13. Salta och j\u00e4ttesura<br \/>\n14. Frodenkvists flap<br \/>\n15. Piercing<br \/>\n16. Stora Norrland<br \/>\n17. Jag ringer fr\u00e5n min villa i Stocksund<br \/>\n18. GalaPetter &#8220;Kr\u00e4ftskiva&#8221;<br \/>\n19. Svea livgarde<br \/>\n20. Roskilde<br \/>\n21. En pizza i Akalla<br \/>\n22. Gubb\u00e4ngens IF<br \/>\n23. Bara skoj<br \/>\n24. Arboga-rasta<br \/>\n25. Oxbringa<br \/>\n26. Mycket brudar<br \/>\n27. M\u00e5rten Rask &#8220;Stockholms golvservice&#8221;<br \/>\n28. V\u00e4lkommen till G\u00f6teborg<br \/>\n29. Blomsternisse<br \/>\n30. Fel p\u00e5 telefon (Live)<br \/>\n31. Tv\u00e5ngstankar del II<\/p>\n<p>Released 1995<\/p>\n<!-- AddThis Advanced Settings generic via filter on the_content --><!-- AddThis Share Buttons generic via filter on the_content -->","protected":false},"excerpt":{"rendered":"<p>01. 56:ans buss 02. Nobelfesten 03. L\u00e5t hj\u00e4rtat va&#8217; med 04. Ingrid 05. Nummerupplysningen 06. Ett par strumpor 07. Tv\u00e5ngstankar del I 08. Panikragg 09. Stekta sparvar 10. Torbj\u00f6rn Majroos &#8220;Glen Spove world&#8221; 11. Prata paket 12. KF:s provk\u00f6k 13&#8230;. <span class=\"readmore\"><a href=\"https:\/\/silence.se\/en\/shop\/hassan-en\/hassan-vol-4-oxbringa\/\">Read more<\/a><\/span><!-- AddThis Advanced Settings generic via filter on wp_trim_excerpt --><!-- AddThis Share Buttons generic via filter on wp_trim_excerpt --><\/p>\n","protected":false},"featured_media":889,"template":"","meta":{"_acf_changed":false,"_monsterinsights_skip_tracking":false,"_monsterinsights_sitenote_active":false,"_monsterinsights_sitenote_note":"","_monsterinsights_sitenote_category":0},"product_brand":[],"product_cat":[141],"product_tag":[16],"class_list":{"0":"post-744","1":"product","2":"type-product","3":"status-publish","4":"has-post-thumbnail","6":"product_cat-hassan-en","7":"product_tag-cd-en","9":"first","10":"outofstock","11":"taxable","12":"shipping-taxable","13":"product-type-simple"},"acf":[],"_links":{"self":[{"href":"https:\/\/silence.se\/en\/wp-json\/wp\/v2\/product\/744","targetHints":{"allow":["GET"]}}],"collection":[{"href":"https:\/\/silence.se\/en\/wp-json\/wp\/v2\/product"}],"about":[{"href":"https:\/\/silence.se\/en\/wp-json\/wp\/v2\/types\/product"}],"wp:featuredmedia":[{"embeddable":true,"href":"https:\/\/silence.se\/en\/wp-json\/wp\/v2\/media\/889"}],"wp:attachment":[{"href":"https:\/\/silence.se\/en\/wp-json\/wp\/v2\/media?parent=744"}],"wp:term":[{"taxonomy":"product_brand","embeddable":true,"href":"https:\/\/silence.se\/en\/wp-json\/wp\/v2\/product_brand?post=744"},{"taxonomy":"product_cat","embeddable":true,"href":"https:\/\/silence.se\/en\/wp-json\/wp\/v2\/product_cat?post=744"},{"taxonomy":"product_tag","embeddable":true,"href":"https:\/\/silence.se\/en\/wp-json\/wp\/v2\/product_tag?post=744"}],"curies":[{"name":"wp","href":"https:\/\/api.w.org\/{rel}","templated":true}]}}