{"id":740,"date":"2013-06-20T12:03:26","date_gmt":"2013-06-20T10:03:26","guid":{"rendered":"http:\/\/silence.se.hemsida.eu\/product\/hassan-vol-5-tillvaratagna-effekter-2\/"},"modified":"2014-03-24T11:26:29","modified_gmt":"2014-03-24T10:26:29","slug":"hassan-vol-5-tillvaratagna-effekter","status":"publish","type":"product","link":"https:\/\/silence.se\/en\/shop\/hassan-en\/hassan-vol-5-tillvaratagna-effekter\/","title":{"rendered":"Vol.5 &#8211; Tillvaratagna effekter"},"content":{"rendered":"<p>01: My Name Is Luka<br \/>\n02: T\u00e5get Fr\u00e5n G\u00e4vle<br \/>\n03: Popul\u00e4r Kem<br \/>\n04: Ang\u00e5ende Inbrottet<br \/>\n05: Den Maskerade H\u00e4rmaren<br \/>\n06: Utl\u00e5ningsdisken<br \/>\n07: Comme Si Comme Ca<br \/>\n08: Konservatorn<br \/>\n09: Bomba Str\u00e4ngn\u00e4s<br \/>\n10: Jan Gulliou<br \/>\n11: Kungliga Presscentret<br \/>\n12: Grilla<br \/>\n13: Man \u00c4r Ju Inte Gjord Av Tr\u00e4<br \/>\n14: Frim\u00e4rksmus\u00e9et<br \/>\n15: Ett Meddelande<br \/>\n16: Frodenkvists Korsord<br \/>\n17: Claes M\u00e5nsson<br \/>\n18: Ordblind<br \/>\n19: Maskerad<br \/>\n20: Ok M\u00f6rby<br \/>\n21: B\u00e4rnsten<br \/>\n22: Det H\u00e4r \u00c4r En Pizzeria<br \/>\n23: Kanotf\u00f6rbundet<br \/>\n24: Mat I Mun<br \/>\n25: Starta Taxibolag<br \/>\n26: Ett Avgassystem<br \/>\n27: Idag Skiner Solen<br \/>\n28: Pensionssparande<br \/>\n29: M\u00e5rten Rask &#8220;motordelar&#8221;<br \/>\n30: En Smoking<br \/>\n31: Landskapsk\u00e4ndisar<br \/>\n32: Grodan Boll<br \/>\n33: S\u00e4ljare P\u00e5 Indifferenta<br \/>\n34: Ett N\u00f6ddop<br \/>\n35: Bit F\u00f6r Bit<br \/>\n36: Schamanen<br \/>\n37: Torbj\u00f6rn Majros: &#8220;rockvideor&#8221;<br \/>\n38: Roxy<br \/>\n39: Jonas Hallberg<br \/>\n40: Stolpe In<br \/>\n41: Kan Du L\u00e4gga P\u00e5 Nu?<br \/>\n42: Wasta En Snubbe<br \/>\n43: Knurra<br \/>\n44: \u00d6versv\u00e4mning<br \/>\n45: En Polisopera<br \/>\n46: Mytomanen<br \/>\n47: Vesslan<\/p>\n<p>Released 1996<\/p>\n<!-- AddThis Advanced Settings generic via filter on the_content --><!-- AddThis Share Buttons generic via filter on the_content -->","protected":false},"excerpt":{"rendered":"<p>01: My Name Is Luka 02: T\u00e5get Fr\u00e5n G\u00e4vle 03: Popul\u00e4r Kem 04: Ang\u00e5ende Inbrottet 05: Den Maskerade H\u00e4rmaren 06: Utl\u00e5ningsdisken 07: Comme Si Comme Ca 08: Konservatorn 09: Bomba Str\u00e4ngn\u00e4s 10: Jan Gulliou 11: Kungliga Presscentret 12: Grilla 13:&#8230; <span class=\"readmore\"><a href=\"https:\/\/silence.se\/en\/shop\/hassan-en\/hassan-vol-5-tillvaratagna-effekter\/\">Read more<\/a><\/span><!-- AddThis Advanced Settings generic via filter on wp_trim_excerpt --><!-- AddThis Share Buttons generic via filter on wp_trim_excerpt --><\/p>\n","protected":false},"featured_media":890,"template":"","meta":{"_acf_changed":false,"_monsterinsights_skip_tracking":false,"_monsterinsights_sitenote_active":false,"_monsterinsights_sitenote_note":"","_monsterinsights_sitenote_category":0},"product_brand":[],"product_cat":[141],"product_tag":[16],"class_list":{"0":"post-740","1":"product","2":"type-product","3":"status-publish","4":"has-post-thumbnail","6":"product_cat-hassan-en","7":"product_tag-cd-en","9":"first","10":"outofstock","11":"taxable","12":"shipping-taxable","13":"product-type-simple"},"acf":[],"_links":{"self":[{"href":"https:\/\/silence.se\/en\/wp-json\/wp\/v2\/product\/740","targetHints":{"allow":["GET"]}}],"collection":[{"href":"https:\/\/silence.se\/en\/wp-json\/wp\/v2\/product"}],"about":[{"href":"https:\/\/silence.se\/en\/wp-json\/wp\/v2\/types\/product"}],"wp:featuredmedia":[{"embeddable":true,"href":"https:\/\/silence.se\/en\/wp-json\/wp\/v2\/media\/890"}],"wp:attachment":[{"href":"https:\/\/silence.se\/en\/wp-json\/wp\/v2\/media?parent=740"}],"wp:term":[{"taxonomy":"product_brand","embeddable":true,"href":"https:\/\/silence.se\/en\/wp-json\/wp\/v2\/product_brand?post=740"},{"taxonomy":"product_cat","embeddable":true,"href":"https:\/\/silence.se\/en\/wp-json\/wp\/v2\/product_cat?post=740"},{"taxonomy":"product_tag","embeddable":true,"href":"https:\/\/silence.se\/en\/wp-json\/wp\/v2\/product_tag?post=740"}],"curies":[{"name":"wp","href":"https:\/\/api.w.org\/{rel}","templated":true}]}}