{"id":734,"date":"2013-06-20T11:55:08","date_gmt":"2013-06-20T09:55:08","guid":{"rendered":"http:\/\/silence.se.hemsida.eu\/product\/bob-hund-stenaldern-kan-borja-2\/"},"modified":"2013-12-06T18:28:29","modified_gmt":"2013-12-06T17:28:29","slug":"bob-hund-stenaldern-kan-borja","status":"publish","type":"product","link":"https:\/\/silence.se\/en\/shop\/bob-hund-en\/bob-hund-stenaldern-kan-borja\/","title":{"rendered":"Sten\u00e5ldern kan b\u00f6rja"},"content":{"rendered":"<p>The cover with morphed pictures of the members is maybe making bob hund &#8220;the ugliest boy band in history&#8221;! Titles like &#8220;Skall du h\u00e4nga med? N\u00e4!!&#8221;, &#8220;Stora tankar i lilla berg-och dalbanan&#8221;, &#8220;En som stretar emot&#8221;, &#8220;Gl\u00f6m allt du l\u00e4rt dig&#8221; make some people claim this to be their best album!<\/p>\n<p>01. 1002<br \/>\n02. Dansa efter min pipa<br \/>\n03. Sista best\u00e4llningen<br \/>\n04. Papperstrumpeten<br \/>\n05. F.\u00f6 stal hon mitt hj\u00e4rta<br \/>\n06. Och d\u00e4r st\u00e5r du<br \/>\n07. En som stretar emot<br \/>\n08. Gl\u00f6m allt du l\u00e4rt dig<br \/>\n09. Ner p\u00e5 jorden<br \/>\n10. Skall du h\u00e4nga med? N\u00e4!!<br \/>\n11. Stora tankar i lilla berg-och dalbanan<br \/>\n12. V\u00e5ffelj\u00e4rnet<br \/>\n13. Invandraren<\/p>\n<p>Released 2001<\/p>\n<!-- AddThis Advanced Settings generic via filter on the_content --><!-- AddThis Share Buttons generic via filter on the_content -->","protected":false},"excerpt":{"rendered":"<p>The cover with morphed pictures of the members is maybe making bob hund &#8220;the ugliest boy band in history&#8221;! Titles like &#8220;Skall du h\u00e4nga med? N\u00e4!!&#8221;, &#8220;Stora tankar i lilla berg-och dalbanan&#8221;, &#8220;En som stretar emot&#8221;, &#8220;Gl\u00f6m allt du l\u00e4rt&#8230; <span class=\"readmore\"><a href=\"https:\/\/silence.se\/en\/shop\/bob-hund-en\/bob-hund-stenaldern-kan-borja\/\">Read more<\/a><\/span><!-- AddThis Advanced Settings generic via filter on wp_trim_excerpt --><!-- AddThis Share Buttons generic via filter on wp_trim_excerpt --><\/p>\n","protected":false},"featured_media":860,"template":"","meta":{"_acf_changed":false,"_monsterinsights_skip_tracking":false,"_monsterinsights_sitenote_active":false,"_monsterinsights_sitenote_note":"","_monsterinsights_sitenote_category":0},"product_brand":[],"product_cat":[86],"product_tag":[16],"class_list":{"0":"post-734","1":"product","2":"type-product","3":"status-publish","4":"has-post-thumbnail","6":"product_cat-bob-hund-en","7":"product_tag-cd-en","9":"first","10":"outofstock","11":"taxable","12":"shipping-taxable","13":"product-type-simple"},"acf":[],"_links":{"self":[{"href":"https:\/\/silence.se\/en\/wp-json\/wp\/v2\/product\/734","targetHints":{"allow":["GET"]}}],"collection":[{"href":"https:\/\/silence.se\/en\/wp-json\/wp\/v2\/product"}],"about":[{"href":"https:\/\/silence.se\/en\/wp-json\/wp\/v2\/types\/product"}],"wp:featuredmedia":[{"embeddable":true,"href":"https:\/\/silence.se\/en\/wp-json\/wp\/v2\/media\/860"}],"wp:attachment":[{"href":"https:\/\/silence.se\/en\/wp-json\/wp\/v2\/media?parent=734"}],"wp:term":[{"taxonomy":"product_brand","embeddable":true,"href":"https:\/\/silence.se\/en\/wp-json\/wp\/v2\/product_brand?post=734"},{"taxonomy":"product_cat","embeddable":true,"href":"https:\/\/silence.se\/en\/wp-json\/wp\/v2\/product_cat?post=734"},{"taxonomy":"product_tag","embeddable":true,"href":"https:\/\/silence.se\/en\/wp-json\/wp\/v2\/product_tag?post=734"}],"curies":[{"name":"wp","href":"https:\/\/api.w.org\/{rel}","templated":true}]}}