{"id":714,"date":"2013-06-17T16:21:30","date_gmt":"2013-06-17T14:21:30","guid":{"rendered":"http:\/\/silence.se.hemsida.eu\/?post_type=product&#038;p=714"},"modified":"2020-01-27T21:05:03","modified_gmt":"2020-01-27T20:05:03","slug":"carl-einar-hackner-visor-i-tiden","status":"publish","type":"product","link":"https:\/\/silence.se\/en\/shop\/carl-einar-hackner-en\/carl-einar-hackner-visor-i-tiden\/","title":{"rendered":"Visor i tiden"},"content":{"rendered":"<p>1. Statsministern \u00e4r d\u00f6d<br \/>\n2. L\u00e5ngkalsong<br \/>\n3. Tumnagelsv\u00e4rld<br \/>\n4. Jag vill<\/p>\n<p>Released 1995<\/p>\n<!-- AddThis Advanced Settings generic via filter on the_content --><!-- AddThis Share Buttons generic via filter on the_content -->","protected":false},"excerpt":{"rendered":"<p>1. Statsministern \u00e4r d\u00f6d 2. L\u00e5ngkalsong 3. Tumnagelsv\u00e4rld 4. Jag vill Released 1995<!-- AddThis Advanced Settings generic via filter on wp_trim_excerpt --><!-- AddThis Share Buttons generic via filter on wp_trim_excerpt --><\/p>\n","protected":false},"featured_media":1287,"template":"","meta":{"_acf_changed":false,"_monsterinsights_skip_tracking":false,"_monsterinsights_sitenote_active":false,"_monsterinsights_sitenote_note":"","_monsterinsights_sitenote_category":0},"product_brand":[],"product_cat":[116],"product_tag":[29],"class_list":{"0":"post-714","1":"product","2":"type-product","3":"status-publish","4":"has-post-thumbnail","6":"product_cat-carl-einar-hackner-en","7":"product_tag-cd-ep-en","9":"first","10":"outofstock","11":"taxable","12":"shipping-taxable","13":"product-type-simple"},"acf":[],"_links":{"self":[{"href":"https:\/\/silence.se\/en\/wp-json\/wp\/v2\/product\/714","targetHints":{"allow":["GET"]}}],"collection":[{"href":"https:\/\/silence.se\/en\/wp-json\/wp\/v2\/product"}],"about":[{"href":"https:\/\/silence.se\/en\/wp-json\/wp\/v2\/types\/product"}],"wp:featuredmedia":[{"embeddable":true,"href":"https:\/\/silence.se\/en\/wp-json\/wp\/v2\/media\/1287"}],"wp:attachment":[{"href":"https:\/\/silence.se\/en\/wp-json\/wp\/v2\/media?parent=714"}],"wp:term":[{"taxonomy":"product_brand","embeddable":true,"href":"https:\/\/silence.se\/en\/wp-json\/wp\/v2\/product_brand?post=714"},{"taxonomy":"product_cat","embeddable":true,"href":"https:\/\/silence.se\/en\/wp-json\/wp\/v2\/product_cat?post=714"},{"taxonomy":"product_tag","embeddable":true,"href":"https:\/\/silence.se\/en\/wp-json\/wp\/v2\/product_tag?post=714"}],"curies":[{"name":"wp","href":"https:\/\/api.w.org\/{rel}","templated":true}]}}