{"id":697,"date":"2013-06-17T15:54:02","date_gmt":"2013-06-17T13:54:02","guid":{"rendered":"http:\/\/silence.se.hemsida.eu\/product\/fredrik-lindstrom-www-matapa-nu-2\/"},"modified":"2013-12-06T18:46:33","modified_gmt":"2013-12-06T17:46:33","slug":"fredrik-lindstrom-www-matapa-nu","status":"publish","type":"product","link":"https:\/\/silence.se\/en\/shop\/fredrik-lindstrom-en\/fredrik-lindstrom-www-matapa-nu\/","title":{"rendered":"www.matapa.nu"},"content":{"rendered":"<p>1. \u00c5h, en k\u00e4ndis!<br \/>\n2. V\u00e4lg\u00f6renhet och narkomaner<br \/>\n3. Livet i TV-branschen<br \/>\n4. Knasalmanackan<br \/>\n5. Min sv\u00e5ra barndom<br \/>\n6. Det perfekta f\u00f6rh\u00e5llandet<br \/>\n7. Spr\u00e5kforskaren<br \/>\n8. Enmansutredaren<\/p>\n<p>Released 1999<\/p>\n<!-- AddThis Advanced Settings generic via filter on the_content --><!-- AddThis Share Buttons generic via filter on the_content -->","protected":false},"excerpt":{"rendered":"<p>1. \u00c5h, en k\u00e4ndis! 2. V\u00e4lg\u00f6renhet och narkomaner 3. Livet i TV-branschen 4. Knasalmanackan 5. Min sv\u00e5ra barndom 6. Det perfekta f\u00f6rh\u00e5llandet 7. Spr\u00e5kforskaren 8. Enmansutredaren Released 1999<!-- AddThis Advanced Settings generic via filter on wp_trim_excerpt --><!-- AddThis Share Buttons generic via filter on wp_trim_excerpt --><\/p>\n","protected":false},"featured_media":840,"template":"","meta":{"_acf_changed":false,"_monsterinsights_skip_tracking":false,"_monsterinsights_sitenote_active":false,"_monsterinsights_sitenote_note":"","_monsterinsights_sitenote_category":0},"product_brand":[],"product_cat":[139],"product_tag":[16],"class_list":{"0":"post-697","1":"product","2":"type-product","3":"status-publish","4":"has-post-thumbnail","6":"product_cat-fredrik-lindstrom-en","7":"product_tag-cd-en","9":"first","10":"outofstock","11":"taxable","12":"shipping-taxable","13":"product-type-simple"},"acf":[],"_links":{"self":[{"href":"https:\/\/silence.se\/en\/wp-json\/wp\/v2\/product\/697","targetHints":{"allow":["GET"]}}],"collection":[{"href":"https:\/\/silence.se\/en\/wp-json\/wp\/v2\/product"}],"about":[{"href":"https:\/\/silence.se\/en\/wp-json\/wp\/v2\/types\/product"}],"wp:featuredmedia":[{"embeddable":true,"href":"https:\/\/silence.se\/en\/wp-json\/wp\/v2\/media\/840"}],"wp:attachment":[{"href":"https:\/\/silence.se\/en\/wp-json\/wp\/v2\/media?parent=697"}],"wp:term":[{"taxonomy":"product_brand","embeddable":true,"href":"https:\/\/silence.se\/en\/wp-json\/wp\/v2\/product_brand?post=697"},{"taxonomy":"product_cat","embeddable":true,"href":"https:\/\/silence.se\/en\/wp-json\/wp\/v2\/product_cat?post=697"},{"taxonomy":"product_tag","embeddable":true,"href":"https:\/\/silence.se\/en\/wp-json\/wp\/v2\/product_tag?post=697"}],"curies":[{"name":"wp","href":"https:\/\/api.w.org\/{rel}","templated":true}]}}