{"id":695,"date":"2013-06-17T15:51:03","date_gmt":"2013-06-17T13:51:03","guid":{"rendered":"http:\/\/silence.se.hemsida.eu\/product\/rekordforsok-2\/"},"modified":"2013-12-08T00:18:54","modified_gmt":"2013-12-07T23:18:54","slug":"rekordforsok","status":"publish","type":"product","link":"https:\/\/silence.se\/en\/shop\/pihlsundholm-en\/rekordforsok\/","title":{"rendered":"Rekordf\u00f6rs\u00f6k"},"content":{"rendered":"<p>01. Jag \u00e4r Hamilton<br \/>\n02. Dillk\u00f6ttsfrossa<br \/>\n03. V\u00e4rldens hemligaste man<br \/>\n04. Lundells ryggskola<br \/>\n05. Att mura in sig<br \/>\n06. Radio strategy<br \/>\n07. Nils-Petter talar ur hj\u00e4rtat<br \/>\n08. Leffes puckar<br \/>\n09. Ett valthorn<br \/>\n10. Berghagen rap<br \/>\n11. Hypnosen<br \/>\n12. Skolstarten<br \/>\n13. Dubbel-Ulla<br \/>\n14. Astrid<br \/>\n15. Polly vill ha kex<br \/>\n16. Sarah Young<br \/>\n17. Sir Kinch<br \/>\n18. Fiskdisken<br \/>\n19. Kyssen<\/p>\n<p>Released 1997<\/p>\n<!-- AddThis Advanced Settings generic via filter on the_content --><!-- AddThis Share Buttons generic via filter on the_content -->","protected":false},"excerpt":{"rendered":"<p>01. Jag \u00e4r Hamilton 02. Dillk\u00f6ttsfrossa 03. V\u00e4rldens hemligaste man 04. Lundells ryggskola 05. Att mura in sig 06. Radio strategy 07. Nils-Petter talar ur hj\u00e4rtat 08. Leffes puckar 09. Ett valthorn 10. Berghagen rap 11. Hypnosen 12. Skolstarten 13&#8230;. <span class=\"readmore\"><a href=\"https:\/\/silence.se\/en\/shop\/pihlsundholm-en\/rekordforsok\/\">Read more<\/a><\/span><!-- AddThis Advanced Settings generic via filter on wp_trim_excerpt --><!-- AddThis Share Buttons generic via filter on wp_trim_excerpt --><\/p>\n","protected":false},"featured_media":892,"template":"","meta":{"_acf_changed":false,"_monsterinsights_skip_tracking":false,"_monsterinsights_sitenote_active":false,"_monsterinsights_sitenote_note":"","_monsterinsights_sitenote_category":0},"product_brand":[],"product_cat":[146],"product_tag":[16],"class_list":{"0":"post-695","1":"product","2":"type-product","3":"status-publish","4":"has-post-thumbnail","6":"product_cat-pihlsundholm-en","7":"product_tag-cd-en","9":"first","10":"outofstock","11":"taxable","12":"shipping-taxable","13":"product-type-simple"},"acf":[],"_links":{"self":[{"href":"https:\/\/silence.se\/en\/wp-json\/wp\/v2\/product\/695","targetHints":{"allow":["GET"]}}],"collection":[{"href":"https:\/\/silence.se\/en\/wp-json\/wp\/v2\/product"}],"about":[{"href":"https:\/\/silence.se\/en\/wp-json\/wp\/v2\/types\/product"}],"wp:featuredmedia":[{"embeddable":true,"href":"https:\/\/silence.se\/en\/wp-json\/wp\/v2\/media\/892"}],"wp:attachment":[{"href":"https:\/\/silence.se\/en\/wp-json\/wp\/v2\/media?parent=695"}],"wp:term":[{"taxonomy":"product_brand","embeddable":true,"href":"https:\/\/silence.se\/en\/wp-json\/wp\/v2\/product_brand?post=695"},{"taxonomy":"product_cat","embeddable":true,"href":"https:\/\/silence.se\/en\/wp-json\/wp\/v2\/product_cat?post=695"},{"taxonomy":"product_tag","embeddable":true,"href":"https:\/\/silence.se\/en\/wp-json\/wp\/v2\/product_tag?post=695"}],"curies":[{"name":"wp","href":"https:\/\/api.w.org\/{rel}","templated":true}]}}