{"id":693,"date":"2013-06-17T15:48:19","date_gmt":"2013-06-17T13:48:19","guid":{"rendered":"http:\/\/silence.se.hemsida.eu\/product\/philemon-arthur-and-the-dung-the-very-pest-of-far-jag-spy-i-ditt-paraply-2\/"},"modified":"2025-12-02T17:31:35","modified_gmt":"2025-12-02T16:31:35","slug":"philemon-arthur-and-the-dung-the-very-pest-of-far-jag-spy-i-ditt-paraply","status":"publish","type":"product","link":"https:\/\/silence.se\/en\/shop\/philemon-arthur-the-dung-en\/philemon-arthur-and-the-dung-the-very-pest-of-far-jag-spy-i-ditt-paraply\/","title":{"rendered":"The Very Pest Of &#8211; F\u00e5r jag spy i ditt paraply?"},"content":{"rendered":"<p>&#8220;Vi \u00e4r s\u00e5 hemliga att vi inte ens sj\u00e4lva vet vilka vi \u00e4r&#8221; s\u00e4ger Philemon. 2002 \u00e4r de fortfarande identitetsl\u00f6sa och efter st\u00e4ndiga uppmaningar gav vi ut resten av kassetten fr\u00e5n 1987 och gr\u00e4vde i v\u00e5ra arkiv efter fler l\u00e5tar. S\u00e5 h\u00e4r \u00e4r ytterligare 30 s\u00e5nger om livet p\u00e5 den sk\u00e5nska landsbygden. M\u00e5nga andra musiker har inspirerats av dessa tv\u00e5 herrar och band som bob hund och Hedningarna har spelat in deras l\u00e5tar.<\/p>\n<p>01. Philemon Arthur<br \/>\n02. Lille Arthur sv\u00e4ngde<br \/>\n03. Polismannen<br \/>\n04. Skols\u00e5ngen<br \/>\n05. V\u00e5r och sommar<br \/>\n06. F\u00e5r jag spy?<br \/>\n07. Goda grannar<br \/>\n08. Min anteckningsbok<br \/>\n09. Djurv\u00e4nnen<br \/>\n10. Med nyckeln i nyckelh\u00e5let<br \/>\n11. Mummelsnuskl\u00e5ten<br \/>\n12. Vals i fel dur<br \/>\n13. Du \u00e4r en idiot!<br \/>\n14. Felrimmad fritid<br \/>\n15. Meningsl\u00f6san<br \/>\n16. P\u00e5 toaletten<br \/>\n17. Damm i hans s\u00e4ng<br \/>\n18. Kvart i fem<br \/>\n19. Antilop -68<br \/>\n20. Min cykelnyckel<br \/>\n21. Dromedarvisan<br \/>\n22. Sadisten<br \/>\n23. Fed spargris<br \/>\n24. Min k\u00e4ra soppesk\u00e5l<br \/>\n25. Tandst\u00e4llningsvals<br \/>\n26. Var det du som kom?<br \/>\n27. \u00c4ckelvisan<br \/>\n28. Varf\u00f6r lyssnar du?<br \/>\n29. Waltzing Mathilda<br \/>\n30. Goodbye<\/p>\n<p>Utgivnings\u00e5r 2002<\/p>\n<!-- AddThis Advanced Settings generic via filter on the_content --><!-- AddThis Share Buttons generic via filter on the_content -->","protected":false},"excerpt":{"rendered":"<p>&#8220;Vi \u00e4r s\u00e5 hemliga att vi inte ens sj\u00e4lva vet vilka vi \u00e4r&#8221; s\u00e4ger Philemon. 2002 \u00e4r de fortfarande identitetsl\u00f6sa och efter st\u00e4ndiga uppmaningar gav vi ut resten av kassetten fr\u00e5n 1987 och gr\u00e4vde i v\u00e5ra arkiv efter fler l\u00e5tar&#8230;. <span class=\"readmore\"><a href=\"https:\/\/silence.se\/en\/shop\/philemon-arthur-the-dung-en\/philemon-arthur-and-the-dung-the-very-pest-of-far-jag-spy-i-ditt-paraply\/\">Read more<\/a><\/span><!-- AddThis Advanced Settings generic via filter on wp_trim_excerpt --><!-- AddThis Share Buttons generic via filter on wp_trim_excerpt --><\/p>\n","protected":false},"featured_media":907,"template":"","meta":{"_acf_changed":false,"_monsterinsights_skip_tracking":false,"_monsterinsights_sitenote_active":false,"_monsterinsights_sitenote_note":"","_monsterinsights_sitenote_category":0},"product_brand":[],"product_cat":[98],"product_tag":[16],"class_list":{"0":"post-693","1":"product","2":"type-product","3":"status-publish","4":"has-post-thumbnail","6":"product_cat-philemon-arthur-the-dung-en","7":"product_tag-cd-en","9":"first","10":"outofstock","11":"taxable","12":"shipping-taxable","13":"product-type-simple"},"acf":[],"_links":{"self":[{"href":"https:\/\/silence.se\/en\/wp-json\/wp\/v2\/product\/693","targetHints":{"allow":["GET"]}}],"collection":[{"href":"https:\/\/silence.se\/en\/wp-json\/wp\/v2\/product"}],"about":[{"href":"https:\/\/silence.se\/en\/wp-json\/wp\/v2\/types\/product"}],"wp:featuredmedia":[{"embeddable":true,"href":"https:\/\/silence.se\/en\/wp-json\/wp\/v2\/media\/907"}],"wp:attachment":[{"href":"https:\/\/silence.se\/en\/wp-json\/wp\/v2\/media?parent=693"}],"wp:term":[{"taxonomy":"product_brand","embeddable":true,"href":"https:\/\/silence.se\/en\/wp-json\/wp\/v2\/product_brand?post=693"},{"taxonomy":"product_cat","embeddable":true,"href":"https:\/\/silence.se\/en\/wp-json\/wp\/v2\/product_cat?post=693"},{"taxonomy":"product_tag","embeddable":true,"href":"https:\/\/silence.se\/en\/wp-json\/wp\/v2\/product_tag?post=693"}],"curies":[{"name":"wp","href":"https:\/\/api.w.org\/{rel}","templated":true}]}}