{"id":684,"date":"2013-06-17T15:37:57","date_gmt":"2013-06-17T13:37:57","guid":{"rendered":"http:\/\/silence.se.hemsida.eu\/product\/traste-lindens-kvintett-som-pa-film-2\/"},"modified":"2024-04-17T00:56:55","modified_gmt":"2024-04-16T22:56:55","slug":"som-pa-film","status":"publish","type":"product","link":"https:\/\/silence.se\/en\/shop\/traste-lindens-kvintett-en-2\/som-pa-film\/","title":{"rendered":"Som p\u00e5 film"},"content":{"rendered":"<p>This album from 1994 was the last from this band. Still in the best of shapes but also marked by personal tragedies and constant touring some darker sides of the music is showing. Ebba Forsberg, accordion and Norwegian guitarist Geir Sundst\u00f6l on frenetic guitars just makes better.<\/p>\n<p>01. Hj\u00e4rta sl\u00e5<br \/>\n02. Cecilia<br \/>\n03. Som p\u00e5 film<br \/>\n04. Emelie<br \/>\n05. S\u00f6ndgassteken<br \/>\n06. \u00c5h, vilket liv<br \/>\n07. Mitt i natten<br \/>\n08. Ingenting<br \/>\n09. Dansa p\u00e5 din grav<br \/>\n10. Dom d\u00f6da<br \/>\n11. V\u00e5ren<br \/>\n12. L\u00e5ng v\u00e4g att g\u00e5<\/p>\n<p>Released 1994<\/p>\n<!-- AddThis Advanced Settings generic via filter on the_content --><!-- AddThis Share Buttons generic via filter on the_content -->","protected":false},"excerpt":{"rendered":"<p>This album from 1994 was the last from this band. Still in the best of shapes but also marked by personal tragedies and constant touring some darker sides of the music is showing. Ebba Forsberg, accordion and Norwegian guitarist Geir&#8230; <span class=\"readmore\"><a href=\"https:\/\/silence.se\/en\/shop\/traste-lindens-kvintett-en-2\/som-pa-film\/\">Read more<\/a><\/span><!-- AddThis Advanced Settings generic via filter on wp_trim_excerpt --><!-- AddThis Share Buttons generic via filter on wp_trim_excerpt --><\/p>\n","protected":false},"featured_media":849,"template":"","meta":{"_acf_changed":false,"_monsterinsights_skip_tracking":false,"_monsterinsights_sitenote_active":false,"_monsterinsights_sitenote_note":"","_monsterinsights_sitenote_category":0},"product_brand":[],"product_cat":[193],"product_tag":[16],"class_list":{"0":"post-684","1":"product","2":"type-product","3":"status-publish","4":"has-post-thumbnail","6":"product_cat-traste-lindens-kvintett-en-2","7":"product_tag-cd-en","9":"first","10":"outofstock","11":"taxable","12":"shipping-taxable","13":"product-type-simple"},"acf":[],"_links":{"self":[{"href":"https:\/\/silence.se\/en\/wp-json\/wp\/v2\/product\/684","targetHints":{"allow":["GET"]}}],"collection":[{"href":"https:\/\/silence.se\/en\/wp-json\/wp\/v2\/product"}],"about":[{"href":"https:\/\/silence.se\/en\/wp-json\/wp\/v2\/types\/product"}],"wp:featuredmedia":[{"embeddable":true,"href":"https:\/\/silence.se\/en\/wp-json\/wp\/v2\/media\/849"}],"wp:attachment":[{"href":"https:\/\/silence.se\/en\/wp-json\/wp\/v2\/media?parent=684"}],"wp:term":[{"taxonomy":"product_brand","embeddable":true,"href":"https:\/\/silence.se\/en\/wp-json\/wp\/v2\/product_brand?post=684"},{"taxonomy":"product_cat","embeddable":true,"href":"https:\/\/silence.se\/en\/wp-json\/wp\/v2\/product_cat?post=684"},{"taxonomy":"product_tag","embeddable":true,"href":"https:\/\/silence.se\/en\/wp-json\/wp\/v2\/product_tag?post=684"}],"curies":[{"name":"wp","href":"https:\/\/api.w.org\/{rel}","templated":true}]}}