{"id":672,"date":"2013-06-17T11:51:19","date_gmt":"2013-06-17T09:51:19","guid":{"rendered":"http:\/\/silence.se.hemsida.eu\/product\/ulf-stureson-ulf-stureson-2\/"},"modified":"2014-01-20T15:34:51","modified_gmt":"2014-01-20T14:34:51","slug":"ulf-stureson-ulf-stureson","status":"publish","type":"product","link":"https:\/\/silence.se\/en\/shop\/ulf-stureson-en\/ulf-stureson-ulf-stureson\/","title":{"rendered":"Ulf Stureson"},"content":{"rendered":"<p>This second album from one of Sweden&#8217;s best and most personal sing\/songwriters is recorded by himself in a flat in Stockholm during 1999. Mixed by Nille Perned.<\/p>\n<p>01. En annorlunda v\u00e4rld<br \/>\n02. Jag hoppas<br \/>\n03. Ett \u00f6ppet s\u00e5r<br \/>\n04. Gruvan<br \/>\n05. Speedfreak<br \/>\n06. H\u00f6gt \u00f6ver molnen<br \/>\n07. Rymdgrus<br \/>\n08. Brev fr\u00e5n gud<br \/>\n09. N\u00e4r du g\u00e5r<br \/>\n10. Ett rum vid havet<\/p>\n<p>Released 2000<\/p>\n<!-- AddThis Advanced Settings generic via filter on the_content --><!-- AddThis Share Buttons generic via filter on the_content -->","protected":false},"excerpt":{"rendered":"<p>This second album from one of Sweden&#8217;s best and most personal sing\/songwriters is recorded by himself in a flat in Stockholm during 1999. Mixed by Nille Perned. 01. En annorlunda v\u00e4rld 02. Jag hoppas 03. Ett \u00f6ppet s\u00e5r 04. Gruvan&#8230; <span class=\"readmore\"><a href=\"https:\/\/silence.se\/en\/shop\/ulf-stureson-en\/ulf-stureson-ulf-stureson\/\">Read more<\/a><\/span><!-- AddThis Advanced Settings generic via filter on wp_trim_excerpt --><!-- AddThis Share Buttons generic via filter on wp_trim_excerpt --><\/p>\n","protected":false},"featured_media":932,"template":"","meta":{"_acf_changed":false,"_monsterinsights_skip_tracking":false,"_monsterinsights_sitenote_active":false,"_monsterinsights_sitenote_note":"","_monsterinsights_sitenote_category":0},"product_brand":[],"product_cat":[130],"product_tag":[16],"class_list":{"0":"post-672","1":"product","2":"type-product","3":"status-publish","4":"has-post-thumbnail","6":"product_cat-ulf-stureson-en","7":"product_tag-cd-en","9":"first","10":"outofstock","11":"taxable","12":"shipping-taxable","13":"product-type-simple"},"acf":[],"_links":{"self":[{"href":"https:\/\/silence.se\/en\/wp-json\/wp\/v2\/product\/672","targetHints":{"allow":["GET"]}}],"collection":[{"href":"https:\/\/silence.se\/en\/wp-json\/wp\/v2\/product"}],"about":[{"href":"https:\/\/silence.se\/en\/wp-json\/wp\/v2\/types\/product"}],"wp:featuredmedia":[{"embeddable":true,"href":"https:\/\/silence.se\/en\/wp-json\/wp\/v2\/media\/932"}],"wp:attachment":[{"href":"https:\/\/silence.se\/en\/wp-json\/wp\/v2\/media?parent=672"}],"wp:term":[{"taxonomy":"product_brand","embeddable":true,"href":"https:\/\/silence.se\/en\/wp-json\/wp\/v2\/product_brand?post=672"},{"taxonomy":"product_cat","embeddable":true,"href":"https:\/\/silence.se\/en\/wp-json\/wp\/v2\/product_cat?post=672"},{"taxonomy":"product_tag","embeddable":true,"href":"https:\/\/silence.se\/en\/wp-json\/wp\/v2\/product_tag?post=672"}],"curies":[{"name":"wp","href":"https:\/\/api.w.org\/{rel}","templated":true}]}}