{"id":657,"date":"2013-06-17T11:25:02","date_gmt":"2013-06-17T09:25:02","guid":{"rendered":"http:\/\/silence.se.hemsida.eu\/product\/fint-tillsammans-2\/"},"modified":"2013-12-06T18:42:39","modified_gmt":"2013-12-06T17:42:39","slug":"fint-tillsammans","status":"publish","type":"product","link":"https:\/\/silence.se\/en\/shop\/fint-tillsammans-en\/fint-tillsammans\/","title":{"rendered":"Fint Tillsammans"},"content":{"rendered":"<p>FINT TILLSAMMANS<br \/>\nMeans Fine Together and this group has influenced a lot of the indie bands in Sweden although they&#8217;ve been very quiet since the release of &#8220;En V\u00e4rldsomsegling&#8221; in 2000, which was followed by a few gigs with Fint Tillsammans Big Band that ranks high on All Time Top Ten Gigs. Now after almost 4 years of silence you will get your overdose of Fint Tillsammans; 3 singles, each holding 6-7 tracks, released in December, January and February, only 300 numbered copies which you only can buy in our webstore &#8211; followed by a brilliant 17 track!<\/p>\n<p>1. manlig gemenskap<br \/>\n2. det r\u00f6r sig<br \/>\n3. somna om<br \/>\n4. dududududududu<br \/>\n5. t\u00e4nk om..<br \/>\n6. vem bryr sig?<br \/>\n7. regnet regnar l\u00e5ngsamt<br \/>\n8. min Fender<br \/>\n9. dagen g\u00e5r l\u00e5ngsamt n\u00e4r jag t\u00e4nker p\u00e5 dig<br \/>\n10. h\u00f6gra handen<br \/>\n11. jag vill inte bli stor<br \/>\n12. varf\u00f6r bad du mig att f\u00f6rst\u00e5 n\u00e4r du lj\u00f6g f\u00f6r mig \u00e4nd\u00e5<br \/>\n13. jag finns kvar<br \/>\n14. dr\u00f6mmen<br \/>\n15. s\u00e5ngen om rocken<br \/>\n16. tr\u00e4 och plast<br \/>\n17. Fint Tillsammans<\/p>\n<!-- AddThis Advanced Settings generic via filter on the_content --><!-- AddThis Share Buttons generic via filter on the_content -->","protected":false},"excerpt":{"rendered":"<p>FINT TILLSAMMANS Means Fine Together and this group has influenced a lot of the indie bands in Sweden although they&#8217;ve been very quiet since the release of &#8220;En V\u00e4rldsomsegling&#8221; in 2000, which was followed by a few gigs with Fint&#8230; <span class=\"readmore\"><a href=\"https:\/\/silence.se\/en\/shop\/fint-tillsammans-en\/fint-tillsammans\/\">Read more<\/a><\/span><!-- AddThis Advanced Settings generic via filter on wp_trim_excerpt --><!-- AddThis Share Buttons generic via filter on wp_trim_excerpt --><\/p>\n","protected":false},"featured_media":881,"template":"","meta":{"_acf_changed":false,"_monsterinsights_skip_tracking":false,"_monsterinsights_sitenote_active":false,"_monsterinsights_sitenote_note":"","_monsterinsights_sitenote_category":0},"product_brand":[],"product_cat":[121],"product_tag":[16],"class_list":{"0":"post-657","1":"product","2":"type-product","3":"status-publish","4":"has-post-thumbnail","6":"product_cat-fint-tillsammans-en","7":"product_tag-cd-en","9":"first","10":"outofstock","11":"taxable","12":"shipping-taxable","13":"product-type-simple"},"acf":[],"_links":{"self":[{"href":"https:\/\/silence.se\/en\/wp-json\/wp\/v2\/product\/657","targetHints":{"allow":["GET"]}}],"collection":[{"href":"https:\/\/silence.se\/en\/wp-json\/wp\/v2\/product"}],"about":[{"href":"https:\/\/silence.se\/en\/wp-json\/wp\/v2\/types\/product"}],"wp:featuredmedia":[{"embeddable":true,"href":"https:\/\/silence.se\/en\/wp-json\/wp\/v2\/media\/881"}],"wp:attachment":[{"href":"https:\/\/silence.se\/en\/wp-json\/wp\/v2\/media?parent=657"}],"wp:term":[{"taxonomy":"product_brand","embeddable":true,"href":"https:\/\/silence.se\/en\/wp-json\/wp\/v2\/product_brand?post=657"},{"taxonomy":"product_cat","embeddable":true,"href":"https:\/\/silence.se\/en\/wp-json\/wp\/v2\/product_cat?post=657"},{"taxonomy":"product_tag","embeddable":true,"href":"https:\/\/silence.se\/en\/wp-json\/wp\/v2\/product_tag?post=657"}],"curies":[{"name":"wp","href":"https:\/\/api.w.org\/{rel}","templated":true}]}}