{"id":5139,"date":"2019-02-22T14:05:31","date_gmt":"2019-02-22T13:05:31","guid":{"rendered":"https:\/\/silence.se\/shop\/okategoriserad\/dagarnas-skum-2-0-bok\/"},"modified":"2019-06-26T15:06:32","modified_gmt":"2019-06-26T13:06:32","slug":"dagarnas-skum-2-0-bok","status":"publish","type":"product","link":"https:\/\/silence.se\/en\/shop\/ragnarok-en\/dagarnas-skum-2-0-bok\/","title":{"rendered":"Dagarnas Skum 2.0 &#8211; Bok"},"content":{"rendered":"<p>Dagarnas skum<\/p>\n<p>En bok av Peter Bryngelsson<\/p>\n<p>265 sidor<\/p>\n<p>Pris 200 kr<\/p>\n<p>F\u00f6r all dem som h\u00e5llit Ragnar\u00f6ks debutskiva n\u00e4ra sitt hj\u00e4rta i \u00e5rtionden \u00e4r den bok skriven av gitarristen i Ragnar\u00f6k, Peter Bryngelsson, n\u00e4rmast ett m\u00e5ste.<\/p>\n<p>&nbsp;<\/p>\n<p>P\u00e5 ett roligt och initierat s\u00e4tt beskriver han musikens uppkomst och villkor. Vi f\u00e5r l\u00e4sa om den vingliga b\u00f6rjan p\u00e5 bandets historia, deras f\u00f6rsta stapplande steg i musikens v\u00e4rld, deras tillkortakommanden och hur magi ibland uppst\u00e5r n\u00e4r ett g\u00e4ng unga pojkar f\u00f6rs\u00f6ker g\u00f6ra musik utan f\u00f6reskrivna mallar.<\/p>\n<p>Och s\u00e5 mycket mer, om tiden, vad andra s\u00e4ger om musiken d\u00e5 och nu, om kablar man minns, om f\u00f6rebilder och om en del annat stort och sm\u00e5tt.<\/p>\n<p>Mycket l\u00e4sv\u00e4rd \u00e4ven f\u00f6r den som inte h\u00f6rt musiken.<\/p>\n<p>Men att g\u00f6ra b\u00e5dadera rekommenderas varmt.<\/p>\n<p>&nbsp;<\/p>\n<p>Om du f\u00f6rhandsbest\u00e4ller skivan levereras boken tillsammans med den.<\/p>\n<!-- AddThis Advanced Settings generic via filter on the_content --><!-- AddThis Share Buttons generic via filter on the_content -->","protected":false},"excerpt":{"rendered":"<p>Dagarnas skum En bok av Peter Bryngelsson 265 sidor Pris 200 kr F\u00f6r all dem som h\u00e5llit Ragnar\u00f6ks debutskiva n\u00e4ra sitt hj\u00e4rta i \u00e5rtionden \u00e4r den bok skriven av gitarristen i Ragnar\u00f6k, Peter Bryngelsson, n\u00e4rmast ett m\u00e5ste. &nbsp; P\u00e5 ett&#8230; <span class=\"readmore\"><a href=\"https:\/\/silence.se\/en\/shop\/ragnarok-en\/dagarnas-skum-2-0-bok\/\">Read more<\/a><\/span><!-- AddThis Advanced Settings generic via filter on wp_trim_excerpt --><!-- AddThis Share Buttons generic via filter on wp_trim_excerpt --><\/p>\n","protected":false},"featured_media":5133,"template":"","meta":{"_acf_changed":false,"_monsterinsights_skip_tracking":false,"_monsterinsights_sitenote_active":false,"_monsterinsights_sitenote_note":"","_monsterinsights_sitenote_category":0},"product_brand":[],"product_cat":[147],"product_tag":[256],"class_list":{"0":"post-5139","1":"product","2":"type-product","3":"status-publish","4":"has-post-thumbnail","6":"product_cat-ragnarok-en","7":"product_tag-bok-en","9":"first","10":"outofstock","11":"taxable","12":"shipping-taxable","13":"product-type-simple"},"acf":[],"_links":{"self":[{"href":"https:\/\/silence.se\/en\/wp-json\/wp\/v2\/product\/5139","targetHints":{"allow":["GET"]}}],"collection":[{"href":"https:\/\/silence.se\/en\/wp-json\/wp\/v2\/product"}],"about":[{"href":"https:\/\/silence.se\/en\/wp-json\/wp\/v2\/types\/product"}],"wp:featuredmedia":[{"embeddable":true,"href":"https:\/\/silence.se\/en\/wp-json\/wp\/v2\/media\/5133"}],"wp:attachment":[{"href":"https:\/\/silence.se\/en\/wp-json\/wp\/v2\/media?parent=5139"}],"wp:term":[{"taxonomy":"product_brand","embeddable":true,"href":"https:\/\/silence.se\/en\/wp-json\/wp\/v2\/product_brand?post=5139"},{"taxonomy":"product_cat","embeddable":true,"href":"https:\/\/silence.se\/en\/wp-json\/wp\/v2\/product_cat?post=5139"},{"taxonomy":"product_tag","embeddable":true,"href":"https:\/\/silence.se\/en\/wp-json\/wp\/v2\/product_tag?post=5139"}],"curies":[{"name":"wp","href":"https:\/\/api.w.org\/{rel}","templated":true}]}}