{"id":513,"date":"2013-06-11T16:11:19","date_gmt":"2013-06-11T14:11:19","guid":{"rendered":"http:\/\/silence.se.hemsida.eu\/product\/ramlosa-kvallar-ramlosa-kvallar-2\/"},"modified":"2019-05-25T00:41:27","modified_gmt":"2019-05-24T22:41:27","slug":"ramlosa-kvallar-ramlosa-kvallar","status":"publish","type":"product","link":"https:\/\/silence.se\/en\/shop\/ramlosa-kvallar-en\/ramlosa-kvallar-ramlosa-kvallar\/","title":{"rendered":"Raml\u00f6sa Kv\u00e4llar"},"content":{"rendered":"<p>Lars Hollmer and Coste Apetr\u00e9a from Samla Mammas Manna formed this group together with some horn musicians and members from Jukka Toloonen&#8217;s band. They performed once in a while and we just had to bring the recording equipment to whatever smokey club they were playing and try to catch the magic moments of their mixture of Balkan music, Swedish folk tunes, blues, jazz &#8211; in 1976 they were way ahead of their time. Discover this pearl from 1978!<\/p>\n<p>01. Sega<br \/>\n02. Magnus Ladul\u00e5ten<br \/>\n03. Bogdan dansar<br \/>\n04. Castaneda<br \/>\n05. Vall\u00e5ten<br \/>\n06. Den maskulina mystiken<br \/>\n07. Id\u00e9 och l\u00e4rdomshistoria<br \/>\n08. \u00c5reskutan<br \/>\n09. Sista mars<br \/>\n10. Esten<br \/>\n11. Raml\u00f6sa blues<br \/>\n12. Grekisk sorgmarsch (bonus track)<\/p>\n<p>Reissued 1993<\/p>\n<!-- AddThis Advanced Settings generic via filter on the_content --><!-- AddThis Share Buttons generic via filter on the_content -->","protected":false},"excerpt":{"rendered":"<p>Lars Hollmer and Coste Apetr\u00e9a from Samla Mammas Manna formed this group together with some horn musicians and members from Jukka Toloonen&#8217;s band. They performed once in a while and we just had to bring the recording equipment to whatever&#8230; <span class=\"readmore\"><a href=\"https:\/\/silence.se\/en\/shop\/ramlosa-kvallar-en\/ramlosa-kvallar-ramlosa-kvallar\/\">Read more<\/a><\/span><!-- AddThis Advanced Settings generic via filter on wp_trim_excerpt --><!-- AddThis Share Buttons generic via filter on wp_trim_excerpt --><\/p>\n","protected":false},"featured_media":834,"template":"","meta":{"_acf_changed":false,"_monsterinsights_skip_tracking":false,"_monsterinsights_sitenote_active":false,"_monsterinsights_sitenote_note":"","_monsterinsights_sitenote_category":0},"product_brand":[],"product_cat":[148],"product_tag":[16],"class_list":{"0":"post-513","1":"product","2":"type-product","3":"status-publish","4":"has-post-thumbnail","6":"product_cat-ramlosa-kvallar-en","7":"product_tag-cd-en","9":"first","10":"outofstock","11":"taxable","12":"shipping-taxable","13":"product-type-simple"},"acf":[],"_links":{"self":[{"href":"https:\/\/silence.se\/en\/wp-json\/wp\/v2\/product\/513","targetHints":{"allow":["GET"]}}],"collection":[{"href":"https:\/\/silence.se\/en\/wp-json\/wp\/v2\/product"}],"about":[{"href":"https:\/\/silence.se\/en\/wp-json\/wp\/v2\/types\/product"}],"wp:featuredmedia":[{"embeddable":true,"href":"https:\/\/silence.se\/en\/wp-json\/wp\/v2\/media\/834"}],"wp:attachment":[{"href":"https:\/\/silence.se\/en\/wp-json\/wp\/v2\/media?parent=513"}],"wp:term":[{"taxonomy":"product_brand","embeddable":true,"href":"https:\/\/silence.se\/en\/wp-json\/wp\/v2\/product_brand?post=513"},{"taxonomy":"product_cat","embeddable":true,"href":"https:\/\/silence.se\/en\/wp-json\/wp\/v2\/product_cat?post=513"},{"taxonomy":"product_tag","embeddable":true,"href":"https:\/\/silence.se\/en\/wp-json\/wp\/v2\/product_tag?post=513"}],"curies":[{"name":"wp","href":"https:\/\/api.w.org\/{rel}","templated":true}]}}