{"id":5121,"date":"2019-02-22T12:06:09","date_gmt":"2019-02-22T11:06:09","guid":{"rendered":"https:\/\/silence.se\/?post_type=product&#038;p=5121"},"modified":"2023-02-02T21:36:21","modified_gmt":"2023-02-02T20:36:21","slug":"ragnarok-ragnarok-50th-anniversary-edition","status":"publish","type":"product","link":"https:\/\/silence.se\/en\/shop\/ragnarok-en\/ragnarok-ragnarok-50th-anniversary-edition\/","title":{"rendered":"Ragnar\u00f6k &#8211; Ragnar\u00f6k 50th Anniversary Edition"},"content":{"rendered":"<p><strong>Ragnar\u00f6k<\/strong><\/p>\n<p style=\"font-weight: 400\">Ragnar\u00f6k was formed in Kalmar, Sweden, already in 1972 but was first released on record in 1976.<\/p>\n<p style=\"font-weight: 400\">From then on and still today their music has faithful listeners, but also new public in all of Europe as well as in Japan, South-Korea, New Zeeland, Venezuela, Australia.<\/p>\n<p style=\"font-weight: 400\">We often get questions from all corners of our world if their first record is still available for sale, so two years ago we made a new issue of 500 vinyl that was sold out quickly.<\/p>\n<p style=\"font-weight: 400\">And therefor \u2013 we will now celebrate that it is 50 years since the group that made this fantastic and undated music was formed!<\/p>\n<p style=\"font-weight: 400\">Doing so by releasing a new small issue on vinyl.<\/p>\n<p><strong>300 exclusive copies, including a poster of the full cover, an insert and inner sleeve with pictures.<br \/>\n180 gr colored vinyl<br \/>\n300 SEK<br \/>\nRELEASE NOVEMBER 10th 2022<\/strong><\/p>\n<p>&nbsp;<\/p>\n<p>A Side<br \/>\nFarv\u00e4l K\u00f6penhamn<br \/>\nPromenader<br \/>\nNybakat br\u00f6d<br \/>\nDagarnas skum<\/p>\n<p>B Side<br \/>\nPolska fr\u00e5n Calmar<br \/>\nFabriksfunky<br \/>\nTatanga Mani<br \/>\nFjottot<br \/>\nStiltje-Uppbrott<br \/>\nVattenpussar<\/p>\n<!-- AddThis Advanced Settings generic via filter on the_content --><!-- AddThis Share Buttons generic via filter on the_content -->","protected":false},"excerpt":{"rendered":"<p>Ragnar\u00f6k Ragnar\u00f6k was formed in Kalmar, Sweden, already in 1972 but was first released on record in 1976. From then on and still today their music has faithful listeners, but also new public in all of Europe as well as&#8230; <span class=\"readmore\"><a href=\"https:\/\/silence.se\/en\/shop\/ragnarok-en\/ragnarok-ragnarok-50th-anniversary-edition\/\">Read more<\/a><\/span><!-- AddThis Advanced Settings generic via filter on wp_trim_excerpt --><!-- AddThis Share Buttons generic via filter on wp_trim_excerpt --><\/p>\n","protected":false},"featured_media":5119,"template":"","meta":{"_acf_changed":false,"_monsterinsights_skip_tracking":false,"_monsterinsights_sitenote_active":false,"_monsterinsights_sitenote_note":"","_monsterinsights_sitenote_category":0},"product_brand":[],"product_cat":[147],"product_tag":[114],"class_list":{"0":"post-5121","1":"product","2":"type-product","3":"status-publish","4":"has-post-thumbnail","6":"product_cat-ragnarok-en","7":"product_tag-vinyl-lp","9":"first","10":"outofstock","11":"taxable","12":"shipping-taxable","13":"product-type-simple"},"acf":[],"_links":{"self":[{"href":"https:\/\/silence.se\/en\/wp-json\/wp\/v2\/product\/5121","targetHints":{"allow":["GET"]}}],"collection":[{"href":"https:\/\/silence.se\/en\/wp-json\/wp\/v2\/product"}],"about":[{"href":"https:\/\/silence.se\/en\/wp-json\/wp\/v2\/types\/product"}],"wp:featuredmedia":[{"embeddable":true,"href":"https:\/\/silence.se\/en\/wp-json\/wp\/v2\/media\/5119"}],"wp:attachment":[{"href":"https:\/\/silence.se\/en\/wp-json\/wp\/v2\/media?parent=5121"}],"wp:term":[{"taxonomy":"product_brand","embeddable":true,"href":"https:\/\/silence.se\/en\/wp-json\/wp\/v2\/product_brand?post=5121"},{"taxonomy":"product_cat","embeddable":true,"href":"https:\/\/silence.se\/en\/wp-json\/wp\/v2\/product_cat?post=5121"},{"taxonomy":"product_tag","embeddable":true,"href":"https:\/\/silence.se\/en\/wp-json\/wp\/v2\/product_tag?post=5121"}],"curies":[{"name":"wp","href":"https:\/\/api.w.org\/{rel}","templated":true}]}}