{"id":4963,"date":"2018-10-22T15:32:15","date_gmt":"2018-10-22T13:32:15","guid":{"rendered":"https:\/\/silence.se\/shop\/okategoriserad\/istallet-for-musik-forvirring-vinyl-10-100-g-release-2-november-2018\/"},"modified":"2021-03-02T01:25:12","modified_gmt":"2021-03-02T00:25:12","slug":"istallet-for-musik-forvirring-vinyl-10-100-g-release-2-november-2018","status":"publish","type":"product","link":"https:\/\/silence.se\/en\/shop\/bob-hund-en\/istallet-for-musik-forvirring-vinyl-10-100-g-release-2-november-2018\/","title":{"rendered":"Ist\u00e4llet f\u00f6r musik: F\u00f6rvirring Vinyl 10&#8243; 100 g. Release 2 November 2018"},"content":{"rendered":"<p>Release: 2 november<\/p>\n<p>Pris 220 SEK<\/p>\n<p>600 numrerade ex\u00a0 &#8211; 100 gram svart vinyl<\/p>\n<p>Sid A<\/p>\n<ol>\n<li>I st\u00e4llet f\u00f6r musik: f\u00f6rvirring<\/li>\n<li>Dubbel tvekan<\/li>\n<\/ol>\n<p>Sid B<\/p>\n<ol>\n<li>Plankton<\/li>\n<li>Min trampolin<\/li>\n<\/ol>\n<p>&nbsp;<\/p>\n<p>I april 1996 uppstod f\u00f6rvirring d\u00e5 videon till \u201dI st\u00e4llet f\u00f6r musik: f\u00f6rvirring\u201d b\u00f6rjade rotera p\u00e5 ZTV. Bandet promenerar Drottninggatan fram medan resten av stan g\u00e5r bakl\u00e4nges. Patrik Arve gjorde den perfekta videon till l\u00e5ten.<\/p>\n<p>Vad mer beh\u00f6ver s\u00e4gas om denna klassiker, nu med ny mastring av Hans Olsson Brooks, och numrerad upplaga?<\/p>\n<p>F\u00f6rhandsbest\u00e4ll h\u00e4r&gt;&gt;&gt;<\/p>\n<!-- AddThis Advanced Settings generic via filter on the_content --><!-- AddThis Share Buttons generic via filter on the_content -->","protected":false},"excerpt":{"rendered":"<p>Release: 2 november Pris 220 SEK 600 numrerade ex\u00a0 &#8211; 100 gram svart vinyl Sid A I st\u00e4llet f\u00f6r musik: f\u00f6rvirring Dubbel tvekan Sid B Plankton Min trampolin &nbsp; I april 1996 uppstod f\u00f6rvirring d\u00e5 videon till \u201dI st\u00e4llet f\u00f6r&#8230; <span class=\"readmore\"><a href=\"https:\/\/silence.se\/en\/shop\/bob-hund-en\/istallet-for-musik-forvirring-vinyl-10-100-g-release-2-november-2018\/\">Read more<\/a><\/span><!-- AddThis Advanced Settings generic via filter on wp_trim_excerpt --><!-- AddThis Share Buttons generic via filter on wp_trim_excerpt --><\/p>\n","protected":false},"featured_media":1102,"template":"","meta":{"_acf_changed":false,"_monsterinsights_skip_tracking":false,"_monsterinsights_sitenote_active":false,"_monsterinsights_sitenote_note":"","_monsterinsights_sitenote_category":0},"product_brand":[],"product_cat":[86],"product_tag":[252],"class_list":{"0":"post-4963","1":"product","2":"type-product","3":"status-publish","4":"has-post-thumbnail","6":"product_cat-bob-hund-en","7":"product_tag-10-vinyl-en","9":"first","10":"outofstock","11":"taxable","12":"shipping-taxable","13":"product-type-simple"},"acf":[],"_links":{"self":[{"href":"https:\/\/silence.se\/en\/wp-json\/wp\/v2\/product\/4963","targetHints":{"allow":["GET"]}}],"collection":[{"href":"https:\/\/silence.se\/en\/wp-json\/wp\/v2\/product"}],"about":[{"href":"https:\/\/silence.se\/en\/wp-json\/wp\/v2\/types\/product"}],"wp:featuredmedia":[{"embeddable":true,"href":"https:\/\/silence.se\/en\/wp-json\/wp\/v2\/media\/1102"}],"wp:attachment":[{"href":"https:\/\/silence.se\/en\/wp-json\/wp\/v2\/media?parent=4963"}],"wp:term":[{"taxonomy":"product_brand","embeddable":true,"href":"https:\/\/silence.se\/en\/wp-json\/wp\/v2\/product_brand?post=4963"},{"taxonomy":"product_cat","embeddable":true,"href":"https:\/\/silence.se\/en\/wp-json\/wp\/v2\/product_cat?post=4963"},{"taxonomy":"product_tag","embeddable":true,"href":"https:\/\/silence.se\/en\/wp-json\/wp\/v2\/product_tag?post=4963"}],"curies":[{"name":"wp","href":"https:\/\/api.w.org\/{rel}","templated":true}]}}