{"id":4706,"date":"2018-06-13T12:47:09","date_gmt":"2018-06-13T10:47:09","guid":{"rendered":"https:\/\/silence.se\/shop\/okategoriserad\/ett-fall-och-en-losning-dubbel-vinyl-7\/"},"modified":"2018-12-06T17:07:53","modified_gmt":"2018-12-06T16:07:53","slug":"ett-fall-och-en-losning-dubbel-vinyl-7","status":"publish","type":"product","link":"https:\/\/silence.se\/en\/shop\/bob-hund-en\/ett-fall-och-en-losning-dubbel-vinyl-7\/","title":{"rendered":"Ett Fall och en l\u00f6sning &#8211; Dubbel Vinyl 7&#8243;"},"content":{"rendered":"<p>Dubbel 7\u201d vinyl<br \/>\nPris 250 SEK<\/p>\n<p>Den h\u00e4r gener\u00f6sa dubbel singeln med 5 l\u00e5tar gavs ut i m\u00f6rkaste november 1997 f\u00f6r att sprida lite gl\u00e4dje. \u201dEtt fall &amp; en l\u00f6sning\u201d \u00e4r en bearbetning av Pere Ubus l\u00e5t \u201dFinal Solution\u201d d\u00e4r Grammisvinnaren Thomas \u00d6berg \u00f6vertrumfar sig sj\u00e4lv i att f\u00e5nga essensen i l\u00e5ten.<\/p>\n<p>Ommastrad av Hans Olsson Brookes, Svenska Grammofonfabriken.<\/p>\n<p>Endast 500 numrerade exemplar.<\/p>\n<p>Singel 1<\/p>\n<ol>\n<li>Ett fall och en l\u00f6sning<\/li>\n<li>Tillbaks p\u00e5 ruta ett<\/li>\n<li>Rock\u2019n\u2019roll tar d\u00f6d p\u00e5 mig<\/li>\n<\/ol>\n<p>Singel 2<\/p>\n<ol>\n<li>N\u00f6den kr\u00e4ver handling<\/li>\n<li>Rock\u2019n\u2019roll tar d\u00f6d p\u00e5 mig igen<\/li>\n<\/ol>\n<!-- AddThis Advanced Settings generic via filter on the_content --><!-- AddThis Share Buttons generic via filter on the_content -->","protected":false},"excerpt":{"rendered":"<p>Dubbel 7\u201d vinyl Pris 250 SEK Den h\u00e4r gener\u00f6sa dubbel singeln med 5 l\u00e5tar gavs ut i m\u00f6rkaste november 1997 f\u00f6r att sprida lite gl\u00e4dje. \u201dEtt fall &amp; en l\u00f6sning\u201d \u00e4r en bearbetning av Pere Ubus l\u00e5t \u201dFinal Solution\u201d d\u00e4r&#8230; <span class=\"readmore\"><a href=\"https:\/\/silence.se\/en\/shop\/bob-hund-en\/ett-fall-och-en-losning-dubbel-vinyl-7\/\">Read more<\/a><\/span><!-- AddThis Advanced Settings generic via filter on wp_trim_excerpt --><!-- AddThis Share Buttons generic via filter on wp_trim_excerpt --><\/p>\n","protected":false},"featured_media":1108,"template":"","meta":{"_acf_changed":false,"_monsterinsights_skip_tracking":false,"_monsterinsights_sitenote_active":false,"_monsterinsights_sitenote_note":"","_monsterinsights_sitenote_category":0},"product_brand":[],"product_cat":[86],"product_tag":[243],"class_list":{"0":"post-4706","1":"product","2":"type-product","3":"status-publish","4":"has-post-thumbnail","6":"product_cat-bob-hund-en","7":"product_tag-dubbel-vinyl-ep-en","9":"first","10":"outofstock","11":"taxable","12":"shipping-taxable","13":"product-type-simple"},"acf":[],"_links":{"self":[{"href":"https:\/\/silence.se\/en\/wp-json\/wp\/v2\/product\/4706","targetHints":{"allow":["GET"]}}],"collection":[{"href":"https:\/\/silence.se\/en\/wp-json\/wp\/v2\/product"}],"about":[{"href":"https:\/\/silence.se\/en\/wp-json\/wp\/v2\/types\/product"}],"wp:featuredmedia":[{"embeddable":true,"href":"https:\/\/silence.se\/en\/wp-json\/wp\/v2\/media\/1108"}],"wp:attachment":[{"href":"https:\/\/silence.se\/en\/wp-json\/wp\/v2\/media?parent=4706"}],"wp:term":[{"taxonomy":"product_brand","embeddable":true,"href":"https:\/\/silence.se\/en\/wp-json\/wp\/v2\/product_brand?post=4706"},{"taxonomy":"product_cat","embeddable":true,"href":"https:\/\/silence.se\/en\/wp-json\/wp\/v2\/product_cat?post=4706"},{"taxonomy":"product_tag","embeddable":true,"href":"https:\/\/silence.se\/en\/wp-json\/wp\/v2\/product_tag?post=4706"}],"curies":[{"name":"wp","href":"https:\/\/api.w.org\/{rel}","templated":true}]}}