{"id":4704,"date":"2018-06-13T12:40:19","date_gmt":"2018-06-13T10:40:19","guid":{"rendered":"https:\/\/silence.se\/shop\/okategoriserad\/jag-rear-ut-min-sjal-allt-ska-bort-12vinyl\/"},"modified":"2019-12-07T08:36:02","modified_gmt":"2019-12-07T07:36:02","slug":"jag-rear-ut-min-sjal-allt-ska-bort-12vinyl","status":"publish","type":"product","link":"https:\/\/silence.se\/en\/shop\/bob-hund-en\/jag-rear-ut-min-sjal-allt-ska-bort-12vinyl\/","title":{"rendered":"Jag rear ut min sj\u00e4l &#8211; allt ska bort &#8211; 12&#8243;vinyl"},"content":{"rendered":"<p>12\u201d vinyl<br \/>\n180 gr<br \/>\nPris 250 SEK<\/p>\n<p>I december 1998 damp den h\u00e4r plattan ner som ett ljus i m\u00f6rkret med idel hits och blev det stora genombrottet f\u00f6r bandet. Redan Helgen vecka 48 hade man anat vad som komma skulle d\u00e5 videon till l\u00e5ten b\u00f6rjade visas. Sedan dess \u00e4r just den helgen speciell f\u00f6r m\u00e5nga skandinaver.<\/p>\n<p>Ny vinylutg\u00e5va i 180 gr med riktigt texth\u00e4fte i LP format och ommastrad av Hans Olsson Brookes, Svenska Grammofonfabriken.<\/p>\n<p>Sida A<\/p>\n<ol>\n<li>Bob hunds 155:e dr\u00f6m<\/li>\n<li>Tralalala lilla molntuss, kom hit ska du f\u00e5 en puss<\/li>\n<li>Helgen v. 48<\/li>\n<li>Det \u00e4r nu det b\u00f6rjar<\/li>\n<li>God dag &amp; Adj\u00f6<\/li>\n<\/ol>\n<p>Sida B<\/p>\n<ol>\n<li>Nu \u00e4r det v\u00e4l revolution p\u00e5 g\u00e5ng?<\/li>\n<li>Raketmaskin<\/li>\n<li>Jag \u00e4r inte arg<\/li>\n<li>bob hund: 1999<\/li>\n<li>Jag rear ut min sj\u00e4l<\/li>\n<li>bob hunds 155:e s\u00e5ng<\/li>\n<\/ol>\n<!-- AddThis Advanced Settings generic via filter on the_content --><!-- AddThis Share Buttons generic via filter on the_content -->","protected":false},"excerpt":{"rendered":"<p>12\u201d vinyl 180 gr Pris 250 SEK I december 1998 damp den h\u00e4r plattan ner som ett ljus i m\u00f6rkret med idel hits och blev det stora genombrottet f\u00f6r bandet. Redan Helgen vecka 48 hade man anat vad som komma&#8230; <span class=\"readmore\"><a href=\"https:\/\/silence.se\/en\/shop\/bob-hund-en\/jag-rear-ut-min-sjal-allt-ska-bort-12vinyl\/\">Read more<\/a><\/span><!-- AddThis Advanced Settings generic via filter on wp_trim_excerpt --><!-- AddThis Share Buttons generic via filter on wp_trim_excerpt --><\/p>\n","protected":false},"featured_media":858,"template":"","meta":{"_acf_changed":false,"_monsterinsights_skip_tracking":false,"_monsterinsights_sitenote_active":false,"_monsterinsights_sitenote_note":"","_monsterinsights_sitenote_category":0},"product_brand":[],"product_cat":[86],"product_tag":[114],"class_list":{"0":"post-4704","1":"product","2":"type-product","3":"status-publish","4":"has-post-thumbnail","6":"product_cat-bob-hund-en","7":"product_tag-vinyl-lp","9":"first","10":"outofstock","11":"taxable","12":"shipping-taxable","13":"product-type-simple"},"acf":[],"_links":{"self":[{"href":"https:\/\/silence.se\/en\/wp-json\/wp\/v2\/product\/4704","targetHints":{"allow":["GET"]}}],"collection":[{"href":"https:\/\/silence.se\/en\/wp-json\/wp\/v2\/product"}],"about":[{"href":"https:\/\/silence.se\/en\/wp-json\/wp\/v2\/types\/product"}],"wp:featuredmedia":[{"embeddable":true,"href":"https:\/\/silence.se\/en\/wp-json\/wp\/v2\/media\/858"}],"wp:attachment":[{"href":"https:\/\/silence.se\/en\/wp-json\/wp\/v2\/media?parent=4704"}],"wp:term":[{"taxonomy":"product_brand","embeddable":true,"href":"https:\/\/silence.se\/en\/wp-json\/wp\/v2\/product_brand?post=4704"},{"taxonomy":"product_cat","embeddable":true,"href":"https:\/\/silence.se\/en\/wp-json\/wp\/v2\/product_cat?post=4704"},{"taxonomy":"product_tag","embeddable":true,"href":"https:\/\/silence.se\/en\/wp-json\/wp\/v2\/product_tag?post=4704"}],"curies":[{"name":"wp","href":"https:\/\/api.w.org\/{rel}","templated":true}]}}