{"id":4388,"date":"2018-02-26T13:49:18","date_gmt":"2018-02-26T12:49:18","guid":{"rendered":"https:\/\/silence.se\/shop\/okategoriserad\/remains-5-vinyl-lp-box\/"},"modified":"2023-03-17T22:09:05","modified_gmt":"2023-03-17T21:09:05","slug":"remains-5-vinyl-lp-box","status":"publish","type":"product","link":"https:\/\/silence.se\/en\/shop\/international-harvester-en\/remains-5-vinyl-lp-box\/","title":{"rendered":"Remains 5 Vinyl LP BOX"},"content":{"rendered":"<p><strong>RELEASE APRIL 20<sup>th<br \/>\n<\/sup><\/strong><strong>INTERNATIONAL HARVESTER \u00a050 years anniversary<br \/>\n<\/strong><strong>REMAINS &#8211; 5 LP BOX<br \/>\n<\/strong><strong>International Harvester emanated from P\u00e4rsson Sound and became later Tr\u00e4d, Gr\u00e4s och Stenar (Trees, Grass and Stones)<br \/>\n<\/strong><strong>\u00a0<\/strong>\u201cWe talked about making the music stop and stand perfectly still. And that did happen sometimes. We never let go of the drone. We hardly made any key changes and never changed chords.\u201d Sais member Thomas Tidholm<br \/>\nThomas Tidholm and Anders Lind, engineer of the early albums, have listened to two cases full of live recordings from 1967 to 1969.<br \/>\nAfter editing them, Anders has restored and mastered the material from the old cassette tapes and the original albums are transferred at 96 khz\/ 24 bits and also remastered by Anders.<br \/>\nThe box holds 5 LPs; the debut album \u201cSov Gott Rose-Marie\u201d from1968 and \u201cHem\u00e5t\u201d from 1969, 3 full bonus albums with live material, a poster, lots of pictures and a long interview with member Thomas Tidholm made by Mats Eriksson Dun\u00e9r.<br \/>\n<strong>International Harvester &#8211; Remains<br \/>\n<\/strong><strong>Limited edition 1500 ex.<br \/>\n<\/strong><strong>5 LP 180 gr black vinyl<br \/>\n<\/strong><strong>Silence SRSBX 3500<\/strong><\/p>\n<p><strong>LP 1 &#8211; SOV GOTT ROSE-MARIE<br \/>\n<\/strong>A<br \/>\nIn the Boundless Woods<br \/>\nThere is No Other Place<br \/>\nThe Runcorn Report on Western Progress<br \/>\nThe Prime Minister<br \/>\nHo Chi Minh<br \/>\nIt\u2019s Only Love<br \/>\nB<br \/>\nIt\u2019s Getting Late Now<br \/>\nOut to the Left<br \/>\nThe Summer Song<br \/>\nSleep Tight Rose-Marie<br \/>\nI Mourn You<br \/>\nHow to Survive<br \/>\n<strong>LP 2 &#8211; HEM\u00c5T<br \/>\n<\/strong>A<br \/>\nWhen the Lingonberries are Ripen<br \/>\nBeautiful Crystal<br \/>\nCock Polska<br \/>\nNepal Boogie<br \/>\nB<br \/>\nEverybody (Needs Somebody to Love)<br \/>\nBacon Tomorrow<br \/>\nAnd the Sun Rises<br \/>\n<strong>LP 3 &#8211; REMAINS 1<br \/>\n<\/strong>A<br \/>\nCello Spear<br \/>\nDeep Sleep and Whatever After<br \/>\nB<br \/>\nHarvest Times<br \/>\n<strong>LP 4 &#8211; REMAINS 2<br \/>\n<\/strong>A<br \/>\nHomeward<br \/>\nMedieval Machine<br \/>\nB<br \/>\nStreets of Stockholm<br \/>\n<strong>LP 5 &#8211; REMAINS 3<br \/>\n<\/strong>A<br \/>\nBlowing the Wind<br \/>\nHoarse Horse<br \/>\nDaring Drums<br \/>\nB<br \/>\nFrenzied Fiddler<br \/>\nMilano Mess<br \/>\nDada Babble Boogie<br \/>\nRemains<\/p>\n<p>&nbsp;<\/p>\n<!-- AddThis Advanced Settings generic via filter on the_content --><!-- AddThis Share Buttons generic via filter on the_content -->","protected":false},"excerpt":{"rendered":"<p>RELEASE APRIL 20th INTERNATIONAL HARVESTER \u00a050 years anniversary REMAINS &#8211; 5 LP BOX International Harvester emanated from P\u00e4rsson Sound and became later Tr\u00e4d, Gr\u00e4s och Stenar (Trees, Grass and Stones) \u00a0\u201cWe talked about making the music stop and stand perfectly&#8230; <span class=\"readmore\"><a href=\"https:\/\/silence.se\/en\/shop\/international-harvester-en\/remains-5-vinyl-lp-box\/\">Read more<\/a><\/span><!-- AddThis Advanced Settings generic via filter on wp_trim_excerpt --><!-- AddThis Share Buttons generic via filter on wp_trim_excerpt --><\/p>\n","protected":false},"featured_media":4383,"template":"","meta":{"_acf_changed":false,"_monsterinsights_skip_tracking":false,"_monsterinsights_sitenote_active":false,"_monsterinsights_sitenote_note":"","_monsterinsights_sitenote_category":0},"product_brand":[],"product_cat":[143],"product_tag":[241],"class_list":{"0":"post-4388","1":"product","2":"type-product","3":"status-publish","4":"has-post-thumbnail","6":"product_cat-international-harvester-en","7":"product_tag-5-lp-vinyl-box-en","9":"first","10":"outofstock","11":"taxable","12":"shipping-taxable","13":"product-type-simple"},"acf":[],"_links":{"self":[{"href":"https:\/\/silence.se\/en\/wp-json\/wp\/v2\/product\/4388","targetHints":{"allow":["GET"]}}],"collection":[{"href":"https:\/\/silence.se\/en\/wp-json\/wp\/v2\/product"}],"about":[{"href":"https:\/\/silence.se\/en\/wp-json\/wp\/v2\/types\/product"}],"wp:featuredmedia":[{"embeddable":true,"href":"https:\/\/silence.se\/en\/wp-json\/wp\/v2\/media\/4383"}],"wp:attachment":[{"href":"https:\/\/silence.se\/en\/wp-json\/wp\/v2\/media?parent=4388"}],"wp:term":[{"taxonomy":"product_brand","embeddable":true,"href":"https:\/\/silence.se\/en\/wp-json\/wp\/v2\/product_brand?post=4388"},{"taxonomy":"product_cat","embeddable":true,"href":"https:\/\/silence.se\/en\/wp-json\/wp\/v2\/product_cat?post=4388"},{"taxonomy":"product_tag","embeddable":true,"href":"https:\/\/silence.se\/en\/wp-json\/wp\/v2\/product_tag?post=4388"}],"curies":[{"name":"wp","href":"https:\/\/api.w.org\/{rel}","templated":true}]}}