{"id":3472,"date":"2015-07-23T17:59:23","date_gmt":"2015-07-23T15:59:23","guid":{"rendered":"https:\/\/silence.se\/?post_type=product&#038;p=3472"},"modified":"2017-10-10T16:55:17","modified_gmt":"2017-10-10T14:55:17","slug":"nattmacka-double-vinyl","status":"publish","type":"product","link":"https:\/\/silence.se\/en\/shop\/dag-vag-en\/nattmacka-double-vinyl\/","title":{"rendered":"Nattmacka &#8211; Double Vinyl &#8211; Live"},"content":{"rendered":"<p>1. Bland gamla och unga<br \/>\n2. Fattiga &amp; Rika<br \/>\n3. En l\u00e5ngsam eld<br \/>\n4. Sm\u00e5 hjul<br \/>\n5. En del av dej<br \/>\n6. Slaveri<br \/>\n7. Idioterna<br \/>\n8. (Ge) Bullen (Ett ben)<br \/>\n9. Nattsnack<br \/>\n10 L\u00e5t det komma ut<br \/>\n11 L\u00e5ng v\u00e4g<br \/>\n12 Jag vaknade upp<br \/>\n13 Min Pappa<br \/>\n14 Tjockhult<br \/>\n15 Hellre en raket<br \/>\n16 Dimma<br \/>\n17 Samma sak<br \/>\n18 Snoorblos<\/p>\n<p>Stig Vig aka Per Odeltorp, singer and frontman of legendary Dag Vag suddenly passed away in January 2012.<\/p>\n<p>For more than 30 years he led the band that sold over 300 000 albums, won some prestigious awards including Gold Records and for a period dominated the rock scene.<br \/>\nThis live album is recorded in December 2011 at a club in Stockholm in front of an enthusiastic crowd as it turned out to be the last gig with Stig Vig.<br \/>\nIt was one of those nights you had wished you were there.<\/p>\n<p>&nbsp;<\/p>\n<!-- AddThis Advanced Settings generic via filter on the_content --><!-- AddThis Share Buttons generic via filter on the_content -->","protected":false},"excerpt":{"rendered":"<p>1. Bland gamla och unga 2. Fattiga &amp; Rika 3. En l\u00e5ngsam eld 4. Sm\u00e5 hjul 5. En del av dej 6. Slaveri 7. Idioterna 8. (Ge) Bullen (Ett ben) 9. Nattsnack 10 L\u00e5t det komma ut 11 L\u00e5ng v\u00e4g&#8230; <span class=\"readmore\"><a href=\"https:\/\/silence.se\/en\/shop\/dag-vag-en\/nattmacka-double-vinyl\/\">Read more<\/a><\/span><!-- AddThis Advanced Settings generic via filter on wp_trim_excerpt --><!-- AddThis Share Buttons generic via filter on wp_trim_excerpt --><\/p>\n","protected":false},"featured_media":3454,"template":"","meta":{"_acf_changed":false,"_monsterinsights_skip_tracking":false,"_monsterinsights_sitenote_active":false,"_monsterinsights_sitenote_note":"","_monsterinsights_sitenote_category":0},"product_brand":[],"product_cat":[213],"product_tag":[114],"class_list":{"0":"post-3472","1":"product","2":"type-product","3":"status-publish","4":"has-post-thumbnail","6":"product_cat-dag-vag-en","7":"product_tag-vinyl-lp","9":"first","10":"outofstock","11":"taxable","12":"shipping-taxable","13":"product-type-simple"},"acf":[],"_links":{"self":[{"href":"https:\/\/silence.se\/en\/wp-json\/wp\/v2\/product\/3472","targetHints":{"allow":["GET"]}}],"collection":[{"href":"https:\/\/silence.se\/en\/wp-json\/wp\/v2\/product"}],"about":[{"href":"https:\/\/silence.se\/en\/wp-json\/wp\/v2\/types\/product"}],"wp:featuredmedia":[{"embeddable":true,"href":"https:\/\/silence.se\/en\/wp-json\/wp\/v2\/media\/3454"}],"wp:attachment":[{"href":"https:\/\/silence.se\/en\/wp-json\/wp\/v2\/media?parent=3472"}],"wp:term":[{"taxonomy":"product_brand","embeddable":true,"href":"https:\/\/silence.se\/en\/wp-json\/wp\/v2\/product_brand?post=3472"},{"taxonomy":"product_cat","embeddable":true,"href":"https:\/\/silence.se\/en\/wp-json\/wp\/v2\/product_cat?post=3472"},{"taxonomy":"product_tag","embeddable":true,"href":"https:\/\/silence.se\/en\/wp-json\/wp\/v2\/product_tag?post=3472"}],"curies":[{"name":"wp","href":"https:\/\/api.w.org\/{rel}","templated":true}]}}