{"id":3455,"date":"2015-07-23T12:28:18","date_gmt":"2015-07-23T10:28:18","guid":{"rendered":"https:\/\/silence.se\/shop\/uncategorized\/kackerlacka-2\/"},"modified":"2015-07-25T09:38:57","modified_gmt":"2015-07-25T07:38:57","slug":"kackerlacka","status":"publish","type":"product","link":"https:\/\/silence.se\/en\/shop\/dag-vag-en\/kackerlacka\/","title":{"rendered":"Kackerlacka"},"content":{"rendered":"<p>1. Bland gamla och unga<br \/>\n2. \u00c4r du redo<br \/>\n3. En del av dig<br \/>\n4. Sm\u00e5 hjul<br \/>\n5. Ven lyssnar p\u00e5 dej?<br \/>\n6. Jag vaknade upp<br \/>\n7. God bok<br \/>\n8. Schottis fr\u00e5n Idre<br \/>\n9. Jag blir galen<br \/>\n10 Y delat med 5<br \/>\n11 Tiden jagar oss alla<\/p>\n<p>On this album from 2006 the band is swinging like &#8220;in the good old days&#8221; in the early eighties.<\/p>\n<!-- AddThis Advanced Settings generic via filter on the_content --><!-- AddThis Share Buttons generic via filter on the_content -->","protected":false},"excerpt":{"rendered":"<p>1. Bland gamla och unga 2. \u00c4r du redo 3. En del av dig 4. Sm\u00e5 hjul 5. Ven lyssnar p\u00e5 dej? 6. Jag vaknade upp 7. God bok 8. Schottis fr\u00e5n Idre 9. Jag blir galen 10 Y delat&#8230; <span class=\"readmore\"><a href=\"https:\/\/silence.se\/en\/shop\/dag-vag-en\/kackerlacka\/\">Read more<\/a><\/span><!-- AddThis Advanced Settings generic via filter on wp_trim_excerpt --><!-- AddThis Share Buttons generic via filter on wp_trim_excerpt --><\/p>\n","protected":false},"featured_media":3452,"template":"","meta":{"_acf_changed":false,"_monsterinsights_skip_tracking":false,"_monsterinsights_sitenote_active":false,"_monsterinsights_sitenote_note":"","_monsterinsights_sitenote_category":0},"product_brand":[],"product_cat":[213],"product_tag":[16],"class_list":{"0":"post-3455","1":"product","2":"type-product","3":"status-publish","4":"has-post-thumbnail","6":"product_cat-dag-vag-en","7":"product_tag-cd-en","9":"first","10":"outofstock","11":"taxable","12":"shipping-taxable","13":"product-type-simple"},"acf":[],"_links":{"self":[{"href":"https:\/\/silence.se\/en\/wp-json\/wp\/v2\/product\/3455","targetHints":{"allow":["GET"]}}],"collection":[{"href":"https:\/\/silence.se\/en\/wp-json\/wp\/v2\/product"}],"about":[{"href":"https:\/\/silence.se\/en\/wp-json\/wp\/v2\/types\/product"}],"wp:featuredmedia":[{"embeddable":true,"href":"https:\/\/silence.se\/en\/wp-json\/wp\/v2\/media\/3452"}],"wp:attachment":[{"href":"https:\/\/silence.se\/en\/wp-json\/wp\/v2\/media?parent=3455"}],"wp:term":[{"taxonomy":"product_brand","embeddable":true,"href":"https:\/\/silence.se\/en\/wp-json\/wp\/v2\/product_brand?post=3455"},{"taxonomy":"product_cat","embeddable":true,"href":"https:\/\/silence.se\/en\/wp-json\/wp\/v2\/product_cat?post=3455"},{"taxonomy":"product_tag","embeddable":true,"href":"https:\/\/silence.se\/en\/wp-json\/wp\/v2\/product_tag?post=3455"}],"curies":[{"name":"wp","href":"https:\/\/api.w.org\/{rel}","templated":true}]}}