{"id":3241,"date":"2014-06-27T17:09:43","date_gmt":"2014-06-27T15:12:12","guid":{"rendered":"https:\/\/silence.se\/?post_type=product&#038;p=3241"},"modified":"2014-06-27T17:17:07","modified_gmt":"2014-06-27T15:17:07","slug":"final-koko-2","status":"publish","type":"product","link":"https:\/\/silence.se\/en\/shop\/cosmic-overdose-en\/final-koko-2\/","title":{"rendered":"Final Koko"},"content":{"rendered":"<p>Dan S\u00f6derqvist from \u00c4lgarnas Tr\u00e4dg\u00e5rd (Garden of the Elks) and Karls Gasleben from Anna Sj\u00e4lv Tredje started Cosmic Overdose in 1978.<br \/>\nInspired by the new wave in London with bands like Cabaret Voltaire and Joy Division they formed their own version of Punk and Synth with rather surrealistic lyrics in Swedish.<br \/>\nThe Swedish punk rockers didn\u2019t really understand Cosmic Overdose but the interest from USA and UK made them translate and record the \u201dbest of\u201d songs in English.<br \/>\nThey were only released on an MC, but here they are to listen to. Enjoy a piece of great music!<\/p>\n<!-- AddThis Advanced Settings generic via filter on the_content --><!-- AddThis Share Buttons generic via filter on the_content -->","protected":false},"excerpt":{"rendered":"<p>Dan S\u00f6derqvist from \u00c4lgarnas Tr\u00e4dg\u00e5rd (Garden of the Elks) and Karls Gasleben from Anna Sj\u00e4lv Tredje started Cosmic Overdose in 1978. Inspired by the new wave in London with bands like Cabaret Voltaire and Joy Division they formed their own&#8230; <span class=\"readmore\"><a href=\"https:\/\/silence.se\/en\/shop\/cosmic-overdose-en\/final-koko-2\/\">Read more<\/a><\/span><!-- AddThis Advanced Settings generic via filter on wp_trim_excerpt --><!-- AddThis Share Buttons generic via filter on wp_trim_excerpt --><\/p>\n","protected":false},"featured_media":3240,"template":"","meta":{"_acf_changed":false,"_monsterinsights_skip_tracking":false,"_monsterinsights_sitenote_active":false,"_monsterinsights_sitenote_note":"","_monsterinsights_sitenote_category":0},"product_brand":[],"product_cat":[221],"product_tag":[215],"class_list":{"0":"post-3241","1":"product","2":"type-product","3":"status-publish","4":"has-post-thumbnail","6":"product_cat-cosmic-overdose-en","7":"product_tag-digital","9":"first","10":"outofstock","11":"taxable","12":"shipping-taxable","13":"product-type-simple"},"acf":[],"_links":{"self":[{"href":"https:\/\/silence.se\/en\/wp-json\/wp\/v2\/product\/3241","targetHints":{"allow":["GET"]}}],"collection":[{"href":"https:\/\/silence.se\/en\/wp-json\/wp\/v2\/product"}],"about":[{"href":"https:\/\/silence.se\/en\/wp-json\/wp\/v2\/types\/product"}],"wp:featuredmedia":[{"embeddable":true,"href":"https:\/\/silence.se\/en\/wp-json\/wp\/v2\/media\/3240"}],"wp:attachment":[{"href":"https:\/\/silence.se\/en\/wp-json\/wp\/v2\/media?parent=3241"}],"wp:term":[{"taxonomy":"product_brand","embeddable":true,"href":"https:\/\/silence.se\/en\/wp-json\/wp\/v2\/product_brand?post=3241"},{"taxonomy":"product_cat","embeddable":true,"href":"https:\/\/silence.se\/en\/wp-json\/wp\/v2\/product_cat?post=3241"},{"taxonomy":"product_tag","embeddable":true,"href":"https:\/\/silence.se\/en\/wp-json\/wp\/v2\/product_tag?post=3241"}],"curies":[{"name":"wp","href":"https:\/\/api.w.org\/{rel}","templated":true}]}}