{"id":2916,"date":"2013-12-09T15:27:28","date_gmt":"2013-12-09T14:27:28","guid":{"rendered":"https:\/\/silence.se\/shop\/okategoriserat\/sover-aldrig-dubbel-vinyl-2\/"},"modified":"2013-12-11T12:49:26","modified_gmt":"2013-12-11T11:49:26","slug":"sover-aldrig-dubbel-vinyl","status":"publish","type":"product","link":"https:\/\/silence.se\/en\/shop\/bob-hund-en\/sover-aldrig-dubbel-vinyl\/","title":{"rendered":"Sover aldrig (Double Vinyl 12&#8243;)"},"content":{"rendered":"<p>Acknowledged as &#8220;best live band in Sweden&#8221; for years, the natural thing is to release a live album. Here you can hear it for yourself! Excellent sound and brilliant performance.<\/p>\n<p>01. Upp, upp, upp, ner<br \/>\n02. Nu \u00e4r det v\u00e4l revolution p\u00e5 g\u00e5ng?<br \/>\n03. H\u00f6rlurar<br \/>\n04. Mer \u00e4n s\u00e5 kan ingen bli<br \/>\n05. Rock&#8217;n&#8217;Roll tar d\u00f6d p\u00e5 mig<br \/>\n06. Allt p\u00e5 ett kort<br \/>\n07. Raketmaskinen<br \/>\n08. Kvicksilver<br \/>\n09. Jag rear ut min sj\u00e4l<br \/>\n10. Ett fall &amp; en l\u00f6sning<br \/>\n11. Ist\u00e4llet f\u00f6r musik: f\u00f6rvirring<br \/>\n12. Min trampolin<br \/>\n13. Det skulle vara l\u00e4tt f\u00f6r mig att s\u00e4ga att jag inte hittar hem, men det g\u00f6r jag; tror jag<br \/>\n14. Jag \u00e4r inte arg<br \/>\n15. &#8212;&#8212;&#8212;-<\/p>\n<p>Released 1999<\/p>\n<!-- AddThis Advanced Settings generic via filter on the_content --><!-- AddThis Share Buttons generic via filter on the_content -->","protected":false},"excerpt":{"rendered":"<p>Acknowledged as &#8220;best live band in Sweden&#8221; for years, the natural thing is to release a live album. Here you can hear it for yourself! Excellent sound and brilliant performance. 01. Upp, upp, upp, ner 02. Nu \u00e4r det v\u00e4l&#8230; <span class=\"readmore\"><a href=\"https:\/\/silence.se\/en\/shop\/bob-hund-en\/sover-aldrig-dubbel-vinyl\/\">Read more<\/a><\/span><!-- AddThis Advanced Settings generic via filter on wp_trim_excerpt --><!-- AddThis Share Buttons generic via filter on wp_trim_excerpt --><\/p>\n","protected":false},"featured_media":859,"template":"","meta":{"_acf_changed":false,"_monsterinsights_skip_tracking":false,"_monsterinsights_sitenote_active":false,"_monsterinsights_sitenote_note":"","_monsterinsights_sitenote_category":0},"product_brand":[],"product_cat":[86],"product_tag":[114],"class_list":{"0":"post-2916","1":"product","2":"type-product","3":"status-publish","4":"has-post-thumbnail","6":"product_cat-bob-hund-en","7":"product_tag-vinyl-lp","9":"first","10":"outofstock","11":"taxable","12":"shipping-taxable","13":"product-type-simple"},"acf":[],"_links":{"self":[{"href":"https:\/\/silence.se\/en\/wp-json\/wp\/v2\/product\/2916","targetHints":{"allow":["GET"]}}],"collection":[{"href":"https:\/\/silence.se\/en\/wp-json\/wp\/v2\/product"}],"about":[{"href":"https:\/\/silence.se\/en\/wp-json\/wp\/v2\/types\/product"}],"wp:featuredmedia":[{"embeddable":true,"href":"https:\/\/silence.se\/en\/wp-json\/wp\/v2\/media\/859"}],"wp:attachment":[{"href":"https:\/\/silence.se\/en\/wp-json\/wp\/v2\/media?parent=2916"}],"wp:term":[{"taxonomy":"product_brand","embeddable":true,"href":"https:\/\/silence.se\/en\/wp-json\/wp\/v2\/product_brand?post=2916"},{"taxonomy":"product_cat","embeddable":true,"href":"https:\/\/silence.se\/en\/wp-json\/wp\/v2\/product_cat?post=2916"},{"taxonomy":"product_tag","embeddable":true,"href":"https:\/\/silence.se\/en\/wp-json\/wp\/v2\/product_tag?post=2916"}],"curies":[{"name":"wp","href":"https:\/\/api.w.org\/{rel}","templated":true}]}}