{"id":2897,"date":"2013-12-09T14:42:02","date_gmt":"2013-12-09T13:42:02","guid":{"rendered":"https:\/\/silence.se\/shop\/okategoriserat\/jag-har-aldrig-bott-pa-en-landsvag-2\/"},"modified":"2013-12-09T14:42:49","modified_gmt":"2013-12-09T13:42:49","slug":"jag-har-aldrig-bott-pa-en-landsvag","status":"publish","type":"product","link":"https:\/\/silence.se\/en\/shop\/sci-fi-skane-en\/jag-har-aldrig-bott-pa-en-landsvag\/","title":{"rendered":"Jag har aldrig bott p\u00e5 en landsv\u00e4g"},"content":{"rendered":"<p>1. Jag har aldrig bott vid en landsv\u00e4g<br \/>\n2. Hyresg\u00e4sten (instrumental)<br \/>\n3. Hyresg\u00e4sten (och grannen har fest-mix)<\/p>\n<p>&nbsp;<\/p>\n<!-- AddThis Advanced Settings generic via filter on the_content --><!-- AddThis Share Buttons generic via filter on the_content -->","protected":false},"excerpt":{"rendered":"<p>1. Jag har aldrig bott vid en landsv\u00e4g 2. Hyresg\u00e4sten (instrumental) 3. Hyresg\u00e4sten (och grannen har fest-mix) &nbsp;<!-- AddThis Advanced Settings generic via filter on wp_trim_excerpt --><!-- AddThis Share Buttons generic via filter on wp_trim_excerpt --><\/p>\n","protected":false},"featured_media":2891,"template":"","meta":{"_acf_changed":false,"_monsterinsights_skip_tracking":false,"_monsterinsights_sitenote_active":false,"_monsterinsights_sitenote_note":"","_monsterinsights_sitenote_category":0},"product_brand":[],"product_cat":[183],"product_tag":[58],"class_list":{"0":"post-2897","1":"product","2":"type-product","3":"status-publish","4":"has-post-thumbnail","6":"product_cat-sci-fi-skane-en","7":"product_tag-cd-single","9":"first","10":"outofstock","11":"taxable","12":"shipping-taxable","13":"product-type-simple"},"acf":[],"_links":{"self":[{"href":"https:\/\/silence.se\/en\/wp-json\/wp\/v2\/product\/2897","targetHints":{"allow":["GET"]}}],"collection":[{"href":"https:\/\/silence.se\/en\/wp-json\/wp\/v2\/product"}],"about":[{"href":"https:\/\/silence.se\/en\/wp-json\/wp\/v2\/types\/product"}],"wp:featuredmedia":[{"embeddable":true,"href":"https:\/\/silence.se\/en\/wp-json\/wp\/v2\/media\/2891"}],"wp:attachment":[{"href":"https:\/\/silence.se\/en\/wp-json\/wp\/v2\/media?parent=2897"}],"wp:term":[{"taxonomy":"product_brand","embeddable":true,"href":"https:\/\/silence.se\/en\/wp-json\/wp\/v2\/product_brand?post=2897"},{"taxonomy":"product_cat","embeddable":true,"href":"https:\/\/silence.se\/en\/wp-json\/wp\/v2\/product_cat?post=2897"},{"taxonomy":"product_tag","embeddable":true,"href":"https:\/\/silence.se\/en\/wp-json\/wp\/v2\/product_tag?post=2897"}],"curies":[{"name":"wp","href":"https:\/\/api.w.org\/{rel}","templated":true}]}}