{"id":2785,"date":"2013-12-02T17:19:03","date_gmt":"2013-12-02T16:19:03","guid":{"rendered":"https:\/\/silence.se\/shop\/okategoriserat\/almanacka-2\/"},"modified":"2015-07-24T16:51:57","modified_gmt":"2015-07-24T14:51:57","slug":"almanacka","status":"publish","type":"product","link":"https:\/\/silence.se\/en\/shop\/dag-vag-en\/almanacka\/","title":{"rendered":"Almanacka"},"content":{"rendered":"<p>01 Hej &amp; H\u00e5<br \/>\n02 Snorbloos<br \/>\n03 Om D\u00f6den<br \/>\n04 Rockbullen<br \/>\n05 Hellre en Raket<br \/>\n06 Flyger<br \/>\n07 Diong<br \/>\n08 Takna &amp; Galna<br \/>\n09 Dimma<br \/>\n10 Soldans<br \/>\n11 P\u00e4r i Hagen<br \/>\n12 Nedolfrevlis<br \/>\n+<br \/>\n13 Tokna &amp; Galna<br \/>\n14 Myggan<br \/>\n15 Majskolv<br \/>\n16 Popitop<\/p>\n<!-- AddThis Advanced Settings generic via filter on the_content --><!-- AddThis Share Buttons generic via filter on the_content -->","protected":false},"excerpt":{"rendered":"<p>01 Hej &amp; H\u00e5 02 Snorbloos 03 Om D\u00f6den 04 Rockbullen 05 Hellre en Raket 06 Flyger 07 Diong 08 Takna &amp; Galna 09 Dimma 10 Soldans 11 P\u00e4r i Hagen 12 Nedolfrevlis + 13 Tokna &amp; Galna 14 Myggan&#8230; <span class=\"readmore\"><a href=\"https:\/\/silence.se\/en\/shop\/dag-vag-en\/almanacka\/\">Read more<\/a><\/span><!-- AddThis Advanced Settings generic via filter on wp_trim_excerpt --><!-- AddThis Share Buttons generic via filter on wp_trim_excerpt --><\/p>\n","protected":false},"featured_media":4172,"template":"","meta":{"_acf_changed":false,"_monsterinsights_skip_tracking":false,"_monsterinsights_sitenote_active":false,"_monsterinsights_sitenote_note":"","_monsterinsights_sitenote_category":0},"product_brand":[],"product_cat":[213],"product_tag":[16],"class_list":{"0":"post-2785","1":"product","2":"type-product","3":"status-publish","4":"has-post-thumbnail","6":"product_cat-dag-vag-en","7":"product_tag-cd-en","9":"first","10":"outofstock","11":"taxable","12":"shipping-taxable","13":"product-type-simple"},"acf":[],"_links":{"self":[{"href":"https:\/\/silence.se\/en\/wp-json\/wp\/v2\/product\/2785","targetHints":{"allow":["GET"]}}],"collection":[{"href":"https:\/\/silence.se\/en\/wp-json\/wp\/v2\/product"}],"about":[{"href":"https:\/\/silence.se\/en\/wp-json\/wp\/v2\/types\/product"}],"wp:featuredmedia":[{"embeddable":true,"href":"https:\/\/silence.se\/en\/wp-json\/wp\/v2\/media\/4172"}],"wp:attachment":[{"href":"https:\/\/silence.se\/en\/wp-json\/wp\/v2\/media?parent=2785"}],"wp:term":[{"taxonomy":"product_brand","embeddable":true,"href":"https:\/\/silence.se\/en\/wp-json\/wp\/v2\/product_brand?post=2785"},{"taxonomy":"product_cat","embeddable":true,"href":"https:\/\/silence.se\/en\/wp-json\/wp\/v2\/product_cat?post=2785"},{"taxonomy":"product_tag","embeddable":true,"href":"https:\/\/silence.se\/en\/wp-json\/wp\/v2\/product_tag?post=2785"}],"curies":[{"name":"wp","href":"https:\/\/api.w.org\/{rel}","templated":true}]}}