{"id":2778,"date":"2013-12-02T17:06:57","date_gmt":"2013-12-02T16:06:57","guid":{"rendered":"https:\/\/silence.se\/shop\/okategoriserat\/palsternacka-2\/"},"modified":"2015-07-24T16:44:37","modified_gmt":"2015-07-24T14:44:37","slug":"palsternacka","status":"publish","type":"product","link":"https:\/\/silence.se\/en\/shop\/dag-vag-en\/palsternacka\/","title":{"rendered":"Palsternacka"},"content":{"rendered":"<p>01 Musik<br \/>\n02 Rulla p\u00e5<br \/>\n03 L\u00e5t det komma ut<br \/>\n04 Vaskarubli<br \/>\n05 Jag har dr\u00f6mt<br \/>\n06 Samma sak<br \/>\n07 L\u00e5ng v\u00e4g<br \/>\n08 Tom<br \/>\n09 II D<br \/>\n10 Palstersnack<br \/>\n+<br \/>\n11 Trycke \u00e4r f\u00f6r mycke<br \/>\n12 Hellre en raket<br \/>\n13 Helvetets intro<br \/>\n14 Helvete ocks\u00e5<br \/>\n15 Bl\u00f6t dr\u00f6m<br \/>\n16 Kinesiska muren<br \/>\n17 Stars are Born and Die<br \/>\n18 Music &#038; Rhythm<\/p>\n<!-- AddThis Advanced Settings generic via filter on the_content --><!-- AddThis Share Buttons generic via filter on the_content -->","protected":false},"excerpt":{"rendered":"<p>01 Musik 02 Rulla p\u00e5 03 L\u00e5t det komma ut 04 Vaskarubli 05 Jag har dr\u00f6mt 06 Samma sak 07 L\u00e5ng v\u00e4g 08 Tom 09 II D 10 Palstersnack + 11 Trycke \u00e4r f\u00f6r mycke 12 Hellre en raket 13&#8230; <span class=\"readmore\"><a href=\"https:\/\/silence.se\/en\/shop\/dag-vag-en\/palsternacka\/\">Read more<\/a><\/span><!-- AddThis Advanced Settings generic via filter on wp_trim_excerpt --><!-- AddThis Share Buttons generic via filter on wp_trim_excerpt --><\/p>\n","protected":false},"featured_media":4170,"template":"","meta":{"_acf_changed":false,"_monsterinsights_skip_tracking":false,"_monsterinsights_sitenote_active":false,"_monsterinsights_sitenote_note":"","_monsterinsights_sitenote_category":0},"product_brand":[],"product_cat":[213],"product_tag":[16],"class_list":{"0":"post-2778","1":"product","2":"type-product","3":"status-publish","4":"has-post-thumbnail","6":"product_cat-dag-vag-en","7":"product_tag-cd-en","9":"first","10":"outofstock","11":"taxable","12":"shipping-taxable","13":"product-type-simple"},"acf":[],"_links":{"self":[{"href":"https:\/\/silence.se\/en\/wp-json\/wp\/v2\/product\/2778","targetHints":{"allow":["GET"]}}],"collection":[{"href":"https:\/\/silence.se\/en\/wp-json\/wp\/v2\/product"}],"about":[{"href":"https:\/\/silence.se\/en\/wp-json\/wp\/v2\/types\/product"}],"wp:featuredmedia":[{"embeddable":true,"href":"https:\/\/silence.se\/en\/wp-json\/wp\/v2\/media\/4170"}],"wp:attachment":[{"href":"https:\/\/silence.se\/en\/wp-json\/wp\/v2\/media?parent=2778"}],"wp:term":[{"taxonomy":"product_brand","embeddable":true,"href":"https:\/\/silence.se\/en\/wp-json\/wp\/v2\/product_brand?post=2778"},{"taxonomy":"product_cat","embeddable":true,"href":"https:\/\/silence.se\/en\/wp-json\/wp\/v2\/product_cat?post=2778"},{"taxonomy":"product_tag","embeddable":true,"href":"https:\/\/silence.se\/en\/wp-json\/wp\/v2\/product_tag?post=2778"}],"curies":[{"name":"wp","href":"https:\/\/api.w.org\/{rel}","templated":true}]}}