{"id":2768,"date":"2013-12-02T16:57:17","date_gmt":"2013-12-02T15:57:17","guid":{"rendered":"https:\/\/silence.se\/shop\/okategoriserat\/dag-vag-2\/"},"modified":"2015-07-24T16:38:48","modified_gmt":"2015-07-24T14:38:48","slug":"dag-vag","status":"publish","type":"product","link":"https:\/\/silence.se\/en\/shop\/dag-vag-en\/dag-vag\/","title":{"rendered":"Dag Vag"},"content":{"rendered":"<p>1 Sanningens Silverflod<br \/>\n2 Jag blev inte h\u00f6g<br \/>\n3 Snorbloos<br \/>\n4 Min Tunna<br \/>\n5 Glappkontakt<br \/>\n6 Idioterna<br \/>\n7 Slaveri<br \/>\n8 Ogr\u00e4set<br \/>\n9 Va spelar det f\u00f6r roll<br \/>\n+<br \/>\n10 Tokna &amp; Galna<br \/>\n11 S\u00e5nt \u00e4r livet<br \/>\n12 Flyger<br \/>\n13 N\u00e4r v\u00e4rlden st\u00e5r still<br \/>\n14 Dimma<\/p>\n<!-- AddThis Advanced Settings generic via filter on the_content --><!-- AddThis Share Buttons generic via filter on the_content -->","protected":false},"excerpt":{"rendered":"<p>1 Sanningens Silverflod 2 Jag blev inte h\u00f6g 3 Snorbloos 4 Min Tunna 5 Glappkontakt 6 Idioterna 7 Slaveri 8 Ogr\u00e4set 9 Va spelar det f\u00f6r roll + 10 Tokna &amp; Galna 11 S\u00e5nt \u00e4r livet 12 Flyger 13 N\u00e4r&#8230; <span class=\"readmore\"><a href=\"https:\/\/silence.se\/en\/shop\/dag-vag-en\/dag-vag\/\">Read more<\/a><\/span><!-- AddThis Advanced Settings generic via filter on wp_trim_excerpt --><!-- AddThis Share Buttons generic via filter on wp_trim_excerpt --><\/p>\n","protected":false},"featured_media":4166,"template":"","meta":{"_acf_changed":false,"_monsterinsights_skip_tracking":false,"_monsterinsights_sitenote_active":false,"_monsterinsights_sitenote_note":"","_monsterinsights_sitenote_category":0},"product_brand":[],"product_cat":[213],"product_tag":[16],"class_list":{"0":"post-2768","1":"product","2":"type-product","3":"status-publish","4":"has-post-thumbnail","6":"product_cat-dag-vag-en","7":"product_tag-cd-en","9":"first","10":"outofstock","11":"taxable","12":"shipping-taxable","13":"product-type-simple"},"acf":[],"_links":{"self":[{"href":"https:\/\/silence.se\/en\/wp-json\/wp\/v2\/product\/2768","targetHints":{"allow":["GET"]}}],"collection":[{"href":"https:\/\/silence.se\/en\/wp-json\/wp\/v2\/product"}],"about":[{"href":"https:\/\/silence.se\/en\/wp-json\/wp\/v2\/types\/product"}],"wp:featuredmedia":[{"embeddable":true,"href":"https:\/\/silence.se\/en\/wp-json\/wp\/v2\/media\/4166"}],"wp:attachment":[{"href":"https:\/\/silence.se\/en\/wp-json\/wp\/v2\/media?parent=2768"}],"wp:term":[{"taxonomy":"product_brand","embeddable":true,"href":"https:\/\/silence.se\/en\/wp-json\/wp\/v2\/product_brand?post=2768"},{"taxonomy":"product_cat","embeddable":true,"href":"https:\/\/silence.se\/en\/wp-json\/wp\/v2\/product_cat?post=2768"},{"taxonomy":"product_tag","embeddable":true,"href":"https:\/\/silence.se\/en\/wp-json\/wp\/v2\/product_tag?post=2768"}],"curies":[{"name":"wp","href":"https:\/\/api.w.org\/{rel}","templated":true}]}}