{"id":2766,"date":"2013-12-02T16:47:37","date_gmt":"2013-12-02T15:47:37","guid":{"rendered":"https:\/\/silence.se\/shop\/okategoriserat\/12-sibiriska-cycklar-2\/"},"modified":"2014-03-24T11:38:39","modified_gmt":"2014-03-24T10:38:39","slug":"12-sibiriska-cycklar","status":"publish","type":"product","link":"https:\/\/silence.se\/en\/shop\/lars-hollmer-en\/12-sibiriska-cycklar\/","title":{"rendered":"XII Sibiriska cycklar"},"content":{"rendered":"<p>01 Avl\u00e4gsen strandvals<br \/>\n02 Piano de Jugugte<br \/>\n03 Hajar du idealfamiljen ?<br \/>\n04 Endlich ein Zamba<br \/>\n05 Inga pengar<br \/>\n06 Kamelsv\u00e4ng<br \/>\n07 Ja \u00e4nte fl\u00f6ttar ja te sj\u00f6ss<br \/>\n08 Boeves psalm<br \/>\n09 Jag v\u00e4ntar p\u00e5 Pelle<br \/>\n10 Bluesen<br \/>\n11 44 sekunder k\u00f6pt speldosa<br \/>\n12 Ung Harald<br \/>\n13 Litet piano<\/p>\n<\/div>\n<\/div>\n<!-- AddThis Advanced Settings generic via filter on the_content --><!-- AddThis Share Buttons generic via filter on the_content -->","protected":false},"excerpt":{"rendered":"<p>01 Avl\u00e4gsen strandvals 02 Piano de Jugugte 03 Hajar du idealfamiljen ? 04 Endlich ein Zamba 05 Inga pengar 06 Kamelsv\u00e4ng 07 Ja \u00e4nte fl\u00f6ttar ja te sj\u00f6ss 08 Boeves psalm 09 Jag v\u00e4ntar p\u00e5 Pelle 10 Bluesen 11 44&#8230; <span class=\"readmore\"><a href=\"https:\/\/silence.se\/en\/shop\/lars-hollmer-en\/12-sibiriska-cycklar\/\">Read more<\/a><\/span><!-- AddThis Advanced Settings generic via filter on wp_trim_excerpt --><!-- AddThis Share Buttons generic via filter on wp_trim_excerpt --><\/p>\n","protected":false},"featured_media":2368,"template":"","meta":{"_acf_changed":false,"_monsterinsights_skip_tracking":false,"_monsterinsights_sitenote_active":false,"_monsterinsights_sitenote_note":"","_monsterinsights_sitenote_category":0},"product_brand":[],"product_cat":[211],"product_tag":[16],"class_list":{"0":"post-2766","1":"product","2":"type-product","3":"status-publish","4":"has-post-thumbnail","6":"product_cat-lars-hollmer-en","7":"product_tag-cd-en","9":"first","10":"outofstock","11":"taxable","12":"shipping-taxable","13":"product-type-simple"},"acf":[],"_links":{"self":[{"href":"https:\/\/silence.se\/en\/wp-json\/wp\/v2\/product\/2766","targetHints":{"allow":["GET"]}}],"collection":[{"href":"https:\/\/silence.se\/en\/wp-json\/wp\/v2\/product"}],"about":[{"href":"https:\/\/silence.se\/en\/wp-json\/wp\/v2\/types\/product"}],"wp:featuredmedia":[{"embeddable":true,"href":"https:\/\/silence.se\/en\/wp-json\/wp\/v2\/media\/2368"}],"wp:attachment":[{"href":"https:\/\/silence.se\/en\/wp-json\/wp\/v2\/media?parent=2766"}],"wp:term":[{"taxonomy":"product_brand","embeddable":true,"href":"https:\/\/silence.se\/en\/wp-json\/wp\/v2\/product_brand?post=2766"},{"taxonomy":"product_cat","embeddable":true,"href":"https:\/\/silence.se\/en\/wp-json\/wp\/v2\/product_cat?post=2766"},{"taxonomy":"product_tag","embeddable":true,"href":"https:\/\/silence.se\/en\/wp-json\/wp\/v2\/product_tag?post=2766"}],"curies":[{"name":"wp","href":"https:\/\/api.w.org\/{rel}","templated":true}]}}