{"id":2507,"date":"2013-11-28T16:24:50","date_gmt":"2013-11-28T15:24:50","guid":{"rendered":"https:\/\/silence.se\/shop\/okategoriserat\/bajkan-och-ballman-2\/"},"modified":"2019-05-25T00:41:27","modified_gmt":"2019-05-24T22:41:27","slug":"bajkan-och-ballman","status":"publish","type":"product","link":"https:\/\/silence.se\/en\/shop\/hajkan-bajkan-en\/bajkan-och-ballman\/","title":{"rendered":"B\u00e4jk\u00e5n och B\u00e4llman"},"content":{"rendered":"<p>01 B\u00e4jk\u00e5n och B\u00e4llman<br \/>\n02 Do Di B\u00e4jk\u00e5n<br \/>\n03 Jag vill ha en kossa<br \/>\n04 H\u00e4r kommer jag<br \/>\n05 Var \u00e4r du min gamle v\u00e4n<br \/>\n06 \u00c4ventyrsvalsen<br \/>\n07 Flottark\u00e4rlek<br \/>\n08 Semmelsamba<br \/>\n09 Vila<br \/>\n10 Vandringsl\u00e5t<br \/>\n11 Dumma dumma<br \/>\n12 Tr\u00e4dg\u00e5rdsm\u00e4staren<br \/>\n13 Ljus\u00e4ngel<br \/>\n14 Den gamla julgransbelysningen<\/p>\n<!-- AddThis Advanced Settings generic via filter on the_content --><!-- AddThis Share Buttons generic via filter on the_content -->","protected":false},"excerpt":{"rendered":"<p>01 B\u00e4jk\u00e5n och B\u00e4llman 02 Do Di B\u00e4jk\u00e5n 03 Jag vill ha en kossa 04 H\u00e4r kommer jag 05 Var \u00e4r du min gamle v\u00e4n 06 \u00c4ventyrsvalsen 07 Flottark\u00e4rlek 08 Semmelsamba 09 Vila 10 Vandringsl\u00e5t 11 Dumma dumma 12 Tr\u00e4dg\u00e5rdsm\u00e4staren&#8230; <span class=\"readmore\"><a href=\"https:\/\/silence.se\/en\/shop\/hajkan-bajkan-en\/bajkan-och-ballman\/\">Read more<\/a><\/span><!-- AddThis Advanced Settings generic via filter on wp_trim_excerpt --><!-- AddThis Share Buttons generic via filter on wp_trim_excerpt --><\/p>\n","protected":false},"featured_media":841,"template":"","meta":{"_acf_changed":false,"_monsterinsights_skip_tracking":false,"_monsterinsights_sitenote_active":false,"_monsterinsights_sitenote_note":"","_monsterinsights_sitenote_category":0},"product_brand":[],"product_cat":[207],"product_tag":[16],"class_list":{"0":"post-2507","1":"product","2":"type-product","3":"status-publish","4":"has-post-thumbnail","6":"product_cat-hajkan-bajkan-en","7":"product_tag-cd-en","9":"first","10":"outofstock","11":"taxable","12":"shipping-taxable","13":"product-type-simple"},"acf":[],"_links":{"self":[{"href":"https:\/\/silence.se\/en\/wp-json\/wp\/v2\/product\/2507","targetHints":{"allow":["GET"]}}],"collection":[{"href":"https:\/\/silence.se\/en\/wp-json\/wp\/v2\/product"}],"about":[{"href":"https:\/\/silence.se\/en\/wp-json\/wp\/v2\/types\/product"}],"wp:featuredmedia":[{"embeddable":true,"href":"https:\/\/silence.se\/en\/wp-json\/wp\/v2\/media\/841"}],"wp:attachment":[{"href":"https:\/\/silence.se\/en\/wp-json\/wp\/v2\/media?parent=2507"}],"wp:term":[{"taxonomy":"product_brand","embeddable":true,"href":"https:\/\/silence.se\/en\/wp-json\/wp\/v2\/product_brand?post=2507"},{"taxonomy":"product_cat","embeddable":true,"href":"https:\/\/silence.se\/en\/wp-json\/wp\/v2\/product_cat?post=2507"},{"taxonomy":"product_tag","embeddable":true,"href":"https:\/\/silence.se\/en\/wp-json\/wp\/v2\/product_tag?post=2507"}],"curies":[{"name":"wp","href":"https:\/\/api.w.org\/{rel}","templated":true}]}}