{"id":2492,"date":"2013-11-28T15:26:51","date_gmt":"2013-11-28T14:26:51","guid":{"rendered":"https:\/\/silence.se\/shop\/okategoriserat\/ar-du-sa-barnslig-eller-2\/"},"modified":"2013-12-06T18:48:37","modified_gmt":"2013-12-06T17:48:37","slug":"ar-du-sa-barnslig-eller","status":"publish","type":"product","link":"https:\/\/silence.se\/en\/shop\/hajkan-bajkan-en\/ar-du-sa-barnslig-eller\/","title":{"rendered":"\u00c4r du s\u00e5 barnslig eller&#8230;?"},"content":{"rendered":"<p>01 B\u00e4llmans Epistel Nr. 1<br \/>\n02 Per Olsson<br \/>\n03 Pappas Papegoja<br \/>\n04 Bonden Och Kr\u00e5kan<br \/>\n05 Ett Gammalt Fult Och Elakt Troll<br \/>\n06 Tr\u00e4dg\u00e5rdsm\u00e4staren (Klippe Klippe Gr\u00e4samattan)<br \/>\n07 \u00c4r Du  S\u00e5 Barnslig Eller?<br \/>\n08 B\u00e4llmans Epistel Nr. 2<br \/>\n09 L\u00e5ngt Nere I Dala<br \/>\n10 G\u00f6ra Bort Sig<br \/>\n11 Josefin<br \/>\n12 Jag Vill Ha En Kossa<br \/>\n13 Unna Dig Att Vara Glad<br \/>\n14 Liten Stj\u00e4rna<\/p>\n<!-- AddThis Advanced Settings generic via filter on the_content --><!-- AddThis Share Buttons generic via filter on the_content -->","protected":false},"excerpt":{"rendered":"<p>01 B\u00e4llmans Epistel Nr. 1 02 Per Olsson 03 Pappas Papegoja 04 Bonden Och Kr\u00e5kan 05 Ett Gammalt Fult Och Elakt Troll 06 Tr\u00e4dg\u00e5rdsm\u00e4staren (Klippe Klippe Gr\u00e4samattan) 07 \u00c4r Du S\u00e5 Barnslig Eller? 08 B\u00e4llmans Epistel Nr. 2 09 L\u00e5ngt&#8230; <span class=\"readmore\"><a href=\"https:\/\/silence.se\/en\/shop\/hajkan-bajkan-en\/ar-du-sa-barnslig-eller\/\">Read more<\/a><\/span><!-- AddThis Advanced Settings generic via filter on wp_trim_excerpt --><!-- AddThis Share Buttons generic via filter on wp_trim_excerpt --><\/p>\n","protected":false},"featured_media":918,"template":"","meta":{"_acf_changed":false,"_monsterinsights_skip_tracking":false,"_monsterinsights_sitenote_active":false,"_monsterinsights_sitenote_note":"","_monsterinsights_sitenote_category":0},"product_brand":[],"product_cat":[207],"product_tag":[16],"class_list":{"0":"post-2492","1":"product","2":"type-product","3":"status-publish","4":"has-post-thumbnail","6":"product_cat-hajkan-bajkan-en","7":"product_tag-cd-en","9":"first","10":"outofstock","11":"taxable","12":"shipping-taxable","13":"product-type-simple"},"acf":[],"_links":{"self":[{"href":"https:\/\/silence.se\/en\/wp-json\/wp\/v2\/product\/2492","targetHints":{"allow":["GET"]}}],"collection":[{"href":"https:\/\/silence.se\/en\/wp-json\/wp\/v2\/product"}],"about":[{"href":"https:\/\/silence.se\/en\/wp-json\/wp\/v2\/types\/product"}],"wp:featuredmedia":[{"embeddable":true,"href":"https:\/\/silence.se\/en\/wp-json\/wp\/v2\/media\/918"}],"wp:attachment":[{"href":"https:\/\/silence.se\/en\/wp-json\/wp\/v2\/media?parent=2492"}],"wp:term":[{"taxonomy":"product_brand","embeddable":true,"href":"https:\/\/silence.se\/en\/wp-json\/wp\/v2\/product_brand?post=2492"},{"taxonomy":"product_cat","embeddable":true,"href":"https:\/\/silence.se\/en\/wp-json\/wp\/v2\/product_cat?post=2492"},{"taxonomy":"product_tag","embeddable":true,"href":"https:\/\/silence.se\/en\/wp-json\/wp\/v2\/product_tag?post=2492"}],"curies":[{"name":"wp","href":"https:\/\/api.w.org\/{rel}","templated":true}]}}