{"id":2484,"date":"2013-11-28T12:25:07","date_gmt":"2013-11-28T11:25:07","guid":{"rendered":"https:\/\/silence.se\/shop\/okategoriserat\/vild-i-skogen-2\/"},"modified":"2013-12-06T18:16:29","modified_gmt":"2013-12-06T17:16:29","slug":"vild-i-skogen","status":"publish","type":"product","link":"https:\/\/silence.se\/en\/shop\/compilation\/vild-i-skogen\/","title":{"rendered":"Vild i Skogen"},"content":{"rendered":"<p>CD I<br \/>\nCamouflage &#8211; Tornman<br \/>\nDag Vag &#8211; Vad g\u00f6r du d\u00e5?<br \/>\nEldkvarn &#8211; 3:ans sp\u00e5rvagn genom ljuva livet<br \/>\nGina Jacobi &#8211; F\u00e5glar<br \/>\nKebnekaise &#8211; Frestelser i staden<br \/>\nKenny H\u00e5kansson &#8211; G\u00e5ngl\u00e5t<br \/>\nLars Hollmer &#8211; BoEves psalm<br \/>\nPer Cussion\/Dr. John &#8211; Walk On Guilded Splinters<br \/>\nRaml\u00f6sa Kv\u00e4llar &#8211; Den maskulina mystiken<br \/>\nSamla Mammas Manna &#8211; Svackorpo\u00e4ngen<br \/>\nThomas Mera Gartz &#8211; Busspassagerarens s\u00e5ng<br \/>\nThomas Tidholm &#8211; \u00c4nglar<br \/>\nThomas Wiehe &#8211; Vargen<br \/>\nTillsammans &#8211; Till Cathrine<br \/>\nTr\u00e4d, Gr\u00e4s &amp; Stenar &#8211; Sanningens silverflod<br \/>\nTraste Lind\u00e9ns Kvintett &#8211; Lycklig man<br \/>\nTwice A Man &#8211; Move<br \/>\nUnderjordiska Lyxorkestern &#8211; F\u00f6rbjuden luft<br \/>\nUrban Turban &#8211; Rollin\u00b4 and Tumblin\u00b4<\/p>\n<p>CD II<br \/>\n\u00c4lgarnas Tr\u00e4dg\u00e5rd &#8211; Framtidens barn<br \/>\nAston Reimers Rivaler med M.A. Numminen &#8211; Sl\u00e5 mig med din rytmenpinne<br \/>\nBo Hansson &#8211; Vandringsvisa<br \/>\nbob hund &#8211; Mer \u00e4n s\u00e5 kan ingen bli<br \/>\nCosmic Overdose &#8211; Puppan<br \/>\nDr Zeke &#8211; Jag ska aldrig d\u00f6<br \/>\nGrisen Skriker &#8211; 1000 punks<br \/>\nGudibrallan &#8211; Fy p\u00e5 sig sosse<br \/>\nHassan &#8211; Do The Choka Choka<br \/>\nHedningarna &#8211; T\u00e4ss\u00b4 on nainen<br \/>\nInternational Harvester &#8211; Dies Irae\/Villandeskogen<br \/>\nJan Hammarlund &#8211; Valarna som sjunger<br \/>\nKai Martin &amp; Stick! &#8211; Man skall vara som ett vilddjur i \u00e5r<br \/>\nPhilemon Arthur And The Dung &#8211; Ingenting i din hj\u00e4rna<br \/>\nPhilemon Arthur And The Dung &#8211; Min hund<br \/>\nRagnar\u00f6k &#8211; Farvel K\u00f6benhavn<br \/>\nRobert Zero Broberg &#8211; Vatten<br \/>\nTomas &#8220;B\u00e4jk\u00e5n&#8221; Forsell &#8211; \u00c4r du s\u00e5 barnslig, eller\u2026.?<br \/>\nTurid &#8211; Tom i bollen<br \/>\nZilverzurfarn &#8211; Var inte r\u00e4dd<\/p>\n<p>Utgivnings\u00e5r 1995<\/p>\n<!-- AddThis Advanced Settings generic via filter on the_content --><!-- AddThis Share Buttons generic via filter on the_content -->","protected":false},"excerpt":{"rendered":"<p>CD I Camouflage &#8211; Tornman Dag Vag &#8211; Vad g\u00f6r du d\u00e5? Eldkvarn &#8211; 3:ans sp\u00e5rvagn genom ljuva livet Gina Jacobi &#8211; F\u00e5glar Kebnekaise &#8211; Frestelser i staden Kenny H\u00e5kansson &#8211; G\u00e5ngl\u00e5t Lars Hollmer &#8211; BoEves psalm Per Cussion\/Dr. John&#8230; <span class=\"readmore\"><a href=\"https:\/\/silence.se\/en\/shop\/compilation\/vild-i-skogen\/\">Read more<\/a><\/span><!-- AddThis Advanced Settings generic via filter on wp_trim_excerpt --><!-- AddThis Share Buttons generic via filter on wp_trim_excerpt --><\/p>\n","protected":false},"featured_media":920,"template":"","meta":{"_acf_changed":false,"_monsterinsights_skip_tracking":false,"_monsterinsights_sitenote_active":false,"_monsterinsights_sitenote_note":"","_monsterinsights_sitenote_category":0},"product_brand":[],"product_cat":[203],"product_tag":[16],"class_list":{"0":"post-2484","1":"product","2":"type-product","3":"status-publish","4":"has-post-thumbnail","6":"product_cat-compilation","7":"product_tag-cd-en","9":"first","10":"outofstock","11":"taxable","12":"shipping-taxable","13":"product-type-simple"},"acf":[],"_links":{"self":[{"href":"https:\/\/silence.se\/en\/wp-json\/wp\/v2\/product\/2484","targetHints":{"allow":["GET"]}}],"collection":[{"href":"https:\/\/silence.se\/en\/wp-json\/wp\/v2\/product"}],"about":[{"href":"https:\/\/silence.se\/en\/wp-json\/wp\/v2\/types\/product"}],"wp:featuredmedia":[{"embeddable":true,"href":"https:\/\/silence.se\/en\/wp-json\/wp\/v2\/media\/920"}],"wp:attachment":[{"href":"https:\/\/silence.se\/en\/wp-json\/wp\/v2\/media?parent=2484"}],"wp:term":[{"taxonomy":"product_brand","embeddable":true,"href":"https:\/\/silence.se\/en\/wp-json\/wp\/v2\/product_brand?post=2484"},{"taxonomy":"product_cat","embeddable":true,"href":"https:\/\/silence.se\/en\/wp-json\/wp\/v2\/product_cat?post=2484"},{"taxonomy":"product_tag","embeddable":true,"href":"https:\/\/silence.se\/en\/wp-json\/wp\/v2\/product_tag?post=2484"}],"curies":[{"name":"wp","href":"https:\/\/api.w.org\/{rel}","templated":true}]}}