{"id":1882,"date":"2013-11-21T17:31:21","date_gmt":"2013-11-21T16:31:21","guid":{"rendered":"http:\/\/silence.se.hemsida.eu\/shop\/okategoriserat\/jarnvagsrals-2\/"},"modified":"2013-12-07T23:58:33","modified_gmt":"2013-12-07T22:58:33","slug":"jarnvagsrals","status":"publish","type":"product","link":"https:\/\/silence.se\/en\/shop\/jan-hammarlund-en\/jarnvagsrals\/","title":{"rendered":"J\u00e4rnv\u00e4gsr\u00e4ls"},"content":{"rendered":"<p>01. Entr\u00e9<br \/>\n02. Hj\u00e4rtats rop<br \/>\n03. Jag vill leva i Europa<br \/>\n04. Snurra min jord<br \/>\n05. J\u00e4rnv\u00e4gsr\u00e4ls<br \/>\n06. Jag vill ha dig<br \/>\n07. Har du h\u00f6rt hans namn?<br \/>\n08. N\u00e4rsomhelst<br \/>\n09. Jag f\u00f6ljer r\u00e4lsen<\/p>\n<!-- AddThis Advanced Settings generic via filter on the_content --><!-- AddThis Share Buttons generic via filter on the_content -->","protected":false},"excerpt":{"rendered":"<p>01. Entr\u00e9 02. Hj\u00e4rtats rop 03. Jag vill leva i Europa 04. Snurra min jord 05. J\u00e4rnv\u00e4gsr\u00e4ls 06. Jag vill ha dig 07. Har du h\u00f6rt hans namn? 08. N\u00e4rsomhelst 09. Jag f\u00f6ljer r\u00e4lsen<!-- AddThis Advanced Settings generic via filter on wp_trim_excerpt --><!-- AddThis Share Buttons generic via filter on wp_trim_excerpt --><\/p>\n","protected":false},"featured_media":1872,"template":"","meta":{"_acf_changed":false,"_monsterinsights_skip_tracking":false,"_monsterinsights_sitenote_active":false,"_monsterinsights_sitenote_note":"","_monsterinsights_sitenote_category":0},"product_brand":[],"product_cat":[176],"product_tag":[215],"class_list":{"0":"post-1882","1":"product","2":"type-product","3":"status-publish","4":"has-post-thumbnail","6":"product_cat-jan-hammarlund-en","7":"product_tag-digital","9":"first","10":"outofstock","11":"taxable","12":"shipping-taxable","13":"product-type-simple"},"acf":[],"_links":{"self":[{"href":"https:\/\/silence.se\/en\/wp-json\/wp\/v2\/product\/1882","targetHints":{"allow":["GET"]}}],"collection":[{"href":"https:\/\/silence.se\/en\/wp-json\/wp\/v2\/product"}],"about":[{"href":"https:\/\/silence.se\/en\/wp-json\/wp\/v2\/types\/product"}],"wp:featuredmedia":[{"embeddable":true,"href":"https:\/\/silence.se\/en\/wp-json\/wp\/v2\/media\/1872"}],"wp:attachment":[{"href":"https:\/\/silence.se\/en\/wp-json\/wp\/v2\/media?parent=1882"}],"wp:term":[{"taxonomy":"product_brand","embeddable":true,"href":"https:\/\/silence.se\/en\/wp-json\/wp\/v2\/product_brand?post=1882"},{"taxonomy":"product_cat","embeddable":true,"href":"https:\/\/silence.se\/en\/wp-json\/wp\/v2\/product_cat?post=1882"},{"taxonomy":"product_tag","embeddable":true,"href":"https:\/\/silence.se\/en\/wp-json\/wp\/v2\/product_tag?post=1882"}],"curies":[{"name":"wp","href":"https:\/\/api.w.org\/{rel}","templated":true}]}}