{"id":1879,"date":"2013-11-21T17:24:41","date_gmt":"2013-11-21T16:24:41","guid":{"rendered":"http:\/\/silence.se.hemsida.eu\/shop\/okategoriserat\/vi-kan-leva-utan-karnkraft-2\/"},"modified":"2013-12-07T23:58:51","modified_gmt":"2013-12-07T22:58:51","slug":"vi-kan-leva-utan-karnkraft","status":"publish","type":"product","link":"https:\/\/silence.se\/en\/shop\/compilation\/vi-kan-leva-utan-karnkraft\/","title":{"rendered":"Vi kan leva utan k\u00e4rnkraft"},"content":{"rendered":"<p>01. Det l\u00f6ser sig &#8211; Nynningen<br \/>\n02. Stoppa all atomkraft &#8211; Roland von Malmberg<br \/>\n03. Solens visa &#8211; Turid<br \/>\n04. K\u00e4rnkraft &#8211; R\u00f8de Mor<br \/>\n05. H\u00f6genergi eller l\u00e5genergi &#8211; Bernt Staf och Bj\u00f6rn J:Son Lindh<br \/>\n06. Kapitalets b\u00f6n &#8211; Tore Berger<br \/>\n07. Marianne &#8211; Thomas Wiehe och Turid<br \/>\n08. Forts\u00e4ttning f\u00f6ljer &#8211; Thomas Tidholm<br \/>\n09. R\u00f6ster i vinden &#8211; Elektriska Linden<\/p>\n<!-- AddThis Advanced Settings generic via filter on the_content --><!-- AddThis Share Buttons generic via filter on the_content -->","protected":false},"excerpt":{"rendered":"<p>01. Det l\u00f6ser sig &#8211; Nynningen 02. Stoppa all atomkraft &#8211; Roland von Malmberg 03. Solens visa &#8211; Turid 04. K\u00e4rnkraft &#8211; R\u00f8de Mor 05. H\u00f6genergi eller l\u00e5genergi &#8211; Bernt Staf och Bj\u00f6rn J:Son Lindh 06. Kapitalets b\u00f6n &#8211; Tore&#8230; <span class=\"readmore\"><a href=\"https:\/\/silence.se\/en\/shop\/compilation\/vi-kan-leva-utan-karnkraft\/\">Read more<\/a><\/span><!-- AddThis Advanced Settings generic via filter on wp_trim_excerpt --><!-- AddThis Share Buttons generic via filter on wp_trim_excerpt --><\/p>\n","protected":false},"featured_media":1878,"template":"","meta":{"_acf_changed":false,"_monsterinsights_skip_tracking":false,"_monsterinsights_sitenote_active":false,"_monsterinsights_sitenote_note":"","_monsterinsights_sitenote_category":0},"product_brand":[],"product_cat":[203],"product_tag":[215],"class_list":{"0":"post-1879","1":"product","2":"type-product","3":"status-publish","4":"has-post-thumbnail","6":"product_cat-compilation","7":"product_tag-digital","9":"first","10":"outofstock","11":"taxable","12":"shipping-taxable","13":"product-type-simple"},"acf":[],"_links":{"self":[{"href":"https:\/\/silence.se\/en\/wp-json\/wp\/v2\/product\/1879","targetHints":{"allow":["GET"]}}],"collection":[{"href":"https:\/\/silence.se\/en\/wp-json\/wp\/v2\/product"}],"about":[{"href":"https:\/\/silence.se\/en\/wp-json\/wp\/v2\/types\/product"}],"wp:featuredmedia":[{"embeddable":true,"href":"https:\/\/silence.se\/en\/wp-json\/wp\/v2\/media\/1878"}],"wp:attachment":[{"href":"https:\/\/silence.se\/en\/wp-json\/wp\/v2\/media?parent=1879"}],"wp:term":[{"taxonomy":"product_brand","embeddable":true,"href":"https:\/\/silence.se\/en\/wp-json\/wp\/v2\/product_brand?post=1879"},{"taxonomy":"product_cat","embeddable":true,"href":"https:\/\/silence.se\/en\/wp-json\/wp\/v2\/product_cat?post=1879"},{"taxonomy":"product_tag","embeddable":true,"href":"https:\/\/silence.se\/en\/wp-json\/wp\/v2\/product_tag?post=1879"}],"curies":[{"name":"wp","href":"https:\/\/api.w.org\/{rel}","templated":true}]}}