{"id":1861,"date":"2013-11-21T16:14:17","date_gmt":"2013-11-21T15:14:17","guid":{"rendered":"http:\/\/silence.se.hemsida.eu\/shop\/okategoriserat\/kvinna-eller-man-2\/"},"modified":"2013-12-07T23:59:26","modified_gmt":"2013-12-07T22:59:26","slug":"kvinna-eller-man","status":"publish","type":"product","link":"https:\/\/silence.se\/en\/shop\/robert-broberg-en\/kvinna-eller-man\/","title":{"rendered":"Kvinna eller Man"},"content":{"rendered":"<p>01. Jag har aldrig varit lyckligare \u00e4n nu<br \/>\n02. Du tror bergis jag \u00e4lskar dig<br \/>\n03. Vi vet ingenting om varann<br \/>\n04. N\u00e4r du inte kan g\u00e5 tillbaka<br \/>\n05. Gr\u00e5ten \u00e4r en omv\u00e4nd gl\u00e4dje<br \/>\n06. Vatten &#8211; Stan \u00e4r full av vatten<br \/>\n07. L\u00e5t mig v\u00e4rma din frusna sj\u00e4l<br \/>\n08. \u00c4r man kvinna eller man<br \/>\n09. Don&#8217;t lean out your Head!<br \/>\n10. Tom Top<\/p>\n<!-- AddThis Advanced Settings generic via filter on the_content --><!-- AddThis Share Buttons generic via filter on the_content -->","protected":false},"excerpt":{"rendered":"<p>01. Jag har aldrig varit lyckligare \u00e4n nu 02. Du tror bergis jag \u00e4lskar dig 03. Vi vet ingenting om varann 04. N\u00e4r du inte kan g\u00e5 tillbaka 05. Gr\u00e5ten \u00e4r en omv\u00e4nd gl\u00e4dje 06. Vatten &#8211; Stan \u00e4r full&#8230; <span class=\"readmore\"><a href=\"https:\/\/silence.se\/en\/shop\/robert-broberg-en\/kvinna-eller-man\/\">Read more<\/a><\/span><!-- AddThis Advanced Settings generic via filter on wp_trim_excerpt --><!-- AddThis Share Buttons generic via filter on wp_trim_excerpt --><\/p>\n","protected":false},"featured_media":1864,"template":"","meta":{"_acf_changed":false,"_monsterinsights_skip_tracking":false,"_monsterinsights_sitenote_active":false,"_monsterinsights_sitenote_note":"","_monsterinsights_sitenote_category":0},"product_brand":[],"product_cat":[201],"product_tag":[215],"class_list":{"0":"post-1861","1":"product","2":"type-product","3":"status-publish","4":"has-post-thumbnail","6":"product_cat-robert-broberg-en","7":"product_tag-digital","9":"first","10":"outofstock","11":"taxable","12":"shipping-taxable","13":"product-type-simple"},"acf":[],"_links":{"self":[{"href":"https:\/\/silence.se\/en\/wp-json\/wp\/v2\/product\/1861","targetHints":{"allow":["GET"]}}],"collection":[{"href":"https:\/\/silence.se\/en\/wp-json\/wp\/v2\/product"}],"about":[{"href":"https:\/\/silence.se\/en\/wp-json\/wp\/v2\/types\/product"}],"wp:featuredmedia":[{"embeddable":true,"href":"https:\/\/silence.se\/en\/wp-json\/wp\/v2\/media\/1864"}],"wp:attachment":[{"href":"https:\/\/silence.se\/en\/wp-json\/wp\/v2\/media?parent=1861"}],"wp:term":[{"taxonomy":"product_brand","embeddable":true,"href":"https:\/\/silence.se\/en\/wp-json\/wp\/v2\/product_brand?post=1861"},{"taxonomy":"product_cat","embeddable":true,"href":"https:\/\/silence.se\/en\/wp-json\/wp\/v2\/product_cat?post=1861"},{"taxonomy":"product_tag","embeddable":true,"href":"https:\/\/silence.se\/en\/wp-json\/wp\/v2\/product_tag?post=1861"}],"curies":[{"name":"wp","href":"https:\/\/api.w.org\/{rel}","templated":true}]}}