{"id":1741,"date":"2013-11-19T12:41:30","date_gmt":"2013-11-19T11:41:30","guid":{"rendered":"http:\/\/silence.se.hemsida.eu\/shop\/okategoriserat\/springlekar-och-ganglatar-2\/"},"modified":"2013-11-28T14:42:25","modified_gmt":"2013-11-28T13:42:25","slug":"springlekar-och-ganglatar","status":"publish","type":"product","link":"https:\/\/silence.se\/en\/shop\/kenny-hakansson-en-2\/springlekar-och-ganglatar\/","title":{"rendered":"Springlekar och g\u00e5ngl\u00e5tar"},"content":{"rendered":"<p>Guitarist from Kebnekajse made this record when the group had a long break. He continued developing the sound of the Swedish folk music by making this recording at home, making a wall of sound. Heavy folk rock.<br \/>\nOnly downloads or streaming.<\/p>\n<p>01 G\u00e5ngl\u00e5t<br \/>\n02 Springlek<br \/>\n03 Marsch fr\u00e5n Lima<br \/>\n04 Halling<br \/>\n05 Marsch fr\u00e5n Munga<br \/>\n06 Springlek efter Lejsme Per<br \/>\n07 Pellikvalsen &#8211; efter Lejsme Per<br \/>\n08 Trettondagsmarschen<br \/>\n09 G\u00e5ngl\u00e5t fr\u00e5n \u00c4ppelbo<br \/>\n10 Springlek &#8211; R\u00e4ven raskar&#8230;<\/p>\n<!-- AddThis Advanced Settings generic via filter on the_content --><!-- AddThis Share Buttons generic via filter on the_content -->","protected":false},"excerpt":{"rendered":"<p>Guitarist from Kebnekajse made this record when the group had a long break. He continued developing the sound of the Swedish folk music by making this recording at home, making a wall of sound. Heavy folk rock. Only downloads or&#8230; <span class=\"readmore\"><a href=\"https:\/\/silence.se\/en\/shop\/kenny-hakansson-en-2\/springlekar-och-ganglatar\/\">Read more<\/a><\/span><!-- AddThis Advanced Settings generic via filter on wp_trim_excerpt --><!-- AddThis Share Buttons generic via filter on wp_trim_excerpt --><\/p>\n","protected":false},"featured_media":1740,"template":"","meta":{"_acf_changed":false,"_monsterinsights_skip_tracking":false,"_monsterinsights_sitenote_active":false,"_monsterinsights_sitenote_note":"","_monsterinsights_sitenote_category":0},"product_brand":[],"product_cat":[184],"product_tag":[16],"class_list":{"0":"post-1741","1":"product","2":"type-product","3":"status-publish","4":"has-post-thumbnail","6":"product_cat-kenny-hakansson-en-2","7":"product_tag-cd-en","9":"first","10":"outofstock","11":"taxable","12":"shipping-taxable","13":"product-type-simple"},"acf":[],"_links":{"self":[{"href":"https:\/\/silence.se\/en\/wp-json\/wp\/v2\/product\/1741","targetHints":{"allow":["GET"]}}],"collection":[{"href":"https:\/\/silence.se\/en\/wp-json\/wp\/v2\/product"}],"about":[{"href":"https:\/\/silence.se\/en\/wp-json\/wp\/v2\/types\/product"}],"wp:featuredmedia":[{"embeddable":true,"href":"https:\/\/silence.se\/en\/wp-json\/wp\/v2\/media\/1740"}],"wp:attachment":[{"href":"https:\/\/silence.se\/en\/wp-json\/wp\/v2\/media?parent=1741"}],"wp:term":[{"taxonomy":"product_brand","embeddable":true,"href":"https:\/\/silence.se\/en\/wp-json\/wp\/v2\/product_brand?post=1741"},{"taxonomy":"product_cat","embeddable":true,"href":"https:\/\/silence.se\/en\/wp-json\/wp\/v2\/product_cat?post=1741"},{"taxonomy":"product_tag","embeddable":true,"href":"https:\/\/silence.se\/en\/wp-json\/wp\/v2\/product_tag?post=1741"}],"curies":[{"name":"wp","href":"https:\/\/api.w.org\/{rel}","templated":true}]}}