{"id":1722,"date":"2013-11-18T17:21:07","date_gmt":"2013-11-18T16:21:07","guid":{"rendered":"http:\/\/silence.se.hemsida.eu\/shop\/okategoriserat\/nu-ar-det-val-revolution-pa-gang-2\/"},"modified":"2019-07-09T14:44:01","modified_gmt":"2019-07-09T12:44:01","slug":"nu-ar-det-val-revolution-pa-gang","status":"publish","type":"product","link":"https:\/\/silence.se\/en\/shop\/bob-hund-en\/nu-ar-det-val-revolution-pa-gang\/","title":{"rendered":"Nu \u00e4r det v\u00e4l revolution p\u00e5 g\u00e5ng?"},"content":{"rendered":"<p>1. Nu \u00e4r det v\u00e4l revolution p\u00e5 g\u00e5ng?<br \/>\n2. Jag tror jag \u00e4r k\u00e4r<\/p>\n<!-- AddThis Advanced Settings generic via filter on the_content --><!-- AddThis Share Buttons generic via filter on the_content -->","protected":false},"excerpt":{"rendered":"<p>1. Nu \u00e4r det v\u00e4l revolution p\u00e5 g\u00e5ng? 2. Jag tror jag \u00e4r k\u00e4r<!-- AddThis Advanced Settings generic via filter on wp_trim_excerpt --><!-- AddThis Share Buttons generic via filter on wp_trim_excerpt --><\/p>\n","protected":false},"featured_media":1110,"template":"","meta":{"_acf_changed":false,"_monsterinsights_skip_tracking":false,"_monsterinsights_sitenote_active":false,"_monsterinsights_sitenote_note":"","_monsterinsights_sitenote_category":0},"product_brand":[],"product_cat":[86],"product_tag":[58],"class_list":{"0":"post-1722","1":"product","2":"type-product","3":"status-publish","4":"has-post-thumbnail","6":"product_cat-bob-hund-en","7":"product_tag-cd-single","9":"first","10":"outofstock","11":"taxable","12":"shipping-taxable","13":"product-type-simple"},"acf":[],"_links":{"self":[{"href":"https:\/\/silence.se\/en\/wp-json\/wp\/v2\/product\/1722","targetHints":{"allow":["GET"]}}],"collection":[{"href":"https:\/\/silence.se\/en\/wp-json\/wp\/v2\/product"}],"about":[{"href":"https:\/\/silence.se\/en\/wp-json\/wp\/v2\/types\/product"}],"wp:featuredmedia":[{"embeddable":true,"href":"https:\/\/silence.se\/en\/wp-json\/wp\/v2\/media\/1110"}],"wp:attachment":[{"href":"https:\/\/silence.se\/en\/wp-json\/wp\/v2\/media?parent=1722"}],"wp:term":[{"taxonomy":"product_brand","embeddable":true,"href":"https:\/\/silence.se\/en\/wp-json\/wp\/v2\/product_brand?post=1722"},{"taxonomy":"product_cat","embeddable":true,"href":"https:\/\/silence.se\/en\/wp-json\/wp\/v2\/product_cat?post=1722"},{"taxonomy":"product_tag","embeddable":true,"href":"https:\/\/silence.se\/en\/wp-json\/wp\/v2\/product_tag?post=1722"}],"curies":[{"name":"wp","href":"https:\/\/api.w.org\/{rel}","templated":true}]}}