{"id":1718,"date":"2013-11-18T17:03:27","date_gmt":"2013-11-18T16:03:27","guid":{"rendered":"http:\/\/silence.se.hemsida.eu\/shop\/okategoriserat\/istallet-for-musik-forvirring-2\/"},"modified":"2022-12-27T22:31:23","modified_gmt":"2022-12-27T21:31:23","slug":"istallet-for-musik-forvirring","status":"publish","type":"product","link":"https:\/\/silence.se\/en\/shop\/bob-hund-en\/istallet-for-musik-forvirring\/","title":{"rendered":"Ist\u00e4llet f\u00f6r musik: F\u00f6rvirring"},"content":{"rendered":"<p>1.Ist\u00e4llet f\u00f6r musik: F\u00f6rvirring<br \/>\n2.Dubbel tvekan<br \/>\n3.Plankton<br \/>\n4.Min trampolin<\/p>\n<!-- AddThis Advanced Settings generic via filter on the_content --><!-- AddThis Share Buttons generic via filter on the_content -->","protected":false},"excerpt":{"rendered":"<p>1.Ist\u00e4llet f\u00f6r musik: F\u00f6rvirring 2.Dubbel tvekan 3.Plankton 4.Min trampolin<!-- AddThis Advanced Settings generic via filter on wp_trim_excerpt --><!-- AddThis Share Buttons generic via filter on wp_trim_excerpt --><\/p>\n","protected":false},"featured_media":1102,"template":"","meta":{"_acf_changed":false,"_monsterinsights_skip_tracking":false,"_monsterinsights_sitenote_active":false,"_monsterinsights_sitenote_note":"","_monsterinsights_sitenote_category":0},"product_brand":[],"product_cat":[86],"product_tag":[29],"class_list":{"0":"post-1718","1":"product","2":"type-product","3":"status-publish","4":"has-post-thumbnail","6":"product_cat-bob-hund-en","7":"product_tag-cd-ep-en","9":"first","10":"outofstock","11":"taxable","12":"shipping-taxable","13":"product-type-simple"},"acf":[],"_links":{"self":[{"href":"https:\/\/silence.se\/en\/wp-json\/wp\/v2\/product\/1718","targetHints":{"allow":["GET"]}}],"collection":[{"href":"https:\/\/silence.se\/en\/wp-json\/wp\/v2\/product"}],"about":[{"href":"https:\/\/silence.se\/en\/wp-json\/wp\/v2\/types\/product"}],"wp:featuredmedia":[{"embeddable":true,"href":"https:\/\/silence.se\/en\/wp-json\/wp\/v2\/media\/1102"}],"wp:attachment":[{"href":"https:\/\/silence.se\/en\/wp-json\/wp\/v2\/media?parent=1718"}],"wp:term":[{"taxonomy":"product_brand","embeddable":true,"href":"https:\/\/silence.se\/en\/wp-json\/wp\/v2\/product_brand?post=1718"},{"taxonomy":"product_cat","embeddable":true,"href":"https:\/\/silence.se\/en\/wp-json\/wp\/v2\/product_cat?post=1718"},{"taxonomy":"product_tag","embeddable":true,"href":"https:\/\/silence.se\/en\/wp-json\/wp\/v2\/product_tag?post=1718"}],"curies":[{"name":"wp","href":"https:\/\/api.w.org\/{rel}","templated":true}]}}