{"id":1656,"date":"2013-11-16T13:38:14","date_gmt":"2013-11-16T12:38:14","guid":{"rendered":"http:\/\/silence.se.hemsida.eu\/shop\/okategoriserat\/maltid-2\/"},"modified":"2025-12-02T17:45:10","modified_gmt":"2025-12-02T16:45:10","slug":"maltid","status":"publish","type":"product","link":"https:\/\/silence.se\/en\/shop\/samla-mammas-manna-en\/maltid\/","title":{"rendered":"M\u00e5ltid"},"content":{"rendered":"<p>Samla Mammas Mannas livekonserter utvecklades s\u00e5 sm\u00e5ningom till n\u00e5got i en klass f\u00f6r sig och de kunde f\u00e5 publiken att g\u00f6ra n\u00e4stan vad de ville. Denna andra platta \u00e4r livligare \u00e4n den f\u00f6rsta, kanske som en f\u00f6ljd av de vilda konserterna. Denna CD inneh\u00e5ller bonussp\u00e5r \u00e4nda fr\u00e5n 1970.<\/p>\n<p>01. Dundrets fr\u00f6jder<br \/>\n02. Of\u00f6rutsedd f\u00f6rlossning<br \/>\n03. Den \u00e5terupplivade l\u00e5ten<br \/>\n04. Folkvisa i morse<br \/>\n05. Syster System<br \/>\n06. T\u00e4rningen<br \/>\n07. Svackorpo\u00e4ngen<br \/>\n08. Minareten<br \/>\n09. Vaerelsets tilbud<br \/>\n10. Minareten II (bonus)<br \/>\n11. Circus Apparatha (bonus)<br \/>\n12. Probably the probably (bonus)<\/p>\n<!-- AddThis Advanced Settings generic via filter on the_content --><!-- AddThis Share Buttons generic via filter on the_content -->","protected":false},"excerpt":{"rendered":"<p>Samla Mammas Mannas livekonserter utvecklades s\u00e5 sm\u00e5ningom till n\u00e5got i en klass f\u00f6r sig och de kunde f\u00e5 publiken att g\u00f6ra n\u00e4stan vad de ville. Denna andra platta \u00e4r livligare \u00e4n den f\u00f6rsta, kanske som en f\u00f6ljd av de vilda&#8230; <span class=\"readmore\"><a href=\"https:\/\/silence.se\/en\/shop\/samla-mammas-manna-en\/maltid\/\">Read more<\/a><\/span><!-- AddThis Advanced Settings generic via filter on wp_trim_excerpt --><!-- AddThis Share Buttons generic via filter on wp_trim_excerpt --><\/p>\n","protected":false},"featured_media":913,"template":"","meta":{"_acf_changed":false,"_monsterinsights_skip_tracking":false,"_monsterinsights_sitenote_active":false,"_monsterinsights_sitenote_note":"","_monsterinsights_sitenote_category":0},"product_brand":[],"product_cat":[149],"product_tag":[16],"class_list":{"0":"post-1656","1":"product","2":"type-product","3":"status-publish","4":"has-post-thumbnail","6":"product_cat-samla-mammas-manna-en","7":"product_tag-cd-en","9":"first","10":"outofstock","11":"taxable","12":"shipping-taxable","13":"product-type-simple"},"acf":[],"_links":{"self":[{"href":"https:\/\/silence.se\/en\/wp-json\/wp\/v2\/product\/1656","targetHints":{"allow":["GET"]}}],"collection":[{"href":"https:\/\/silence.se\/en\/wp-json\/wp\/v2\/product"}],"about":[{"href":"https:\/\/silence.se\/en\/wp-json\/wp\/v2\/types\/product"}],"wp:featuredmedia":[{"embeddable":true,"href":"https:\/\/silence.se\/en\/wp-json\/wp\/v2\/media\/913"}],"wp:attachment":[{"href":"https:\/\/silence.se\/en\/wp-json\/wp\/v2\/media?parent=1656"}],"wp:term":[{"taxonomy":"product_brand","embeddable":true,"href":"https:\/\/silence.se\/en\/wp-json\/wp\/v2\/product_brand?post=1656"},{"taxonomy":"product_cat","embeddable":true,"href":"https:\/\/silence.se\/en\/wp-json\/wp\/v2\/product_cat?post=1656"},{"taxonomy":"product_tag","embeddable":true,"href":"https:\/\/silence.se\/en\/wp-json\/wp\/v2\/product_tag?post=1656"}],"curies":[{"name":"wp","href":"https:\/\/api.w.org\/{rel}","templated":true}]}}