{"id":1650,"date":"2013-11-16T13:03:02","date_gmt":"2013-11-16T12:03:02","guid":{"rendered":"http:\/\/silence.se.hemsida.eu\/shop\/okategoriserat\/fjarilar-i-magen-2\/"},"modified":"2013-12-08T00:01:13","modified_gmt":"2013-12-07T23:01:13","slug":"fjarilar-i-magen","status":"publish","type":"product","link":"https:\/\/silence.se\/en\/shop\/ragnarok-en\/fjarilar-i-magen\/","title":{"rendered":"Fj\u00e4rilar i magen"},"content":{"rendered":"<p>1.Adrenalin<br \/>\n2.F\u00f6rsta \u00f6n<br \/>\n3.\u00d6sten \u00e4r r\u00f6d<br \/>\n4.Var glad var dag!<br \/>\n5.Bl\u00e5molnsfolket<br \/>\n6.Brushanespel<br \/>\n7.Vattenytor\t<\/p>\n<!-- AddThis Advanced Settings generic via filter on the_content --><!-- AddThis Share Buttons generic via filter on the_content -->","protected":false},"excerpt":{"rendered":"<p>1.Adrenalin 2.F\u00f6rsta \u00f6n 3.\u00d6sten \u00e4r r\u00f6d 4.Var glad var dag! 5.Bl\u00e5molnsfolket 6.Brushanespel 7.Vattenytor<!-- AddThis Advanced Settings generic via filter on wp_trim_excerpt --><!-- AddThis Share Buttons generic via filter on wp_trim_excerpt --><\/p>\n","protected":false},"featured_media":1649,"template":"","meta":{"_acf_changed":false,"_monsterinsights_skip_tracking":false,"_monsterinsights_sitenote_active":false,"_monsterinsights_sitenote_note":"","_monsterinsights_sitenote_category":0},"product_brand":[],"product_cat":[147],"product_tag":[215],"class_list":{"0":"post-1650","1":"product","2":"type-product","3":"status-publish","4":"has-post-thumbnail","6":"product_cat-ragnarok-en","7":"product_tag-digital","9":"first","10":"outofstock","11":"taxable","12":"shipping-taxable","13":"product-type-simple"},"acf":[],"_links":{"self":[{"href":"https:\/\/silence.se\/en\/wp-json\/wp\/v2\/product\/1650","targetHints":{"allow":["GET"]}}],"collection":[{"href":"https:\/\/silence.se\/en\/wp-json\/wp\/v2\/product"}],"about":[{"href":"https:\/\/silence.se\/en\/wp-json\/wp\/v2\/types\/product"}],"wp:featuredmedia":[{"embeddable":true,"href":"https:\/\/silence.se\/en\/wp-json\/wp\/v2\/media\/1649"}],"wp:attachment":[{"href":"https:\/\/silence.se\/en\/wp-json\/wp\/v2\/media?parent=1650"}],"wp:term":[{"taxonomy":"product_brand","embeddable":true,"href":"https:\/\/silence.se\/en\/wp-json\/wp\/v2\/product_brand?post=1650"},{"taxonomy":"product_cat","embeddable":true,"href":"https:\/\/silence.se\/en\/wp-json\/wp\/v2\/product_cat?post=1650"},{"taxonomy":"product_tag","embeddable":true,"href":"https:\/\/silence.se\/en\/wp-json\/wp\/v2\/product_tag?post=1650"}],"curies":[{"name":"wp","href":"https:\/\/api.w.org\/{rel}","templated":true}]}}