{"id":1643,"date":"2013-11-15T18:17:27","date_gmt":"2013-11-15T17:17:27","guid":{"rendered":"http:\/\/silence.se.hemsida.eu\/shop\/okategoriserat\/helgen-v-48-2\/"},"modified":"2013-12-06T18:26:04","modified_gmt":"2013-12-06T17:26:04","slug":"helgen-v-48","status":"publish","type":"product","link":"https:\/\/silence.se\/en\/shop\/bob-hund-en\/helgen-v-48\/","title":{"rendered":"Helgen v. 48"},"content":{"rendered":"<p>1. Helgen v. 48<br \/>\n2. Sedel eller tyg<br \/>\n3. Reinkarnerad exakt som f\u00f6rut (N.P. M\u00f6ller mix-96)<br \/>\n4. I st\u00e4llet f\u00f6r musik f\u00f6rvirring (i replokalen -95)<\/p>\n<!-- AddThis Advanced Settings generic via filter on the_content --><!-- AddThis Share Buttons generic via filter on the_content -->","protected":false},"excerpt":{"rendered":"<p>1. Helgen v. 48 2. Sedel eller tyg 3. Reinkarnerad exakt som f\u00f6rut (N.P. M\u00f6ller mix-96) 4. I st\u00e4llet f\u00f6r musik f\u00f6rvirring (i replokalen -95)<!-- AddThis Advanced Settings generic via filter on wp_trim_excerpt --><!-- AddThis Share Buttons generic via filter on wp_trim_excerpt --><\/p>\n","protected":false},"featured_media":1625,"template":"","meta":{"_acf_changed":false,"_monsterinsights_skip_tracking":false,"_monsterinsights_sitenote_active":false,"_monsterinsights_sitenote_note":"","_monsterinsights_sitenote_category":0},"product_brand":[],"product_cat":[86],"product_tag":[58],"class_list":{"0":"post-1643","1":"product","2":"type-product","3":"status-publish","4":"has-post-thumbnail","6":"product_cat-bob-hund-en","7":"product_tag-cd-single","9":"first","10":"outofstock","11":"taxable","12":"shipping-taxable","13":"product-type-simple"},"acf":[],"_links":{"self":[{"href":"https:\/\/silence.se\/en\/wp-json\/wp\/v2\/product\/1643","targetHints":{"allow":["GET"]}}],"collection":[{"href":"https:\/\/silence.se\/en\/wp-json\/wp\/v2\/product"}],"about":[{"href":"https:\/\/silence.se\/en\/wp-json\/wp\/v2\/types\/product"}],"wp:featuredmedia":[{"embeddable":true,"href":"https:\/\/silence.se\/en\/wp-json\/wp\/v2\/media\/1625"}],"wp:attachment":[{"href":"https:\/\/silence.se\/en\/wp-json\/wp\/v2\/media?parent=1643"}],"wp:term":[{"taxonomy":"product_brand","embeddable":true,"href":"https:\/\/silence.se\/en\/wp-json\/wp\/v2\/product_brand?post=1643"},{"taxonomy":"product_cat","embeddable":true,"href":"https:\/\/silence.se\/en\/wp-json\/wp\/v2\/product_cat?post=1643"},{"taxonomy":"product_tag","embeddable":true,"href":"https:\/\/silence.se\/en\/wp-json\/wp\/v2\/product_tag?post=1643"}],"curies":[{"name":"wp","href":"https:\/\/api.w.org\/{rel}","templated":true}]}}