{"id":1611,"date":"2013-11-15T17:04:52","date_gmt":"2013-11-15T16:04:52","guid":{"rendered":"http:\/\/silence.se.hemsida.eu\/shop\/okategoriserat\/utsalt-2\/"},"modified":"2013-12-08T00:02:17","modified_gmt":"2013-12-07T23:02:17","slug":"utsalt","status":"publish","type":"product","link":"https:\/\/silence.se\/en\/shop\/traste-lindens-kvintett-en-2\/utsalt\/","title":{"rendered":"Uts\u00e5lt"},"content":{"rendered":"<p>1. Stans Vaktparad<br \/>\n2. Spegeln<br \/>\n3. Tom perrong<br \/>\n4. Jag klarar mig sj\u00e4lv<br \/>\n5. Lycklig man<br \/>\n6. Att kalla det k\u00e4rlek<br \/>\n7. F\u00f6rhoppning<br \/>\n8. Sjuk av saknad<br \/>\n9. Ett f\u00e4rgfotografi<br \/>\n10 N\u00e4r solen har g\u00e5tt ner<br \/>\n11 Hon kommer tillbaks<br \/>\n12 Svenska Flaggans Dag<br \/>\n13 Nederlag<br \/>\n14 Jag s\u00e5g ett ljus<br \/>\n15 Jag ska bli konstn\u00e4r<br \/>\n16 %&amp;\u00a4=)<\/p>\n<!-- AddThis Advanced Settings generic via filter on the_content --><!-- AddThis Share Buttons generic via filter on the_content -->","protected":false},"excerpt":{"rendered":"<p>1. Stans Vaktparad 2. Spegeln 3. Tom perrong 4. Jag klarar mig sj\u00e4lv 5. Lycklig man 6. Att kalla det k\u00e4rlek 7. F\u00f6rhoppning 8. Sjuk av saknad 9. Ett f\u00e4rgfotografi 10 N\u00e4r solen har g\u00e5tt ner 11 Hon kommer tillbaks&#8230; <span class=\"readmore\"><a href=\"https:\/\/silence.se\/en\/shop\/traste-lindens-kvintett-en-2\/utsalt\/\">Read more<\/a><\/span><!-- AddThis Advanced Settings generic via filter on wp_trim_excerpt --><!-- AddThis Share Buttons generic via filter on wp_trim_excerpt --><\/p>\n","protected":false},"featured_media":919,"template":"","meta":{"_acf_changed":false,"_monsterinsights_skip_tracking":false,"_monsterinsights_sitenote_active":false,"_monsterinsights_sitenote_note":"","_monsterinsights_sitenote_category":0},"product_brand":[],"product_cat":[193],"product_tag":[16],"class_list":{"0":"post-1611","1":"product","2":"type-product","3":"status-publish","4":"has-post-thumbnail","6":"product_cat-traste-lindens-kvintett-en-2","7":"product_tag-cd-en","9":"first","10":"outofstock","11":"taxable","12":"shipping-taxable","13":"product-type-simple"},"acf":[],"_links":{"self":[{"href":"https:\/\/silence.se\/en\/wp-json\/wp\/v2\/product\/1611","targetHints":{"allow":["GET"]}}],"collection":[{"href":"https:\/\/silence.se\/en\/wp-json\/wp\/v2\/product"}],"about":[{"href":"https:\/\/silence.se\/en\/wp-json\/wp\/v2\/types\/product"}],"wp:featuredmedia":[{"embeddable":true,"href":"https:\/\/silence.se\/en\/wp-json\/wp\/v2\/media\/919"}],"wp:attachment":[{"href":"https:\/\/silence.se\/en\/wp-json\/wp\/v2\/media?parent=1611"}],"wp:term":[{"taxonomy":"product_brand","embeddable":true,"href":"https:\/\/silence.se\/en\/wp-json\/wp\/v2\/product_brand?post=1611"},{"taxonomy":"product_cat","embeddable":true,"href":"https:\/\/silence.se\/en\/wp-json\/wp\/v2\/product_cat?post=1611"},{"taxonomy":"product_tag","embeddable":true,"href":"https:\/\/silence.se\/en\/wp-json\/wp\/v2\/product_tag?post=1611"}],"curies":[{"name":"wp","href":"https:\/\/api.w.org\/{rel}","templated":true}]}}