{"id":1609,"date":"2013-11-15T16:54:34","date_gmt":"2013-11-15T15:54:34","guid":{"rendered":"http:\/\/silence.se.hemsida.eu\/shop\/okategoriserat\/hugo-von-glesens-variete-2\/"},"modified":"2013-12-06T18:32:41","modified_gmt":"2013-12-06T17:32:41","slug":"hugo-von-glesens-variete","status":"publish","type":"product","link":"https:\/\/silence.se\/en\/shop\/carl-einar-hackner-en\/hugo-von-glesens-variete\/","title":{"rendered":"Hugo von Glesens Variet\u00e9"},"content":{"rendered":"<p>1. Prologen om gryningen<br \/>\n2. Hugo von Glesens Variet\u00e9<br \/>\n3. Gryning<br \/>\n4. Flickorna \u00e4r fina<br \/>\n5. Tjock Hellen<br \/>\n6. Tommy Twist Tommy Star<br \/>\n7. Pang Pang i Manegen<br \/>\n8. F\u00e5gelskr\u00e4mman<br \/>\n9. Konrad<br \/>\n10 Gatsten med ben<br \/>\n11 Clownen b\u00f6gar<br \/>\n12 Grand Finale<br \/>\n13 Epilog<\/p>\n<!-- AddThis Advanced Settings generic via filter on the_content --><!-- AddThis Share Buttons generic via filter on the_content -->","protected":false},"excerpt":{"rendered":"<p>1. Prologen om gryningen 2. Hugo von Glesens Variet\u00e9 3. Gryning 4. Flickorna \u00e4r fina 5. Tjock Hellen 6. Tommy Twist Tommy Star 7. Pang Pang i Manegen 8. F\u00e5gelskr\u00e4mman 9. Konrad 10 Gatsten med ben 11 Clownen b\u00f6gar 12&#8230; <span class=\"readmore\"><a href=\"https:\/\/silence.se\/en\/shop\/carl-einar-hackner-en\/hugo-von-glesens-variete\/\">Read more<\/a><\/span><!-- AddThis Advanced Settings generic via filter on wp_trim_excerpt --><!-- AddThis Share Buttons generic via filter on wp_trim_excerpt --><\/p>\n","protected":false},"featured_media":838,"template":"","meta":{"_acf_changed":false,"_monsterinsights_skip_tracking":false,"_monsterinsights_sitenote_active":false,"_monsterinsights_sitenote_note":"","_monsterinsights_sitenote_category":0},"product_brand":[],"product_cat":[116],"product_tag":[16],"class_list":{"0":"post-1609","1":"product","2":"type-product","3":"status-publish","4":"has-post-thumbnail","6":"product_cat-carl-einar-hackner-en","7":"product_tag-cd-en","9":"first","10":"outofstock","11":"taxable","12":"shipping-taxable","13":"product-type-simple"},"acf":[],"_links":{"self":[{"href":"https:\/\/silence.se\/en\/wp-json\/wp\/v2\/product\/1609","targetHints":{"allow":["GET"]}}],"collection":[{"href":"https:\/\/silence.se\/en\/wp-json\/wp\/v2\/product"}],"about":[{"href":"https:\/\/silence.se\/en\/wp-json\/wp\/v2\/types\/product"}],"wp:featuredmedia":[{"embeddable":true,"href":"https:\/\/silence.se\/en\/wp-json\/wp\/v2\/media\/838"}],"wp:attachment":[{"href":"https:\/\/silence.se\/en\/wp-json\/wp\/v2\/media?parent=1609"}],"wp:term":[{"taxonomy":"product_brand","embeddable":true,"href":"https:\/\/silence.se\/en\/wp-json\/wp\/v2\/product_brand?post=1609"},{"taxonomy":"product_cat","embeddable":true,"href":"https:\/\/silence.se\/en\/wp-json\/wp\/v2\/product_cat?post=1609"},{"taxonomy":"product_tag","embeddable":true,"href":"https:\/\/silence.se\/en\/wp-json\/wp\/v2\/product_tag?post=1609"}],"curies":[{"name":"wp","href":"https:\/\/api.w.org\/{rel}","templated":true}]}}