{"id":1598,"date":"2013-11-15T15:09:59","date_gmt":"2013-11-15T14:09:59","guid":{"rendered":"http:\/\/silence.se.hemsida.eu\/shop\/okategoriserat\/motet-med-flygfolket-2\/"},"modified":"2013-12-06T18:40:48","modified_gmt":"2013-12-06T17:40:48","slug":"motet-med-flygfolket","status":"publish","type":"product","link":"https:\/\/silence.se\/en\/shop\/fint-tillsammans-en\/motet-med-flygfolket\/","title":{"rendered":"M\u00f6tet med Flygfolket"},"content":{"rendered":"<p>01. Snart tar allting slut<br \/>\n02. Jag sov p\u00e5 en v\u00e5g<br \/>\n03. Tanken fl\u00f6g<br \/>\n04. Allt k\u00e4nns som ett sk\u00e4mt<br \/>\n05. Nu minns jag<br \/>\n06. S\u00e5 \u00e4r det med regnet (det v\u00e4ntar tills du har somnat om)<br \/>\n07. M\u00f6tet med flygfolket<br \/>\n08. H\u00e4r igen<br \/>\n09. Vi g\u00e5r p\u00e5 sank mark<br \/>\n10. S\u00e4mre saker<br \/>\n11. Emigranterna<\/p>\n<!-- AddThis Advanced Settings generic via filter on the_content --><!-- AddThis Share Buttons generic via filter on the_content -->","protected":false},"excerpt":{"rendered":"<p>01. Snart tar allting slut 02. Jag sov p\u00e5 en v\u00e5g 03. Tanken fl\u00f6g 04. Allt k\u00e4nns som ett sk\u00e4mt 05. Nu minns jag 06. S\u00e5 \u00e4r det med regnet (det v\u00e4ntar tills du har somnat om) 07. M\u00f6tet med&#8230; <span class=\"readmore\"><a href=\"https:\/\/silence.se\/en\/shop\/fint-tillsammans-en\/motet-med-flygfolket\/\">Read more<\/a><\/span><!-- AddThis Advanced Settings generic via filter on wp_trim_excerpt --><!-- AddThis Share Buttons generic via filter on wp_trim_excerpt --><\/p>\n","protected":false},"featured_media":839,"template":"","meta":{"_acf_changed":false,"_monsterinsights_skip_tracking":false,"_monsterinsights_sitenote_active":false,"_monsterinsights_sitenote_note":"","_monsterinsights_sitenote_category":0},"product_brand":[],"product_cat":[121],"product_tag":[16],"class_list":{"0":"post-1598","1":"product","2":"type-product","3":"status-publish","4":"has-post-thumbnail","6":"product_cat-fint-tillsammans-en","7":"product_tag-cd-en","9":"first","10":"outofstock","11":"taxable","12":"shipping-taxable","13":"product-type-simple"},"acf":[],"_links":{"self":[{"href":"https:\/\/silence.se\/en\/wp-json\/wp\/v2\/product\/1598","targetHints":{"allow":["GET"]}}],"collection":[{"href":"https:\/\/silence.se\/en\/wp-json\/wp\/v2\/product"}],"about":[{"href":"https:\/\/silence.se\/en\/wp-json\/wp\/v2\/types\/product"}],"wp:featuredmedia":[{"embeddable":true,"href":"https:\/\/silence.se\/en\/wp-json\/wp\/v2\/media\/839"}],"wp:attachment":[{"href":"https:\/\/silence.se\/en\/wp-json\/wp\/v2\/media?parent=1598"}],"wp:term":[{"taxonomy":"product_brand","embeddable":true,"href":"https:\/\/silence.se\/en\/wp-json\/wp\/v2\/product_brand?post=1598"},{"taxonomy":"product_cat","embeddable":true,"href":"https:\/\/silence.se\/en\/wp-json\/wp\/v2\/product_cat?post=1598"},{"taxonomy":"product_tag","embeddable":true,"href":"https:\/\/silence.se\/en\/wp-json\/wp\/v2\/product_tag?post=1598"}],"curies":[{"name":"wp","href":"https:\/\/api.w.org\/{rel}","templated":true}]}}