{"id":1580,"date":"2013-11-15T11:23:56","date_gmt":"2013-11-15T10:23:56","guid":{"rendered":"http:\/\/silence.se.hemsida.eu\/shop\/okategoriserat\/en-fortjusande-van-2\/"},"modified":"2014-01-12T17:10:30","modified_gmt":"2014-01-12T16:10:30","slug":"en-fortjusande-van","status":"publish","type":"product","link":"https:\/\/silence.se\/en\/shop\/camouflage-en-2\/en-fortjusande-van\/","title":{"rendered":"En f\u00f6rtjusande v\u00e4n"},"content":{"rendered":"<p>01 Min Amerikan<br \/>\n02 Mitt b\u00e4sta s\u00e4tt<br \/>\n03 Tvillingar<br \/>\n04 Toledo<br \/>\n05 Str\u00e4nder<br \/>\n06 Loss<br \/>\n07 S\u00e5 det h\u00e4r \u00e4r sommaren<br \/>\n08 Huste i m\u00f6rkret<br \/>\n09 Vi \u00e4r djur<br \/>\n10 De ensammas parad<\/p>\n<!-- AddThis Advanced Settings generic via filter on the_content --><!-- AddThis Share Buttons generic via filter on the_content -->","protected":false},"excerpt":{"rendered":"<p>01 Min Amerikan 02 Mitt b\u00e4sta s\u00e4tt 03 Tvillingar 04 Toledo 05 Str\u00e4nder 06 Loss 07 S\u00e5 det h\u00e4r \u00e4r sommaren 08 Huste i m\u00f6rkret 09 Vi \u00e4r djur 10 De ensammas parad<!-- AddThis Advanced Settings generic via filter on wp_trim_excerpt --><!-- AddThis Share Buttons generic via filter on wp_trim_excerpt --><\/p>\n","protected":false},"featured_media":1579,"template":"","meta":{"_acf_changed":false,"_monsterinsights_skip_tracking":false,"_monsterinsights_sitenote_active":false,"_monsterinsights_sitenote_note":"","_monsterinsights_sitenote_category":0},"product_brand":[],"product_cat":[187],"product_tag":[215],"class_list":{"0":"post-1580","1":"product","2":"type-product","3":"status-publish","4":"has-post-thumbnail","6":"product_cat-camouflage-en-2","7":"product_tag-digital","9":"first","10":"outofstock","11":"taxable","12":"shipping-taxable","13":"product-type-simple"},"acf":[],"_links":{"self":[{"href":"https:\/\/silence.se\/en\/wp-json\/wp\/v2\/product\/1580","targetHints":{"allow":["GET"]}}],"collection":[{"href":"https:\/\/silence.se\/en\/wp-json\/wp\/v2\/product"}],"about":[{"href":"https:\/\/silence.se\/en\/wp-json\/wp\/v2\/types\/product"}],"wp:featuredmedia":[{"embeddable":true,"href":"https:\/\/silence.se\/en\/wp-json\/wp\/v2\/media\/1579"}],"wp:attachment":[{"href":"https:\/\/silence.se\/en\/wp-json\/wp\/v2\/media?parent=1580"}],"wp:term":[{"taxonomy":"product_brand","embeddable":true,"href":"https:\/\/silence.se\/en\/wp-json\/wp\/v2\/product_brand?post=1580"},{"taxonomy":"product_cat","embeddable":true,"href":"https:\/\/silence.se\/en\/wp-json\/wp\/v2\/product_cat?post=1580"},{"taxonomy":"product_tag","embeddable":true,"href":"https:\/\/silence.se\/en\/wp-json\/wp\/v2\/product_tag?post=1580"}],"curies":[{"name":"wp","href":"https:\/\/api.w.org\/{rel}","templated":true}]}}